{"id":66762,"date":"2025-10-27T14:15:17","date_gmt":"2025-10-27T13:15:17","guid":{"rendered":"https:\/\/www.fleurop-home.ch\/de-ch\/?post_type=product&#038;p=66762"},"modified":"2025-12-01T10:02:49","modified_gmt":"2025-12-01T09:02:49","slug":"couronne-de-lavent-en-bois","status":"publish","type":"product","link":"https:\/\/www.fleurop-home.ch\/fr-ch\/p\/adventskranz-holz","title":{"rendered":"Couronne de l'Avent en bois"},"content":{"rendered":"<p>Elle est enfin arriv\u00e9e ! La couronne de l'Avent de Chr\u00fcterei. L'aspect moderne des bougies s'harmonise tr\u00e8s bien avec le bois fabriqu\u00e9 dans le propre village comme support. Chaque produit est unique. Le support en bois pr\u00e9sente des renfoncements dans lesquels nos bougies s'ins\u00e8rent parfaitement et ne glissent donc pas.<\/p>\n<p>Les bougies sont en cire de colza naturelle 100% avec un couvercle et une m\u00e8che en bois de cerisier provenant de la menuiserie de ton propre village.<\/p>\n<p>Les bougies peuvent \u00eatre command\u00e9es dans les parfums Cosy Home, Air de la for\u00eat et Citron embrass\u00e9 par le soleil !<\/p>\n<p>Avec cette couronne de l'Avent, l'attente de No\u00ebl va certainement augmenter !<\/p>","protected":false},"excerpt":{"rendered":"<p>Avec cette couronne de l'Avent, l'attente de No\u00ebl va certainement augmenter !<\/p>","protected":false},"featured_media":66766,"template":"","meta":[],"product_brand":[],"product_cat":[116,23,909,28,913],"product_tag":[313],"woo-feed-brand":[],"class_list":{"0":"post-66762","1":"product","2":"type-product","3":"status-publish","4":"has-post-thumbnail","6":"product_cat-spruchkerzen","7":"product_cat-home-living","8":"product_cat-weihnachten","9":"product_cat-kerzen-lichter","10":"product_cat-kraenze","11":"product_tag-chruterei-klg","13":"first","14":"instock","15":"taxable","16":"shipping-taxable","17":"purchasable","18":"product-type-variable","19":"has-default-attributes"},"_links":{"self":[{"href":"https:\/\/www.fleurop-home.ch\/fr-ch\/wp-json\/wp\/v2\/product\/66762","targetHints":{"allow":["GET"]}}],"collection":[{"href":"https:\/\/www.fleurop-home.ch\/fr-ch\/wp-json\/wp\/v2\/product"}],"about":[{"href":"https:\/\/www.fleurop-home.ch\/fr-ch\/wp-json\/wp\/v2\/types\/product"}],"wp:featuredmedia":[{"embeddable":true,"href":"https:\/\/www.fleurop-home.ch\/fr-ch\/wp-json\/wp\/v2\/media\/66766"}],"wp:attachment":[{"href":"https:\/\/www.fleurop-home.ch\/fr-ch\/wp-json\/wp\/v2\/media?parent=66762"}],"wp:term":[{"taxonomy":"product_brand","embeddable":true,"href":"https:\/\/www.fleurop-home.ch\/fr-ch\/wp-json\/wp\/v2\/product_brand?post=66762"},{"taxonomy":"product_cat","embeddable":true,"href":"https:\/\/www.fleurop-home.ch\/fr-ch\/wp-json\/wp\/v2\/product_cat?post=66762"},{"taxonomy":"product_tag","embeddable":true,"href":"https:\/\/www.fleurop-home.ch\/fr-ch\/wp-json\/wp\/v2\/product_tag?post=66762"},{"taxonomy":"woo-feed-brand","embeddable":true,"href":"https:\/\/www.fleurop-home.ch\/fr-ch\/wp-json\/wp\/v2\/woo-feed-brand?post=66762"}],"curies":[{"name":"wp","href":"https:\/\/api.w.org\/{rel}","templated":true}]}}