{"id":66688,"date":"2025-10-24T14:38:03","date_gmt":"2025-10-24T12:38:03","guid":{"rendered":"https:\/\/www.fleurop-home.ch\/?post_type=product&#038;p=66688"},"modified":"2025-12-19T09:05:13","modified_gmt":"2025-12-19T08:05:13","slug":"bandes-de-satin-25mmx25m-bundle","status":"publish","type":"product","link":"https:\/\/www.fleurop-home.ch\/fr-ch\/p\/satinbaender-25mmx25m-bundle","title":{"rendered":"Rubans de satin 25mmx25m (bundle)"},"content":{"rendered":"<p>\u00c9l\u00e9gants rubans de satin double face en brun noble, rouge fonc\u00e9 et\/ ou vert. Avec une largeur de 25 mm et une longueur de 25 m\u00e8tres, ils sont parfaits pour les emballages cadeaux, les d\u00e9corations, les travaux manuels ou les occasions festives comme les mariages et No\u00ebl. Les surfaces lisses et brillantes ajoutent une touche de qualit\u00e9 \u00e0 chaque projet.<\/p>","protected":false},"excerpt":{"rendered":"<p>Rubans de satin en marron noble, rouge fonc\u00e9 et\/ou vert<br \/>\n25mm x 25m<\/p>","protected":false},"featured_media":68400,"template":"","meta":[],"product_brand":[],"product_cat":[1193,23,1178,909,911,29],"product_tag":[983],"woo-feed-brand":[],"class_list":{"0":"post-66688","1":"product","2":"type-product","3":"status-publish","4":"has-post-thumbnail","6":"product_cat-baender-tueten","7":"product_cat-home-living","8":"product_cat-diy","9":"product_cat-weihnachten","10":"product_cat-accessoires","11":"product_cat-do-it-yourself","12":"product_tag-selection-by-fleurophome","14":"first","15":"outofstock","16":"featured","17":"taxable","18":"shipping-taxable","19":"product-type-grouped"},"_links":{"self":[{"href":"https:\/\/www.fleurop-home.ch\/fr-ch\/wp-json\/wp\/v2\/product\/66688","targetHints":{"allow":["GET"]}}],"collection":[{"href":"https:\/\/www.fleurop-home.ch\/fr-ch\/wp-json\/wp\/v2\/product"}],"about":[{"href":"https:\/\/www.fleurop-home.ch\/fr-ch\/wp-json\/wp\/v2\/types\/product"}],"wp:featuredmedia":[{"embeddable":true,"href":"https:\/\/www.fleurop-home.ch\/fr-ch\/wp-json\/wp\/v2\/media\/68400"}],"wp:attachment":[{"href":"https:\/\/www.fleurop-home.ch\/fr-ch\/wp-json\/wp\/v2\/media?parent=66688"}],"wp:term":[{"taxonomy":"product_brand","embeddable":true,"href":"https:\/\/www.fleurop-home.ch\/fr-ch\/wp-json\/wp\/v2\/product_brand?post=66688"},{"taxonomy":"product_cat","embeddable":true,"href":"https:\/\/www.fleurop-home.ch\/fr-ch\/wp-json\/wp\/v2\/product_cat?post=66688"},{"taxonomy":"product_tag","embeddable":true,"href":"https:\/\/www.fleurop-home.ch\/fr-ch\/wp-json\/wp\/v2\/product_tag?post=66688"},{"taxonomy":"woo-feed-brand","embeddable":true,"href":"https:\/\/www.fleurop-home.ch\/fr-ch\/wp-json\/wp\/v2\/woo-feed-brand?post=66688"}],"curies":[{"name":"wp","href":"https:\/\/api.w.org\/{rel}","templated":true}]}}