{"id":66557,"date":"2025-10-22T05:58:39","date_gmt":"2025-10-22T03:58:39","guid":{"rendered":"https:\/\/www.fleurop-home.ch\/de-ch\/?post_type=product&#038;p=66557"},"modified":"2025-12-19T09:29:17","modified_gmt":"2025-12-19T08:29:17","slug":"dentelle-au-crochet-blanc-casse-13mm-x-7m","status":"publish","type":"product","link":"https:\/\/www.fleurop-home.ch\/fr-ch\/p\/haekelspitze-offwhite-13mm-x-7m","title":{"rendered":"Dentelle au crochet blanc cass\u00e9 13mm x 7m"},"content":{"rendered":"<p><strong>Une \u00e9l\u00e9gance d\u00e9licate pour des projets cr\u00e9atifs - dentelle au crochet en blanc cass\u00e9<\/strong><\/p>\n<p>Ajoute une touche de romantisme vintage \u00e0 tes projets DIY avec notre dentelle au crochet de haute qualit\u00e9 en blanc cass\u00e9 \u00e9l\u00e9gant. Avec une largeur de 13 mm et une longueur de 7 m\u00e8tres, elle est parfaite pour ajouter des touches de style - que ce soit pour d\u00e9corer des v\u00eatements, des accessoires, du linge de maison ou des emballages cadeaux.<\/p>","protected":false},"excerpt":{"rendered":"<p>Dentelle au crochet en coton 100% 13mm x 7m<\/p>","protected":false},"featured_media":66558,"template":"","meta":[],"product_brand":[],"product_cat":[29,23,1193],"product_tag":[983],"woo-feed-brand":[],"class_list":{"0":"post-66557","1":"product","2":"type-product","3":"status-publish","4":"has-post-thumbnail","6":"product_cat-do-it-yourself","7":"product_cat-home-living","8":"product_cat-baender-tueten","9":"product_tag-selection-by-fleurophome","11":"first","12":"instock","13":"taxable","14":"shipping-taxable","15":"purchasable","16":"product-type-simple"},"_links":{"self":[{"href":"https:\/\/www.fleurop-home.ch\/fr-ch\/wp-json\/wp\/v2\/product\/66557","targetHints":{"allow":["GET"]}}],"collection":[{"href":"https:\/\/www.fleurop-home.ch\/fr-ch\/wp-json\/wp\/v2\/product"}],"about":[{"href":"https:\/\/www.fleurop-home.ch\/fr-ch\/wp-json\/wp\/v2\/types\/product"}],"wp:featuredmedia":[{"embeddable":true,"href":"https:\/\/www.fleurop-home.ch\/fr-ch\/wp-json\/wp\/v2\/media\/66558"}],"wp:attachment":[{"href":"https:\/\/www.fleurop-home.ch\/fr-ch\/wp-json\/wp\/v2\/media?parent=66557"}],"wp:term":[{"taxonomy":"product_brand","embeddable":true,"href":"https:\/\/www.fleurop-home.ch\/fr-ch\/wp-json\/wp\/v2\/product_brand?post=66557"},{"taxonomy":"product_cat","embeddable":true,"href":"https:\/\/www.fleurop-home.ch\/fr-ch\/wp-json\/wp\/v2\/product_cat?post=66557"},{"taxonomy":"product_tag","embeddable":true,"href":"https:\/\/www.fleurop-home.ch\/fr-ch\/wp-json\/wp\/v2\/product_tag?post=66557"},{"taxonomy":"woo-feed-brand","embeddable":true,"href":"https:\/\/www.fleurop-home.ch\/fr-ch\/wp-json\/wp\/v2\/woo-feed-brand?post=66557"}],"curies":[{"name":"wp","href":"https:\/\/api.w.org\/{rel}","templated":true}]}}