{"id":66553,"date":"2025-10-22T05:51:51","date_gmt":"2025-10-22T03:51:51","guid":{"rendered":"https:\/\/www.fleurop-home.ch\/de-ch\/?post_type=product&#038;p=66553"},"modified":"2025-12-19T09:29:23","modified_gmt":"2025-12-19T08:29:23","slug":"dentelle-au-crochet-blanc-casse-10mmx10m","status":"publish","type":"product","link":"https:\/\/www.fleurop-home.ch\/fr-ch\/p\/haekelspitze-offwhite-10mmx10m","title":{"rendered":"Dentelle au crochet blanc cass\u00e9 10mmx10m"},"content":{"rendered":"<p><strong>Une \u00e9l\u00e9gance d\u00e9licate pour des projets cr\u00e9atifs - dentelle au crochet en blanc cass\u00e9<\/strong><\/p>\n<p>Ajoute une touche de romantisme vintage \u00e0 tes projets DIY avec notre dentelle au crochet de haute qualit\u00e9 en blanc cass\u00e9 \u00e9l\u00e9gant. Avec une largeur de 10 mm et une longueur g\u00e9n\u00e9reuse de 10 m\u00e8tres, elle offre une grande marge de man\u0153uvre pour tes id\u00e9es - que ce soit pour d\u00e9corer des v\u00eatements, des accessoires, du linge de maison ou des emballages cadeaux.<\/p>","protected":false},"excerpt":{"rendered":"<p>Pointe \u00e0 crochet 10mm x 10m en coton 100%<\/p>","protected":false},"featured_media":66554,"template":"","meta":[],"product_brand":[],"product_cat":[29,23,1193],"product_tag":[983],"woo-feed-brand":[],"class_list":{"0":"post-66553","1":"product","2":"type-product","3":"status-publish","4":"has-post-thumbnail","6":"product_cat-do-it-yourself","7":"product_cat-home-living","8":"product_cat-baender-tueten","9":"product_tag-selection-by-fleurophome","11":"first","12":"instock","13":"taxable","14":"shipping-taxable","15":"purchasable","16":"product-type-simple"},"_links":{"self":[{"href":"https:\/\/www.fleurop-home.ch\/fr-ch\/wp-json\/wp\/v2\/product\/66553","targetHints":{"allow":["GET"]}}],"collection":[{"href":"https:\/\/www.fleurop-home.ch\/fr-ch\/wp-json\/wp\/v2\/product"}],"about":[{"href":"https:\/\/www.fleurop-home.ch\/fr-ch\/wp-json\/wp\/v2\/types\/product"}],"wp:featuredmedia":[{"embeddable":true,"href":"https:\/\/www.fleurop-home.ch\/fr-ch\/wp-json\/wp\/v2\/media\/66554"}],"wp:attachment":[{"href":"https:\/\/www.fleurop-home.ch\/fr-ch\/wp-json\/wp\/v2\/media?parent=66553"}],"wp:term":[{"taxonomy":"product_brand","embeddable":true,"href":"https:\/\/www.fleurop-home.ch\/fr-ch\/wp-json\/wp\/v2\/product_brand?post=66553"},{"taxonomy":"product_cat","embeddable":true,"href":"https:\/\/www.fleurop-home.ch\/fr-ch\/wp-json\/wp\/v2\/product_cat?post=66553"},{"taxonomy":"product_tag","embeddable":true,"href":"https:\/\/www.fleurop-home.ch\/fr-ch\/wp-json\/wp\/v2\/product_tag?post=66553"},{"taxonomy":"woo-feed-brand","embeddable":true,"href":"https:\/\/www.fleurop-home.ch\/fr-ch\/wp-json\/wp\/v2\/woo-feed-brand?post=66553"}],"curies":[{"name":"wp","href":"https:\/\/api.w.org\/{rel}","templated":true}]}}