{"id":6638,"date":"2020-05-16T12:39:32","date_gmt":"2020-05-16T12:39:32","guid":{"rendered":"https:\/\/www.fleurop-home.ch\/?product=baumwolle-baumwollzweig-getrocknet-h-ca-5070-cm"},"modified":"2026-03-31T19:44:56","modified_gmt":"2026-03-31T17:44:56","slug":"branche-de-coton-sechee","status":"publish","type":"product","link":"https:\/\/www.fleurop-home.ch\/fr-ch\/p\/baumwollzweig-getrocknet","title":{"rendered":"Branche de coton - s\u00e9ch\u00e9e"},"content":{"rendered":"<h3>Fleurs s\u00e9ch\u00e9es<br \/>\nLa nouvelle tendance en mati\u00e8re d'int\u00e9rieur<\/h3>\n<p>Cette ann\u00e9e, on voit des branches et des fleurs s\u00e9ch\u00e9es plus souvent que jamais.<br \/>\nElles ne sont pas seulement une d\u00e9coration d'automne, mais d\u00e9gagent leur magie tout au long de l'ann\u00e9e.<br \/>\nLes fleurs s\u00e9ch\u00e9es sont tr\u00e8s \u00e0 la mode.<br \/>\nQu'elles soient utilis\u00e9es comme d\u00e9coration de table ou plac\u00e9es de mani\u00e8re opulente dans de grands vases, \u2500 les fleurs s\u00e9ch\u00e9es sont tout simplement magnifiques, seules ou en bouquet multicolore.<br \/>\nL'\u00e9norme avantage par rapport aux fleurs fra\u00eeches : une d\u00e9coration de fleurs s\u00e9ch\u00e9es dure pratiquement \u00e9ternellement.<\/p>\n<p>D\u00e9tails de la branche de coton H environ 50\/70 cm \/ environ 8-10 touffes de coton par branche. Le prix s'entend par branche. Les branches de coton sont un produit naturel et peuvent varier en termes de disposition, de couleur et de taille des diff\u00e9rentes \"touffes de coton\". Certaines touffes de coton peuvent aussi \u00eatre entam\u00e9es dans la tige par le processus de s\u00e9chage ou contenir des restes secs de l'enveloppe du bourgeon.<\/p>\n<p>Le vase et le bouquet de branches de coton sont destin\u00e9s \u00e0 servir d'id\u00e9e\/d'\u00e9chantillon pour une \u00e9ventuelle cr\u00e9ation et ne font pas partie du prix du produit.<\/p>\n<p><strong>Note bien<\/strong><br \/>\n- D\u00e9balles les fleurs s\u00e9ch\u00e9es avec pr\u00e9caution. Les branches s\u00e9ch\u00e9es sont plus fragiles que les branches fra\u00eeches.<br \/>\n- Les fleurs s\u00e9ch\u00e9es sont un produit naturel. Les bouquets \/ fleurs individuelles sont compos\u00e9s individuellement selon la saison et peuvent donc varier dans le choix des fleurs, leur disposition et leur couleur.<br \/>\n- Il peut y avoir des diff\u00e9rences entre la couleur illustr\u00e9e sur le site web et la couleur r\u00e9elle. Ceci en raison de l'incidence de la lumi\u00e8re, de la luminosit\u00e9 du moniteur, du r\u00e9glage du contraste, etc.<\/p>","protected":false},"excerpt":{"rendered":"<p>La nouvelle tendance en mati\u00e8re d'int\u00e9rieur Fleurs s\u00e8ches en coton ; branche de coton s\u00e8che, env. 8-10 bouquets de coton H env. 50\/70 cm<\/p>","protected":false},"featured_media":6639,"template":"","meta":[],"product_brand":[],"product_cat":[117,23],"product_tag":[290],"woo-feed-brand":[],"class_list":{"0":"post-6638","1":"product","2":"type-product","3":"status-publish","4":"has-post-thumbnail","6":"product_cat-trockenblumen","7":"product_cat-home-living","8":"product_tag-atelier-leutwyler","10":"first","11":"instock","12":"featured","13":"taxable","14":"shipping-taxable","15":"purchasable","16":"product-type-simple"},"_links":{"self":[{"href":"https:\/\/www.fleurop-home.ch\/fr-ch\/wp-json\/wp\/v2\/product\/6638","targetHints":{"allow":["GET"]}}],"collection":[{"href":"https:\/\/www.fleurop-home.ch\/fr-ch\/wp-json\/wp\/v2\/product"}],"about":[{"href":"https:\/\/www.fleurop-home.ch\/fr-ch\/wp-json\/wp\/v2\/types\/product"}],"wp:featuredmedia":[{"embeddable":true,"href":"https:\/\/www.fleurop-home.ch\/fr-ch\/wp-json\/wp\/v2\/media\/6639"}],"wp:attachment":[{"href":"https:\/\/www.fleurop-home.ch\/fr-ch\/wp-json\/wp\/v2\/media?parent=6638"}],"wp:term":[{"taxonomy":"product_brand","embeddable":true,"href":"https:\/\/www.fleurop-home.ch\/fr-ch\/wp-json\/wp\/v2\/product_brand?post=6638"},{"taxonomy":"product_cat","embeddable":true,"href":"https:\/\/www.fleurop-home.ch\/fr-ch\/wp-json\/wp\/v2\/product_cat?post=6638"},{"taxonomy":"product_tag","embeddable":true,"href":"https:\/\/www.fleurop-home.ch\/fr-ch\/wp-json\/wp\/v2\/product_tag?post=6638"},{"taxonomy":"woo-feed-brand","embeddable":true,"href":"https:\/\/www.fleurop-home.ch\/fr-ch\/wp-json\/wp\/v2\/woo-feed-brand?post=6638"}],"curies":[{"name":"wp","href":"https:\/\/api.w.org\/{rel}","templated":true}]}}