{"id":66137,"date":"2025-10-18T16:53:06","date_gmt":"2025-10-18T14:53:06","guid":{"rendered":"https:\/\/www.fleurop-home.ch\/de-ch\/?post_type=product&#038;p=66137"},"modified":"2026-02-13T08:35:51","modified_gmt":"2026-02-13T07:35:51","slug":"cartes-de-voeux-peintes-a-la-main-set-de-3-magie-de-lhiver","status":"publish","type":"product","link":"https:\/\/www.fleurop-home.ch\/fr-ch\/p\/handgemalte-grusskarten-3er-set-winterzauber","title":{"rendered":"Cartes de v\u0153ux peintes \u00e0 la main -3 s\u00e9ries de magie d'hiver"},"content":{"rendered":"<p>Cartes d\u00e9pliantes peintes par tes soins au format A6 avec un encart et une enveloppe.<\/p>\n<p>D\u00e9cor\u00e9 \u00e0 la main avec des paillettes bio \u00e0 Berne.<\/p>\n<p>Papier paille recycl\u00e9 320 g\/m\u00b2, imprim\u00e9 de mani\u00e8re syst\u00e9matiquement \u00e9cologique dans une entreprise familiale bernoise.<\/p>\n<p>Enveloppe format C6, papier paille recycl\u00e9 120 g\/m<\/p>","protected":false},"excerpt":{"rendered":"<p>3 cartes pliables avec enveloppe et feuille d'insertion . D\u00e9cor\u00e9 \u00e0 la main avec des paillettes bio.<\/p>","protected":false},"featured_media":74507,"template":"","meta":[],"product_brand":[],"product_cat":[58,909,916,52],"product_tag":[955],"woo-feed-brand":[],"class_list":{"0":"post-66137","1":"product","2":"type-product","3":"status-publish","4":"has-post-thumbnail","6":"product_cat-grusskarten","7":"product_cat-weihnachten","8":"product_cat-praesente","9":"product_cat-geschenke","10":"product_tag-atelier-sasu","12":"first","13":"instock","14":"taxable","15":"shipping-taxable","16":"purchasable","17":"product-type-simple"},"_links":{"self":[{"href":"https:\/\/www.fleurop-home.ch\/fr-ch\/wp-json\/wp\/v2\/product\/66137","targetHints":{"allow":["GET"]}}],"collection":[{"href":"https:\/\/www.fleurop-home.ch\/fr-ch\/wp-json\/wp\/v2\/product"}],"about":[{"href":"https:\/\/www.fleurop-home.ch\/fr-ch\/wp-json\/wp\/v2\/types\/product"}],"wp:featuredmedia":[{"embeddable":true,"href":"https:\/\/www.fleurop-home.ch\/fr-ch\/wp-json\/wp\/v2\/media\/74507"}],"wp:attachment":[{"href":"https:\/\/www.fleurop-home.ch\/fr-ch\/wp-json\/wp\/v2\/media?parent=66137"}],"wp:term":[{"taxonomy":"product_brand","embeddable":true,"href":"https:\/\/www.fleurop-home.ch\/fr-ch\/wp-json\/wp\/v2\/product_brand?post=66137"},{"taxonomy":"product_cat","embeddable":true,"href":"https:\/\/www.fleurop-home.ch\/fr-ch\/wp-json\/wp\/v2\/product_cat?post=66137"},{"taxonomy":"product_tag","embeddable":true,"href":"https:\/\/www.fleurop-home.ch\/fr-ch\/wp-json\/wp\/v2\/product_tag?post=66137"},{"taxonomy":"woo-feed-brand","embeddable":true,"href":"https:\/\/www.fleurop-home.ch\/fr-ch\/wp-json\/wp\/v2\/woo-feed-brand?post=66137"}],"curies":[{"name":"wp","href":"https:\/\/api.w.org\/{rel}","templated":true}]}}