{"id":6583,"date":"2020-04-06T13:59:27","date_gmt":"2020-04-06T13:59:27","guid":{"rendered":"https:\/\/www.fleurop-home.ch\/?product=edelrosen-orange-50cm-10-stk-blume-3000"},"modified":"2026-05-06T08:47:22","modified_gmt":"2026-05-06T06:47:22","slug":"roses-precieuses-orange-50cm-10-pcs-fleur-3000","status":"publish","type":"product","link":"https:\/\/www.fleurop-home.ch\/fr-ch\/p\/edelrosen-orange-50cm-10-stk-blume-3000","title":{"rendered":"Roses nobles orange 50cm 10 pcs - fleur 3000"},"content":{"rendered":"<p><strong>Description :<\/strong><\/p>\n<p>Les roses nobles d'\u00c9quateur convainquent par leurs tr\u00e8s grosses t\u00eates et leur longue dur\u00e9e de vie. Livr\u00e9es non trait\u00e9es, elles peuvent \u00eatre par\u00e9es \u00e0 volont\u00e9 et transform\u00e9es en un bouquet individuel. Note que la couleur peut \u00eatre l\u00e9g\u00e8rement diff\u00e9rente de celle de l'image.<\/p>\n<p><strong>Durabilit\u00e9 &amp; commerce \u00e9quitable :<\/strong><\/p>\n<ul>\n<li>Garantie de conservation : 7 jours<\/li>\n<li>100% Certifi\u00e9 Fairtrade<\/li>\n<\/ul>\n<p><strong>Composition :<\/strong><\/p>\n<ul>\n<li>10 roses nobles en orange<\/li>\n<li>Longueur : 50 cm<\/li>\n<\/ul>","protected":false},"excerpt":{"rendered":"<p>10 roses nobles d'\u00c9quateur, 50 cm, non par\u00e9es en botte. Avec une garantie de conservation de 7 jours et 100% certifi\u00e9e commerce \u00e9quitable.<\/p>","protected":false},"featured_media":6584,"template":"","meta":[],"product_brand":[],"product_cat":[112,23,797,1024,26],"product_tag":[284],"woo-feed-brand":[],"class_list":{"0":"post-6583","1":"product","2":"type-product","3":"status-publish","4":"has-post-thumbnail","6":"product_cat-schnittblumen","7":"product_cat-home-living","8":"product_cat-muttertag","9":"product_cat-muttertagsdeko","10":"product_cat-blumen-pflanzen","11":"product_tag-blume-3000","13":"first","14":"instock","15":"taxable","16":"shipping-taxable","17":"purchasable","18":"product-type-simple"},"_links":{"self":[{"href":"https:\/\/www.fleurop-home.ch\/fr-ch\/wp-json\/wp\/v2\/product\/6583","targetHints":{"allow":["GET"]}}],"collection":[{"href":"https:\/\/www.fleurop-home.ch\/fr-ch\/wp-json\/wp\/v2\/product"}],"about":[{"href":"https:\/\/www.fleurop-home.ch\/fr-ch\/wp-json\/wp\/v2\/types\/product"}],"wp:featuredmedia":[{"embeddable":true,"href":"https:\/\/www.fleurop-home.ch\/fr-ch\/wp-json\/wp\/v2\/media\/6584"}],"wp:attachment":[{"href":"https:\/\/www.fleurop-home.ch\/fr-ch\/wp-json\/wp\/v2\/media?parent=6583"}],"wp:term":[{"taxonomy":"product_brand","embeddable":true,"href":"https:\/\/www.fleurop-home.ch\/fr-ch\/wp-json\/wp\/v2\/product_brand?post=6583"},{"taxonomy":"product_cat","embeddable":true,"href":"https:\/\/www.fleurop-home.ch\/fr-ch\/wp-json\/wp\/v2\/product_cat?post=6583"},{"taxonomy":"product_tag","embeddable":true,"href":"https:\/\/www.fleurop-home.ch\/fr-ch\/wp-json\/wp\/v2\/product_tag?post=6583"},{"taxonomy":"woo-feed-brand","embeddable":true,"href":"https:\/\/www.fleurop-home.ch\/fr-ch\/wp-json\/wp\/v2\/woo-feed-brand?post=6583"}],"curies":[{"name":"wp","href":"https:\/\/api.w.org\/{rel}","templated":true}]}}