{"id":65639,"date":"2025-10-13T22:06:57","date_gmt":"2025-10-13T20:06:57","guid":{"rendered":"https:\/\/www.fleurop-home.ch\/de-ch\/p\/leimpistole-hobby-55w"},"modified":"2025-12-19T09:26:07","modified_gmt":"2025-12-19T08:26:07","slug":"pistolet-a-colle-hobby-55w","status":"publish","type":"product","link":"https:\/\/www.fleurop-home.ch\/fr-ch\/p\/leimpistole-hobby-55w","title":{"rendered":"Pistolet \u00e0 colle \u201aHobby\u2018 55w"},"content":{"rendered":"<p>Pistolet \u00e0 colle Decoris 55 W<\/p>\n<p>But d'utilisation :<br \/>\nPour coller rapidement et proprement les mat\u00e9riaux les plus divers comme le bois, le plastique, le tissu, le carton, la c\u00e9ramique ou les plantes s\u00e9ch\u00e9es. Id\u00e9al pour l'art floral, la d\u00e9coration et le bricolage.<\/p>\n<p>Caract\u00e9ristiques du produit + avantages :<br \/>\n- Puissance : 55 watts<br \/>\n- pour les b\u00e2tons de colle haute temp\u00e9rature (\u00d8 11 mm)<br \/>\n- Temps de chauffage environ 5 minutes<br \/>\n- Temp\u00e9rature de fonctionnement environ 195 \u00b0C<br \/>\n- avec support int\u00e9gr\u00e9 pour un rangement s\u00fbr<br \/>\n- R\u00e9gulation \u00e9lectrique pour une temp\u00e9rature constante<br \/>\n- maniable et facile \u00e0 utiliser<\/p>\n<p>Remarque<br \/>\nD\u00e9brancher la prise apr\u00e8s utilisation. Utiliser uniquement des b\u00e2tons de colle haute temp\u00e9rature.<br \/>\nLe pistolet \u00e0 colle livr\u00e9 peut diff\u00e9rer de l'image<\/p>","protected":false},"excerpt":{"rendered":"<p>Pour coller rapidement et proprement les mat\u00e9riaux les plus divers comme le bois, le plastique, le tissu, le carton, la c\u00e9ramique ou les plantes s\u00e8ches.<\/p>","protected":false},"featured_media":65708,"template":"","meta":[],"product_brand":[],"product_cat":[29,23,1178,1194,909,911],"product_tag":[289],"woo-feed-brand":[],"class_list":{"0":"post-65639","1":"product","2":"type-product","3":"status-publish","4":"has-post-thumbnail","6":"product_cat-do-it-yourself","7":"product_cat-home-living","8":"product_cat-diy","9":"product_cat-diy-helfer","10":"product_cat-weihnachten","11":"product_cat-accessoires","12":"product_tag-blumengarten-kung-ag","14":"first","15":"instock","16":"taxable","17":"shipping-taxable","18":"purchasable","19":"product-type-simple"},"_links":{"self":[{"href":"https:\/\/www.fleurop-home.ch\/fr-ch\/wp-json\/wp\/v2\/product\/65639","targetHints":{"allow":["GET"]}}],"collection":[{"href":"https:\/\/www.fleurop-home.ch\/fr-ch\/wp-json\/wp\/v2\/product"}],"about":[{"href":"https:\/\/www.fleurop-home.ch\/fr-ch\/wp-json\/wp\/v2\/types\/product"}],"wp:featuredmedia":[{"embeddable":true,"href":"https:\/\/www.fleurop-home.ch\/fr-ch\/wp-json\/wp\/v2\/media\/65708"}],"wp:attachment":[{"href":"https:\/\/www.fleurop-home.ch\/fr-ch\/wp-json\/wp\/v2\/media?parent=65639"}],"wp:term":[{"taxonomy":"product_brand","embeddable":true,"href":"https:\/\/www.fleurop-home.ch\/fr-ch\/wp-json\/wp\/v2\/product_brand?post=65639"},{"taxonomy":"product_cat","embeddable":true,"href":"https:\/\/www.fleurop-home.ch\/fr-ch\/wp-json\/wp\/v2\/product_cat?post=65639"},{"taxonomy":"product_tag","embeddable":true,"href":"https:\/\/www.fleurop-home.ch\/fr-ch\/wp-json\/wp\/v2\/product_tag?post=65639"},{"taxonomy":"woo-feed-brand","embeddable":true,"href":"https:\/\/www.fleurop-home.ch\/fr-ch\/wp-json\/wp\/v2\/woo-feed-brand?post=65639"}],"curies":[{"name":"wp","href":"https:\/\/api.w.org\/{rel}","templated":true}]}}