{"id":65638,"date":"2025-10-13T22:06:56","date_gmt":"2025-10-13T20:06:56","guid":{"rendered":"https:\/\/www.fleurop-home.ch\/de-ch\/p\/anstecknadel-reverse-transparent-50-stueck"},"modified":"2025-12-19T09:25:52","modified_gmt":"2025-12-19T08:25:52","slug":"epingle-inverse-transparente-50-pieces","status":"publish","type":"product","link":"https:\/\/www.fleurop-home.ch\/fr-ch\/p\/anstecknadel-reverse-transparent-50-stueck","title":{"rendered":"Epingle Reverse \u201atransparent\u2018 50 pi\u00e8ces"},"content":{"rendered":"<p>Epingles de revers<br \/>\nEpingles de revers (Gala Clip) 5 cm<\/p>\n<p>But d'utilisation :<br \/>\nDes supports pratiques \u00e0 enfiler pour fixer des fleurs \u00e0 \u00e9pingler, des boutonni\u00e8res ou de petites compositions florales sur les v\u00eatements. Id\u00e9al pour les mariages, les occasions festives ou les \u00e9v\u00e9nements.<\/p>\n<p>Caract\u00e9ristiques du produit + avantages :<br \/>\n- disponible en transparent ou en vert<br \/>\n- Longueur : 5 cm<br \/>\n- avec \u00e9pingle \u00e0 nourrice pour une fixation s\u00fbre sur les v\u00eatements<br \/>\n- tige stri\u00e9e pour une meilleure prise dans la masse \u00e0 embo\u00eeter<br \/>\n- L\u00e9ger, stable et r\u00e9utilisable<br \/>\n- Disponible en bo\u00eete transparente de 50 pi\u00e8ces ou \u00e0 l'unit\u00e9<\/p>\n<p>Aussi connu sous le nom de clip de gala.<\/p>","protected":false},"excerpt":{"rendered":"<p>Des supports pratiques \u00e0 enfiler pour fixer des fleurs \u00e0 \u00e9pingler, des boutonni\u00e8res ou de petites compositions florales sur les v\u00eatements.<\/p>","protected":false},"featured_media":65707,"template":"","meta":[],"product_brand":[],"product_cat":[29,23,1178,1194,909,911],"product_tag":[289],"woo-feed-brand":[],"class_list":{"0":"post-65638","1":"product","2":"type-product","3":"status-publish","4":"has-post-thumbnail","6":"product_cat-do-it-yourself","7":"product_cat-home-living","8":"product_cat-diy","9":"product_cat-diy-helfer","10":"product_cat-weihnachten","11":"product_cat-accessoires","12":"product_tag-blumengarten-kung-ag","14":"first","15":"instock","16":"taxable","17":"shipping-taxable","18":"purchasable","19":"product-type-simple"},"_links":{"self":[{"href":"https:\/\/www.fleurop-home.ch\/fr-ch\/wp-json\/wp\/v2\/product\/65638","targetHints":{"allow":["GET"]}}],"collection":[{"href":"https:\/\/www.fleurop-home.ch\/fr-ch\/wp-json\/wp\/v2\/product"}],"about":[{"href":"https:\/\/www.fleurop-home.ch\/fr-ch\/wp-json\/wp\/v2\/types\/product"}],"wp:featuredmedia":[{"embeddable":true,"href":"https:\/\/www.fleurop-home.ch\/fr-ch\/wp-json\/wp\/v2\/media\/65707"}],"wp:attachment":[{"href":"https:\/\/www.fleurop-home.ch\/fr-ch\/wp-json\/wp\/v2\/media?parent=65638"}],"wp:term":[{"taxonomy":"product_brand","embeddable":true,"href":"https:\/\/www.fleurop-home.ch\/fr-ch\/wp-json\/wp\/v2\/product_brand?post=65638"},{"taxonomy":"product_cat","embeddable":true,"href":"https:\/\/www.fleurop-home.ch\/fr-ch\/wp-json\/wp\/v2\/product_cat?post=65638"},{"taxonomy":"product_tag","embeddable":true,"href":"https:\/\/www.fleurop-home.ch\/fr-ch\/wp-json\/wp\/v2\/product_tag?post=65638"},{"taxonomy":"woo-feed-brand","embeddable":true,"href":"https:\/\/www.fleurop-home.ch\/fr-ch\/wp-json\/wp\/v2\/woo-feed-brand?post=65638"}],"curies":[{"name":"wp","href":"https:\/\/api.w.org\/{rel}","templated":true}]}}