{"id":65632,"date":"2025-10-13T22:06:53","date_gmt":"2025-10-13T20:06:53","guid":{"rendered":"https:\/\/www.fleurop-home.ch\/de-ch\/p\/myrtendraht-kupfer-0-3mm-10x-rolle"},"modified":"2025-12-19T09:25:16","modified_gmt":"2025-12-19T08:25:16","slug":"fil-de-myrte-cuivre-0-3mm-10x-rouleau","status":"publish","type":"product","link":"https:\/\/www.fleurop-home.ch\/fr-ch\/p\/myrtendraht-kupfer-0-3mm-10x-rolle","title":{"rendered":"Fil de myrte \u201acuivre\u2018 0.3mm 10x rouleau"},"content":{"rendered":"<p>But d'utilisation :<br \/>\nFil d'attache d\u00e9coratif pour cr\u00e9er, fixer et lier des couronnes, des arrangements et des pi\u00e8ces florales. Particuli\u00e8rement adapt\u00e9 aux occasions festives comme No\u00ebl, les mariages ou les compositions \u00e9l\u00e9gantes.<\/p>\n<p>Caract\u00e9ristiques du produit + avantages :<br \/>\n\u00e9paisseur : 0,3 mm<br \/>\ncouleur : cuivre<br \/>\nsur rouleau, environ 100 g<br \/>\nflexible et stable<br \/>\nconf\u00e8re aux pi\u00e8ces \u00e0 usiner un brillant noble<br \/>\nId\u00e9al pour lier, d\u00e9corer et faire preuve de cr\u00e9ativit\u00e9<\/p>","protected":false},"excerpt":{"rendered":"<p>Id\u00e9al pour lier, d\u00e9corer et faire preuve de cr\u00e9ativit\u00e9<\/p>","protected":false},"featured_media":65688,"template":"","meta":[],"product_brand":[],"product_cat":[29,23,1178,1194,909,911],"product_tag":[289],"woo-feed-brand":[],"class_list":{"0":"post-65632","1":"product","2":"type-product","3":"status-publish","4":"has-post-thumbnail","6":"product_cat-do-it-yourself","7":"product_cat-home-living","8":"product_cat-diy","9":"product_cat-diy-helfer","10":"product_cat-weihnachten","11":"product_cat-accessoires","12":"product_tag-blumengarten-kung-ag","14":"first","15":"instock","16":"taxable","17":"shipping-taxable","18":"purchasable","19":"product-type-simple"},"_links":{"self":[{"href":"https:\/\/www.fleurop-home.ch\/fr-ch\/wp-json\/wp\/v2\/product\/65632","targetHints":{"allow":["GET"]}}],"collection":[{"href":"https:\/\/www.fleurop-home.ch\/fr-ch\/wp-json\/wp\/v2\/product"}],"about":[{"href":"https:\/\/www.fleurop-home.ch\/fr-ch\/wp-json\/wp\/v2\/types\/product"}],"wp:featuredmedia":[{"embeddable":true,"href":"https:\/\/www.fleurop-home.ch\/fr-ch\/wp-json\/wp\/v2\/media\/65688"}],"wp:attachment":[{"href":"https:\/\/www.fleurop-home.ch\/fr-ch\/wp-json\/wp\/v2\/media?parent=65632"}],"wp:term":[{"taxonomy":"product_brand","embeddable":true,"href":"https:\/\/www.fleurop-home.ch\/fr-ch\/wp-json\/wp\/v2\/product_brand?post=65632"},{"taxonomy":"product_cat","embeddable":true,"href":"https:\/\/www.fleurop-home.ch\/fr-ch\/wp-json\/wp\/v2\/product_cat?post=65632"},{"taxonomy":"product_tag","embeddable":true,"href":"https:\/\/www.fleurop-home.ch\/fr-ch\/wp-json\/wp\/v2\/product_tag?post=65632"},{"taxonomy":"woo-feed-brand","embeddable":true,"href":"https:\/\/www.fleurop-home.ch\/fr-ch\/wp-json\/wp\/v2\/woo-feed-brand?post=65632"}],"curies":[{"name":"wp","href":"https:\/\/api.w.org\/{rel}","templated":true}]}}