{"id":65630,"date":"2025-10-13T22:06:52","date_gmt":"2025-10-13T20:06:52","guid":{"rendered":"https:\/\/www.fleurop-home.ch\/de-ch\/p\/wickeldraht-blaugeglueht-0-65-mm-1x-rolle-a-100gr"},"modified":"2025-10-22T10:46:15","modified_gmt":"2025-10-22T08:46:15","slug":"fil-denroulement-bleu-brillant-0-65-mm-1x-rouleau-a-100gr","status":"publish","type":"product","link":"https:\/\/www.fleurop-home.ch\/fr-ch\/p\/wickeldraht-blaugeglueht-0-65-mm-1x-rolle-a-100gr","title":{"rendered":"Fil de bobinage \u201arecuit bleu\u2018 0.65 mm 1x rouleau de 100gr"},"content":{"rendered":"<p>Fil d'enroulement sur tige en bois - peint en vert ou recuit en bleu<\/p>\n<p>Le fil d'attache classique sur tige en bois est id\u00e9al pour attacher soi-m\u00eame des couronnes, des couronnes de l'Avent et des arrangements. Gr\u00e2ce \u00e0 sa nature flexible mais stable, le fil de fer est facile \u00e0 travailler et s'enroule fermement autour des branches, des feuilles de sapin ou des \u00e9l\u00e9ments de d\u00e9coration.<\/p>\n<p>Disponible en deux variantes :<br \/>\n- Laqu\u00e9 en vert : Prot\u00e9g\u00e9 contre la rouille - id\u00e9al pour des d\u00e9corations durables \u00e0 l'int\u00e9rieur et \u00e0 l'ext\u00e9rieur.<br \/>\n- Recuit bleu : Non trait\u00e9 - convient particuli\u00e8rement aux couronnes naturelles et compostables, car le fil se d\u00e9compose avec le temps.<\/p>\n<p>Remarque<br \/>\nLe fil de fer recuit bleu peut se rouiller et provoquer des taches de rouille, mais il est \u00e9cologique et id\u00e9al pour une floristique durable.<\/p>\n<p>Caract\u00e9ristiques :<br \/>\n- Longueur : environ 50 m<br \/>\n- Diam\u00e8tre : 0,50 mm<br \/>\n- Poids : environ 100 g<br \/>\n- Enroul\u00e9 sur une tige en bois<br \/>\n- Disponible en vert laqu\u00e9 ou en bleu recuit<\/p>\n<p>Application :<br \/>\nParfait pour lier des couronnes de l'Avent, des arrangements, des fleurs de deuil, des compositions florales et des d\u00e9corations naturelles.<\/p>","protected":false},"excerpt":{"rendered":"<p>Parfait pour lier des couronnes de l'Avent, des arrangements, des fleurs de deuil, des compositions florales et des d\u00e9corations naturelles.<\/p>","protected":false},"featured_media":65702,"template":"","meta":[],"product_brand":[],"product_cat":[29,23,1178,1194,909,911],"product_tag":[289],"woo-feed-brand":[],"class_list":{"0":"post-65630","1":"product","2":"type-product","3":"status-publish","4":"has-post-thumbnail","6":"product_cat-do-it-yourself","7":"product_cat-home-living","8":"product_cat-diy","9":"product_cat-diy-helfer","10":"product_cat-weihnachten","11":"product_cat-accessoires","12":"product_tag-blumengarten-kung-ag","14":"first","15":"instock","16":"taxable","17":"shipping-taxable","18":"purchasable","19":"product-type-simple"},"_links":{"self":[{"href":"https:\/\/www.fleurop-home.ch\/fr-ch\/wp-json\/wp\/v2\/product\/65630","targetHints":{"allow":["GET"]}}],"collection":[{"href":"https:\/\/www.fleurop-home.ch\/fr-ch\/wp-json\/wp\/v2\/product"}],"about":[{"href":"https:\/\/www.fleurop-home.ch\/fr-ch\/wp-json\/wp\/v2\/types\/product"}],"wp:featuredmedia":[{"embeddable":true,"href":"https:\/\/www.fleurop-home.ch\/fr-ch\/wp-json\/wp\/v2\/media\/65702"}],"wp:attachment":[{"href":"https:\/\/www.fleurop-home.ch\/fr-ch\/wp-json\/wp\/v2\/media?parent=65630"}],"wp:term":[{"taxonomy":"product_brand","embeddable":true,"href":"https:\/\/www.fleurop-home.ch\/fr-ch\/wp-json\/wp\/v2\/product_brand?post=65630"},{"taxonomy":"product_cat","embeddable":true,"href":"https:\/\/www.fleurop-home.ch\/fr-ch\/wp-json\/wp\/v2\/product_cat?post=65630"},{"taxonomy":"product_tag","embeddable":true,"href":"https:\/\/www.fleurop-home.ch\/fr-ch\/wp-json\/wp\/v2\/product_tag?post=65630"},{"taxonomy":"woo-feed-brand","embeddable":true,"href":"https:\/\/www.fleurop-home.ch\/fr-ch\/wp-json\/wp\/v2\/woo-feed-brand?post=65630"}],"curies":[{"name":"wp","href":"https:\/\/api.w.org\/{rel}","templated":true}]}}