{"id":65620,"date":"2025-10-13T22:06:48","date_gmt":"2025-10-13T20:06:48","guid":{"rendered":"https:\/\/www.fleurop-home.ch\/de-ch\/p\/heissklebesticks-ht-200x11mm-100-stueck-2-kg"},"modified":"2025-12-19T09:23:59","modified_gmt":"2025-12-19T08:23:59","slug":"batons-de-colle-chaude-ht-200x11mm-100-pieces-2-kg","status":"publish","type":"product","link":"https:\/\/www.fleurop-home.ch\/fr-ch\/p\/heissklebesticks-ht-200x11mm-100-stueck-2-kg","title":{"rendered":"B\u00e2tons de colle thermofusible \u201aHT\u2018 200x11mm 100 pi\u00e8ces (2 kg)"},"content":{"rendered":"<p>B\u00e2tons de colle thermofusible \/ cartouches de colle \/ colle thermofusible - HighTemp 180<\/p>\n<p>But d'utilisation :<br \/>\nB\u00e2tons de colle universels pour les pistolets \u00e0 colle chaude avec une temp\u00e9rature de travail \u00e9lev\u00e9e. Id\u00e9al pour coller le bois, le plastique, le tissu, le carton, la c\u00e9ramique, les plantes s\u00e9ch\u00e9es et d'autres mat\u00e9riaux. Particuli\u00e8rement adapt\u00e9 pour l'art floral, la d\u00e9coration et les travaux de bricolage n\u00e9cessitant une forte adh\u00e9rence.<\/p>\n<p>Caract\u00e9ristiques du produit + avantages :<br \/>\nHighTemp 180 \u00b0C<br \/>\ntransparent<br \/>\nDiam\u00e8tre : 11 mm<br \/>\nLongueur : 200 mm<br \/>\nforte adh\u00e9rence et s\u00e9chage rapide<br \/>\npropre et facile \u00e0 appliquer<br \/>\nconvient pour les pistolets \u00e0 colle \u00e0 haute temp\u00e9rature<\/p>\n<p>Poids \/ unit\u00e9s d'emballage :<br \/>\n1 pi\u00e8ce = 20 g<br \/>\n6 pi\u00e8ces = 120 g<br \/>\n100 pi\u00e8ces = 2 kg<\/p>","protected":false},"excerpt":{"rendered":"<p>Particuli\u00e8rement adapt\u00e9 \u00e0 l'art floral, \u00e0 la d\u00e9coration et aux travaux manuels n\u00e9cessitant une forte adh\u00e9rence.<\/p>","protected":false},"featured_media":65689,"template":"","meta":[],"product_brand":[],"product_cat":[29,23,1178,1194,909,911],"product_tag":[289],"woo-feed-brand":[],"class_list":{"0":"post-65620","1":"product","2":"type-product","3":"status-publish","4":"has-post-thumbnail","6":"product_cat-do-it-yourself","7":"product_cat-home-living","8":"product_cat-diy","9":"product_cat-diy-helfer","10":"product_cat-weihnachten","11":"product_cat-accessoires","12":"product_tag-blumengarten-kung-ag","14":"first","15":"instock","16":"taxable","17":"shipping-taxable","18":"purchasable","19":"product-type-simple"},"_links":{"self":[{"href":"https:\/\/www.fleurop-home.ch\/fr-ch\/wp-json\/wp\/v2\/product\/65620","targetHints":{"allow":["GET"]}}],"collection":[{"href":"https:\/\/www.fleurop-home.ch\/fr-ch\/wp-json\/wp\/v2\/product"}],"about":[{"href":"https:\/\/www.fleurop-home.ch\/fr-ch\/wp-json\/wp\/v2\/types\/product"}],"wp:featuredmedia":[{"embeddable":true,"href":"https:\/\/www.fleurop-home.ch\/fr-ch\/wp-json\/wp\/v2\/media\/65689"}],"wp:attachment":[{"href":"https:\/\/www.fleurop-home.ch\/fr-ch\/wp-json\/wp\/v2\/media?parent=65620"}],"wp:term":[{"taxonomy":"product_brand","embeddable":true,"href":"https:\/\/www.fleurop-home.ch\/fr-ch\/wp-json\/wp\/v2\/product_brand?post=65620"},{"taxonomy":"product_cat","embeddable":true,"href":"https:\/\/www.fleurop-home.ch\/fr-ch\/wp-json\/wp\/v2\/product_cat?post=65620"},{"taxonomy":"product_tag","embeddable":true,"href":"https:\/\/www.fleurop-home.ch\/fr-ch\/wp-json\/wp\/v2\/product_tag?post=65620"},{"taxonomy":"woo-feed-brand","embeddable":true,"href":"https:\/\/www.fleurop-home.ch\/fr-ch\/wp-json\/wp\/v2\/woo-feed-brand?post=65620"}],"curies":[{"name":"wp","href":"https:\/\/api.w.org\/{rel}","templated":true}]}}