{"id":65592,"date":"2025-10-13T22:06:36","date_gmt":"2025-10-13T20:06:36","guid":{"rendered":"https:\/\/www.fleurop-home.ch\/de-ch\/p\/perlenfaden-transparent-0-25mm-x-50m"},"modified":"2025-12-19T08:54:02","modified_gmt":"2025-12-19T07:54:02","slug":"fil-de-perles-transparent-0-25mm-x-50m","status":"publish","type":"product","link":"https:\/\/www.fleurop-home.ch\/fr-ch\/p\/perlenfaden-transparent-0-25mm-x-50m","title":{"rendered":"Fil perl\u00e9 \u201atransparent\u2018 0.25mm x 50m"},"content":{"rendered":"<p>But d'utilisation :<br \/>\nFil fin et transparent pour enfiler et fixer des perles, des \u00e9l\u00e9ments de bijoux ou des \u00e9l\u00e9ments d\u00e9coratifs l\u00e9gers. Id\u00e9al pour les travaux floraux, les d\u00e9corations et les projets de bricolage o\u00f9 la fixation doit rester invisible.<\/p>\n<p>Caract\u00e9ristiques du produit + avantages :<br \/>\n- transparent et presque invisible<br \/>\n- haute r\u00e9sistance \u00e0 la d\u00e9chirure<br \/>\n- facile \u00e0 appliquer et flexible<br \/>\n- id\u00e9al pour les perles, les bijoux ou les d\u00e9corations d\u00e9licates<\/p>\n<p>disponible en deux versions :<br \/>\n- 0,25 mm \u00d7 50 m<br \/>\n- 0,50 mm \u00d7 50 m<\/p>","protected":false},"excerpt":{"rendered":"<p>Fil fin et transparent pour enfiler et fixer des perles, des \u00e9l\u00e9ments de bijoux ou des \u00e9l\u00e9ments de d\u00e9coration l\u00e9gers.<\/p>","protected":false},"featured_media":65658,"template":"","meta":[],"product_brand":[],"product_cat":[29,23,1178,1194,909,911],"product_tag":[289],"woo-feed-brand":[],"class_list":{"0":"post-65592","1":"product","2":"type-product","3":"status-publish","4":"has-post-thumbnail","6":"product_cat-do-it-yourself","7":"product_cat-home-living","8":"product_cat-diy","9":"product_cat-diy-helfer","10":"product_cat-weihnachten","11":"product_cat-accessoires","12":"product_tag-blumengarten-kung-ag","14":"first","15":"instock","16":"taxable","17":"shipping-taxable","18":"purchasable","19":"product-type-simple"},"_links":{"self":[{"href":"https:\/\/www.fleurop-home.ch\/fr-ch\/wp-json\/wp\/v2\/product\/65592","targetHints":{"allow":["GET"]}}],"collection":[{"href":"https:\/\/www.fleurop-home.ch\/fr-ch\/wp-json\/wp\/v2\/product"}],"about":[{"href":"https:\/\/www.fleurop-home.ch\/fr-ch\/wp-json\/wp\/v2\/types\/product"}],"wp:featuredmedia":[{"embeddable":true,"href":"https:\/\/www.fleurop-home.ch\/fr-ch\/wp-json\/wp\/v2\/media\/65658"}],"wp:attachment":[{"href":"https:\/\/www.fleurop-home.ch\/fr-ch\/wp-json\/wp\/v2\/media?parent=65592"}],"wp:term":[{"taxonomy":"product_brand","embeddable":true,"href":"https:\/\/www.fleurop-home.ch\/fr-ch\/wp-json\/wp\/v2\/product_brand?post=65592"},{"taxonomy":"product_cat","embeddable":true,"href":"https:\/\/www.fleurop-home.ch\/fr-ch\/wp-json\/wp\/v2\/product_cat?post=65592"},{"taxonomy":"product_tag","embeddable":true,"href":"https:\/\/www.fleurop-home.ch\/fr-ch\/wp-json\/wp\/v2\/product_tag?post=65592"},{"taxonomy":"woo-feed-brand","embeddable":true,"href":"https:\/\/www.fleurop-home.ch\/fr-ch\/wp-json\/wp\/v2\/woo-feed-brand?post=65592"}],"curies":[{"name":"wp","href":"https:\/\/api.w.org\/{rel}","templated":true}]}}