{"id":65591,"date":"2025-10-13T22:06:36","date_gmt":"2025-10-13T20:06:36","guid":{"rendered":"https:\/\/www.fleurop-home.ch\/de-ch\/p\/magnet-corsagen-mit-metalldisc-12-mm-3-mm-rolle-a-10-stueck"},"modified":"2025-12-19T08:54:09","modified_gmt":"2025-12-19T07:54:09","slug":"corsage-magnetique-avec-disque-metallique-12-mm-3-mm-rouleau-de-10-pieces","status":"publish","type":"product","link":"https:\/\/www.fleurop-home.ch\/fr-ch\/p\/magnet-corsagen-mit-metalldisc-12-mm-3-mm-rolle-a-10-stueck","title":{"rendered":"Aimant \u201acorsage\u2018 avec disque m\u00e9tallique 12 mm 3 mm \/ rouleau de 10 pi\u00e8ces"},"content":{"rendered":"<p>But d'utilisation :<br \/>\nAimant super puissant pour attacher des bijoux floraux aux v\u00eatements sans avoir \u00e0 les percer. Id\u00e9al pour toutes les occasions festives. Les bijoux se fixent facilement sur l'aimant pour corsage avec Floral Glue. Gr\u00e2ce \u00e0 sa petite taille, l'aimant est facile \u00e0 couvrir et convient \u00e9galement pour attacher des bijoux de cheveux.<\/p>\n<p>Caract\u00e9ristiques du produit + avantages :<br \/>\n- Puissance d'adh\u00e9rence \u00e9lev\u00e9e et taille compacte<br \/>\n- \u00d8 1,2 cm<br \/>\n- Fixation facile et propre des dessins floraux<br \/>\n- pas d'endommagement des v\u00eatements<br \/>\n- Utilisable plusieurs fois<\/p>\n<p>Remarque<br \/>\nNe pas porter ou conserver \u00e0 proximit\u00e9 d'appareils m\u00e9dicaux ! Les stimulateurs cardiaques, les pompes \u00e0 insuline, les appareils auditifs, etc. peuvent \u00eatre affect\u00e9s dans leur fonctionnement ou \u00eatre mis hors service.<br \/>\nNe pas utiliser non plus \u00e0 proximit\u00e9 de cartes de cr\u00e9dit, de cartes EC ou de cartes t\u00e9l\u00e9phoniques, car leur fonctionnement peut \u00eatre perturb\u00e9 ou effac\u00e9.<\/p>","protected":false},"excerpt":{"rendered":"<p>Aimant super puissant pour fixer les bijoux floraux aux v\u00eatements sans avoir \u00e0 les percer.<\/p>","protected":false},"featured_media":65656,"template":"","meta":[],"product_brand":[],"product_cat":[29,23],"product_tag":[289],"woo-feed-brand":[],"class_list":{"0":"post-65591","1":"product","2":"type-product","3":"status-publish","4":"has-post-thumbnail","6":"product_cat-do-it-yourself","7":"product_cat-home-living","8":"product_tag-blumengarten-kung-ag","10":"first","11":"instock","12":"taxable","13":"shipping-taxable","14":"purchasable","15":"product-type-simple"},"_links":{"self":[{"href":"https:\/\/www.fleurop-home.ch\/fr-ch\/wp-json\/wp\/v2\/product\/65591","targetHints":{"allow":["GET"]}}],"collection":[{"href":"https:\/\/www.fleurop-home.ch\/fr-ch\/wp-json\/wp\/v2\/product"}],"about":[{"href":"https:\/\/www.fleurop-home.ch\/fr-ch\/wp-json\/wp\/v2\/types\/product"}],"wp:featuredmedia":[{"embeddable":true,"href":"https:\/\/www.fleurop-home.ch\/fr-ch\/wp-json\/wp\/v2\/media\/65656"}],"wp:attachment":[{"href":"https:\/\/www.fleurop-home.ch\/fr-ch\/wp-json\/wp\/v2\/media?parent=65591"}],"wp:term":[{"taxonomy":"product_brand","embeddable":true,"href":"https:\/\/www.fleurop-home.ch\/fr-ch\/wp-json\/wp\/v2\/product_brand?post=65591"},{"taxonomy":"product_cat","embeddable":true,"href":"https:\/\/www.fleurop-home.ch\/fr-ch\/wp-json\/wp\/v2\/product_cat?post=65591"},{"taxonomy":"product_tag","embeddable":true,"href":"https:\/\/www.fleurop-home.ch\/fr-ch\/wp-json\/wp\/v2\/product_tag?post=65591"},{"taxonomy":"woo-feed-brand","embeddable":true,"href":"https:\/\/www.fleurop-home.ch\/fr-ch\/wp-json\/wp\/v2\/woo-feed-brand?post=65591"}],"curies":[{"name":"wp","href":"https:\/\/api.w.org\/{rel}","templated":true}]}}