{"id":65589,"date":"2025-10-13T22:06:35","date_gmt":"2025-10-13T20:06:35","guid":{"rendered":"https:\/\/www.fleurop-home.ch\/de-ch\/p\/kerzenbefestigungsstifte-5cm-100-stueck-mit-treiber"},"modified":"2025-12-19T08:53:49","modified_gmt":"2025-12-19T07:53:49","slug":"tiges-de-fixation-pour-bougies-5cm-100-pieces-avec-pilote","status":"publish","type":"product","link":"https:\/\/www.fleurop-home.ch\/fr-ch\/p\/kerzenbefestigungsstifte-5cm-100-stueck-mit-treiber","title":{"rendered":"Tiges de fixation pour bougies 5cm 100 pi\u00e8ces avec pilote"},"content":{"rendered":"<p>But d'utilisation :<br \/>\nPour fixer solidement les bougies sur les couronnes, les arrangements ou autres pi\u00e8ces florales. Les tiges s'enfoncent facilement dans la partie inf\u00e9rieure de la bougie \u00e0 l'aide du pilote fourni et offrent un maintien stable.<\/p>\n<p>Caract\u00e9ristiques du produit + avantages :<br \/>\n- Longueur : 5 cm<br \/>\n- en m\u00e9tal robuste<br \/>\n- pour les bougies \u00e9paisses (5 \u00e0 9 tiges recommand\u00e9es)<br \/>\n- pour les bougies fines (2 \u00e0 4 tiges recommand\u00e9es)<br \/>\n- tenue propre et solide sans cassure de la cire<\/p>\n<p>Unit\u00e9s d'emballage :<br \/>\n- 100 pi\u00e8ces avec pilote<br \/>\n- 200 pi\u00e8ces sans pilote<\/p>","protected":false},"excerpt":{"rendered":"<p>Pour fixer solidement les bougies sur les couronnes, les arrangements ou autres pi\u00e8ces florales.<\/p>","protected":false},"featured_media":65654,"template":"","meta":[],"product_brand":[],"product_cat":[29,23,1178,1194,909,911],"product_tag":[289],"woo-feed-brand":[],"class_list":{"0":"post-65589","1":"product","2":"type-product","3":"status-publish","4":"has-post-thumbnail","6":"product_cat-do-it-yourself","7":"product_cat-home-living","8":"product_cat-diy","9":"product_cat-diy-helfer","10":"product_cat-weihnachten","11":"product_cat-accessoires","12":"product_tag-blumengarten-kung-ag","14":"first","15":"instock","16":"taxable","17":"shipping-taxable","18":"purchasable","19":"product-type-simple"},"_links":{"self":[{"href":"https:\/\/www.fleurop-home.ch\/fr-ch\/wp-json\/wp\/v2\/product\/65589","targetHints":{"allow":["GET"]}}],"collection":[{"href":"https:\/\/www.fleurop-home.ch\/fr-ch\/wp-json\/wp\/v2\/product"}],"about":[{"href":"https:\/\/www.fleurop-home.ch\/fr-ch\/wp-json\/wp\/v2\/types\/product"}],"wp:featuredmedia":[{"embeddable":true,"href":"https:\/\/www.fleurop-home.ch\/fr-ch\/wp-json\/wp\/v2\/media\/65654"}],"wp:attachment":[{"href":"https:\/\/www.fleurop-home.ch\/fr-ch\/wp-json\/wp\/v2\/media?parent=65589"}],"wp:term":[{"taxonomy":"product_brand","embeddable":true,"href":"https:\/\/www.fleurop-home.ch\/fr-ch\/wp-json\/wp\/v2\/product_brand?post=65589"},{"taxonomy":"product_cat","embeddable":true,"href":"https:\/\/www.fleurop-home.ch\/fr-ch\/wp-json\/wp\/v2\/product_cat?post=65589"},{"taxonomy":"product_tag","embeddable":true,"href":"https:\/\/www.fleurop-home.ch\/fr-ch\/wp-json\/wp\/v2\/product_tag?post=65589"},{"taxonomy":"woo-feed-brand","embeddable":true,"href":"https:\/\/www.fleurop-home.ch\/fr-ch\/wp-json\/wp\/v2\/woo-feed-brand?post=65589"}],"curies":[{"name":"wp","href":"https:\/\/api.w.org\/{rel}","templated":true}]}}