{"id":65585,"date":"2025-10-13T22:06:33","date_gmt":"2025-10-13T20:06:33","guid":{"rendered":"https:\/\/www.fleurop-home.ch\/de-ch\/p\/pflanzenkleber-floral-glue-fuer-blattwerk-50ml"},"modified":"2025-12-19T08:53:09","modified_gmt":"2025-12-19T07:53:09","slug":"colle-vegetale-floral-glue-pour-feuillage-50ml","status":"publish","type":"product","link":"https:\/\/www.fleurop-home.ch\/fr-ch\/p\/pflanzenkleber-floral-glue-fuer-blattwerk-50ml","title":{"rendered":"Colle pour plantes \u201aFloral Glue\u2018 pour feuillage 50ml"},"content":{"rendered":"<p>Colle florale Clear 50 ml<\/p>\n<p>But d'utilisation :<br \/>\nColle froide florale pour une fixation s\u00fbre des fleurs fra\u00eeches et s\u00e8ches ainsi que des accessoires floraux. Id\u00e9al pour un travail pr\u00e9cis dans les bouquets, les arrangements et les d\u00e9corations o\u00f9 les points de colle doivent rester invisibles.<\/p>\n<p>Caract\u00e9ristiques du produit + avantages :<br \/>\n- convient pour les fleurs fra\u00eeches et s\u00e8ches<br \/>\n- adh\u00e8re solidement au verre, \u00e0 la c\u00e9ramique, au bois, aux rubans et autres mat\u00e9riaux<br \/>\n- colle sans endommager les structures d\u00e9licates des feuilles<br \/>\n- permet une tenue s\u00fbre sans tacher les feuilles et les fleurs<br \/>\n- colle \u00e0 froid transparente \u00e0 s\u00e9chage rapide<br \/>\n- R\u00e9sistant \u00e0 l'eau apr\u00e8s s\u00e9chage<br \/>\n- facile \u00e0 utiliser et \u00e0 doser avec pr\u00e9cision<br \/>\n- id\u00e9al partout o\u00f9 les points de colle ne doivent pas \u00eatre visibles<\/p>\n<p>Remarque<br \/>\nUniquement pour un usage professionnel. Extr\u00eamement inflammable - tenir \u00e0 l'\u00e9cart de la chaleur, des \u00e9tincelles et des flammes nues.<\/p>","protected":false},"excerpt":{"rendered":"<p>Id\u00e9al pour un travail pr\u00e9cis dans les bouquets, les arrangements et les d\u00e9corations o\u00f9 les points de colle doivent rester invisibles.<\/p>","protected":false},"featured_media":65650,"template":"","meta":[],"product_brand":[],"product_cat":[29,23,1178,1194,909,911],"product_tag":[289],"woo-feed-brand":[],"class_list":{"0":"post-65585","1":"product","2":"type-product","3":"status-publish","4":"has-post-thumbnail","6":"product_cat-do-it-yourself","7":"product_cat-home-living","8":"product_cat-diy","9":"product_cat-diy-helfer","10":"product_cat-weihnachten","11":"product_cat-accessoires","12":"product_tag-blumengarten-kung-ag","14":"first","15":"instock","16":"taxable","17":"shipping-taxable","18":"purchasable","19":"product-type-simple"},"_links":{"self":[{"href":"https:\/\/www.fleurop-home.ch\/fr-ch\/wp-json\/wp\/v2\/product\/65585","targetHints":{"allow":["GET"]}}],"collection":[{"href":"https:\/\/www.fleurop-home.ch\/fr-ch\/wp-json\/wp\/v2\/product"}],"about":[{"href":"https:\/\/www.fleurop-home.ch\/fr-ch\/wp-json\/wp\/v2\/types\/product"}],"wp:featuredmedia":[{"embeddable":true,"href":"https:\/\/www.fleurop-home.ch\/fr-ch\/wp-json\/wp\/v2\/media\/65650"}],"wp:attachment":[{"href":"https:\/\/www.fleurop-home.ch\/fr-ch\/wp-json\/wp\/v2\/media?parent=65585"}],"wp:term":[{"taxonomy":"product_brand","embeddable":true,"href":"https:\/\/www.fleurop-home.ch\/fr-ch\/wp-json\/wp\/v2\/product_brand?post=65585"},{"taxonomy":"product_cat","embeddable":true,"href":"https:\/\/www.fleurop-home.ch\/fr-ch\/wp-json\/wp\/v2\/product_cat?post=65585"},{"taxonomy":"product_tag","embeddable":true,"href":"https:\/\/www.fleurop-home.ch\/fr-ch\/wp-json\/wp\/v2\/product_tag?post=65585"},{"taxonomy":"woo-feed-brand","embeddable":true,"href":"https:\/\/www.fleurop-home.ch\/fr-ch\/wp-json\/wp\/v2\/woo-feed-brand?post=65585"}],"curies":[{"name":"wp","href":"https:\/\/api.w.org\/{rel}","templated":true}]}}