{"id":65582,"date":"2025-10-13T22:06:32","date_gmt":"2025-10-13T20:06:32","guid":{"rendered":"https:\/\/www.fleurop-home.ch\/de-ch\/p\/papierbindestreifen-gruen-0-45mm-10cm"},"modified":"2025-12-19T08:53:02","modified_gmt":"2025-12-19T07:53:02","slug":"bande-de-papier-vert-0-45mm-10cm","status":"publish","type":"product","link":"https:\/\/www.fleurop-home.ch\/fr-ch\/p\/papierbindestreifen-gruen-0-45mm-10cm","title":{"rendered":"Bande de papier \u201avert\u2018 0.45mm 10cm"},"content":{"rendered":"<p>Bande de papier vert 0,45 mm<\/p>\n<p>But d'utilisation :<br \/>\nPour lier, fixer et d\u00e9corer en art floral. Id\u00e9al pour fixer rapidement des fleurs, des branches ou des \u00e9l\u00e9ments de d\u00e9coration.<\/p>\n<p>Caract\u00e9ristiques du produit + avantages :<br \/>\n- Centre de fil stable envelopp\u00e9 de papier vert<br \/>\n- facile \u00e0 former et \u00e0 travailler<br \/>\n- couleur verte discr\u00e8te pour un aspect naturel<br \/>\n- polyvalent pour les travaux floraux, les d\u00e9corations et les emballages cadeaux<br \/>\n- Diam\u00e8tre : 0,45 mm<\/p>","protected":false},"excerpt":{"rendered":"<p>Pour lier, fixer et d\u00e9corer en art floral. Id\u00e9al pour fixer rapidement des fleurs, des branches ou des \u00e9l\u00e9ments de d\u00e9coration.<\/p>","protected":false},"featured_media":65647,"template":"","meta":[],"product_brand":[],"product_cat":[29,23,1178,1194,909,911],"product_tag":[289],"woo-feed-brand":[],"class_list":{"0":"post-65582","1":"product","2":"type-product","3":"status-publish","4":"has-post-thumbnail","6":"product_cat-do-it-yourself","7":"product_cat-home-living","8":"product_cat-diy","9":"product_cat-diy-helfer","10":"product_cat-weihnachten","11":"product_cat-accessoires","12":"product_tag-blumengarten-kung-ag","14":"first","15":"instock","16":"taxable","17":"shipping-taxable","18":"purchasable","19":"product-type-simple"},"_links":{"self":[{"href":"https:\/\/www.fleurop-home.ch\/fr-ch\/wp-json\/wp\/v2\/product\/65582","targetHints":{"allow":["GET"]}}],"collection":[{"href":"https:\/\/www.fleurop-home.ch\/fr-ch\/wp-json\/wp\/v2\/product"}],"about":[{"href":"https:\/\/www.fleurop-home.ch\/fr-ch\/wp-json\/wp\/v2\/types\/product"}],"wp:featuredmedia":[{"embeddable":true,"href":"https:\/\/www.fleurop-home.ch\/fr-ch\/wp-json\/wp\/v2\/media\/65647"}],"wp:attachment":[{"href":"https:\/\/www.fleurop-home.ch\/fr-ch\/wp-json\/wp\/v2\/media?parent=65582"}],"wp:term":[{"taxonomy":"product_brand","embeddable":true,"href":"https:\/\/www.fleurop-home.ch\/fr-ch\/wp-json\/wp\/v2\/product_brand?post=65582"},{"taxonomy":"product_cat","embeddable":true,"href":"https:\/\/www.fleurop-home.ch\/fr-ch\/wp-json\/wp\/v2\/product_cat?post=65582"},{"taxonomy":"product_tag","embeddable":true,"href":"https:\/\/www.fleurop-home.ch\/fr-ch\/wp-json\/wp\/v2\/product_tag?post=65582"},{"taxonomy":"woo-feed-brand","embeddable":true,"href":"https:\/\/www.fleurop-home.ch\/fr-ch\/wp-json\/wp\/v2\/woo-feed-brand?post=65582"}],"curies":[{"name":"wp","href":"https:\/\/api.w.org\/{rel}","templated":true}]}}