{"id":65580,"date":"2025-10-13T22:06:31","date_gmt":"2025-10-13T20:06:31","guid":{"rendered":"https:\/\/www.fleurop-home.ch\/de-ch\/p\/kerzenhalter-gruen-5-stueck"},"modified":"2025-12-19T08:52:43","modified_gmt":"2025-12-19T07:52:43","slug":"porte-bougies-vert-5-pieces","status":"publish","type":"product","link":"https:\/\/www.fleurop-home.ch\/fr-ch\/p\/kerzenhalter-gruen-5-stueck","title":{"rendered":"Bougeoir \u201avert\u2018 5 pi\u00e8ces"},"content":{"rendered":"<p>Bougeoir vert pour bougies tige \u00d8 22 mm<\/p>\n<p>But d'utilisation :<br \/>\nPorte-bougie stable pour fixer solidement les bougies \u00e0 tige dans la masse \u00e0 piquer. Id\u00e9al pour les compositions florales, les d\u00e9corations de l'Avent et les d\u00e9corations de table.<\/p>\n<p>Caract\u00e9ristiques et avantages du produit :<br \/>\n- convient aux bougies \u00e0 tige de \u00d8 22 mm<br \/>\n- facile \u00e0 ins\u00e9rer dans la masse \u00e0 embo\u00eeter<br \/>\n- offre un tr\u00e8s bon support pour les bougies<br \/>\n- Fabriqu\u00e9 en plastique robuste<br \/>\n- Utilisable plusieurs fois et interchangeable<br \/>\n- couleur verte discr\u00e8te - harmonieuse dans les compositions florales<\/p>","protected":false},"excerpt":{"rendered":"<p>Id\u00e9al pour les compositions florales, les d\u00e9corations de l'Avent et de table.<\/p>","protected":false},"featured_media":65644,"template":"","meta":[],"product_brand":[],"product_cat":[29,23,1178,1194,909,911],"product_tag":[289],"woo-feed-brand":[],"class_list":{"0":"post-65580","1":"product","2":"type-product","3":"status-publish","4":"has-post-thumbnail","6":"product_cat-do-it-yourself","7":"product_cat-home-living","8":"product_cat-diy","9":"product_cat-diy-helfer","10":"product_cat-weihnachten","11":"product_cat-accessoires","12":"product_tag-blumengarten-kung-ag","14":"first","15":"instock","16":"taxable","17":"shipping-taxable","18":"purchasable","19":"product-type-simple"},"_links":{"self":[{"href":"https:\/\/www.fleurop-home.ch\/fr-ch\/wp-json\/wp\/v2\/product\/65580","targetHints":{"allow":["GET"]}}],"collection":[{"href":"https:\/\/www.fleurop-home.ch\/fr-ch\/wp-json\/wp\/v2\/product"}],"about":[{"href":"https:\/\/www.fleurop-home.ch\/fr-ch\/wp-json\/wp\/v2\/types\/product"}],"wp:featuredmedia":[{"embeddable":true,"href":"https:\/\/www.fleurop-home.ch\/fr-ch\/wp-json\/wp\/v2\/media\/65644"}],"wp:attachment":[{"href":"https:\/\/www.fleurop-home.ch\/fr-ch\/wp-json\/wp\/v2\/media?parent=65580"}],"wp:term":[{"taxonomy":"product_brand","embeddable":true,"href":"https:\/\/www.fleurop-home.ch\/fr-ch\/wp-json\/wp\/v2\/product_brand?post=65580"},{"taxonomy":"product_cat","embeddable":true,"href":"https:\/\/www.fleurop-home.ch\/fr-ch\/wp-json\/wp\/v2\/product_cat?post=65580"},{"taxonomy":"product_tag","embeddable":true,"href":"https:\/\/www.fleurop-home.ch\/fr-ch\/wp-json\/wp\/v2\/product_tag?post=65580"},{"taxonomy":"woo-feed-brand","embeddable":true,"href":"https:\/\/www.fleurop-home.ch\/fr-ch\/wp-json\/wp\/v2\/woo-feed-brand?post=65580"}],"curies":[{"name":"wp","href":"https:\/\/api.w.org\/{rel}","templated":true}]}}