{"id":65578,"date":"2025-10-13T22:06:30","date_gmt":"2025-10-13T20:06:30","guid":{"rendered":"https:\/\/www.fleurop-home.ch\/de-ch\/p\/heissklebesticks-lt-200x11mm-5-stueck"},"modified":"2025-12-19T08:52:34","modified_gmt":"2025-12-19T07:52:34","slug":"batonnets-thermocollants-lt-200x11mm-5-pieces","status":"publish","type":"product","link":"https:\/\/www.fleurop-home.ch\/fr-ch\/p\/heissklebesticks-lt-200x11mm-5-stueck","title":{"rendered":"B\u00e2tons de colle thermofusible \u201aLT\u2018 200x11mm 5 pi\u00e8ces"},"content":{"rendered":"<p>Aussi connu sous le nom de b\u00e2tonnets de colle chaude, cartouches de colle ou colle chaude<\/p>\n<p>But d'utilisation :<br \/>\nB\u00e2tons de colle universels pour pistolets \u00e0 colle, adapt\u00e9s au collage du bois, du plastique, du tissu, du carton, de la c\u00e9ramique, des plantes s\u00e9ch\u00e9es et bien plus encore. Id\u00e9al pour l'art floral, la d\u00e9coration et le bricolage.<\/p>\n<p>Caract\u00e9ristiques du produit + avantages :<br \/>\nLowTemp 130 \u00b0C<br \/>\ntransparent<br \/>\nDiam\u00e8tre : 11 mm<br \/>\nLongueur : 200 mm<br \/>\nFlux de colle r\u00e9gulier et forte adh\u00e9rence<br \/>\npropre et facile \u00e0 appliquer<\/p>\n<p>Poids \/ unit\u00e9s d'emballage :<br \/>\n1 pi\u00e8ce = 20 g<br \/>\n6 pi\u00e8ces = 120 g<br \/>\n100 pi\u00e8ces = 2 kg<\/p>","protected":false},"excerpt":{"rendered":"<p>Id\u00e9al pour l'art floral, la d\u00e9coration et le bricolage.<\/p>","protected":false},"featured_media":65642,"template":"","meta":[],"product_brand":[],"product_cat":[29,23,1178,1194,909,911],"product_tag":[289],"woo-feed-brand":[],"class_list":{"0":"post-65578","1":"product","2":"type-product","3":"status-publish","4":"has-post-thumbnail","6":"product_cat-do-it-yourself","7":"product_cat-home-living","8":"product_cat-diy","9":"product_cat-diy-helfer","10":"product_cat-weihnachten","11":"product_cat-accessoires","12":"product_tag-blumengarten-kung-ag","14":"first","15":"instock","16":"taxable","17":"shipping-taxable","18":"purchasable","19":"product-type-simple"},"_links":{"self":[{"href":"https:\/\/www.fleurop-home.ch\/fr-ch\/wp-json\/wp\/v2\/product\/65578","targetHints":{"allow":["GET"]}}],"collection":[{"href":"https:\/\/www.fleurop-home.ch\/fr-ch\/wp-json\/wp\/v2\/product"}],"about":[{"href":"https:\/\/www.fleurop-home.ch\/fr-ch\/wp-json\/wp\/v2\/types\/product"}],"wp:featuredmedia":[{"embeddable":true,"href":"https:\/\/www.fleurop-home.ch\/fr-ch\/wp-json\/wp\/v2\/media\/65642"}],"wp:attachment":[{"href":"https:\/\/www.fleurop-home.ch\/fr-ch\/wp-json\/wp\/v2\/media?parent=65578"}],"wp:term":[{"taxonomy":"product_brand","embeddable":true,"href":"https:\/\/www.fleurop-home.ch\/fr-ch\/wp-json\/wp\/v2\/product_brand?post=65578"},{"taxonomy":"product_cat","embeddable":true,"href":"https:\/\/www.fleurop-home.ch\/fr-ch\/wp-json\/wp\/v2\/product_cat?post=65578"},{"taxonomy":"product_tag","embeddable":true,"href":"https:\/\/www.fleurop-home.ch\/fr-ch\/wp-json\/wp\/v2\/product_tag?post=65578"},{"taxonomy":"woo-feed-brand","embeddable":true,"href":"https:\/\/www.fleurop-home.ch\/fr-ch\/wp-json\/wp\/v2\/woo-feed-brand?post=65578"}],"curies":[{"name":"wp","href":"https:\/\/api.w.org\/{rel}","templated":true}]}}