{"id":65438,"date":"2025-10-13T16:05:11","date_gmt":"2025-10-13T14:05:11","guid":{"rendered":"https:\/\/www.fleurop-home.ch\/de-ch\/p\/gestrickte-spiel-wolke"},"modified":"2026-01-05T14:03:08","modified_gmt":"2026-01-05T13:03:08","slug":"nuage-de-jeu-tricote","status":"publish","type":"product","link":"https:\/\/www.fleurop-home.ch\/fr-ch\/p\/gestrickte-spiel-wolke","title":{"rendered":"Nuage de jeu tricot\u00e9"},"content":{"rendered":"<p>Bo\u00eete de jeu \u00e0 remonter de couleur menthe, nuage en coton tricot\u00e9, qui joue la m\u00e9lodie de la chanson pour enfants \"Dors petit, dors\" et accompagne ainsi doucement ton enfant vers le sommeil.<\/p>\n<p>- Bo\u00eete \u00e0 musique \u00e0 remonter avec la m\u00e9lodie de \"Dors, petit enfant, dors\".<br \/>\n- Tr\u00e8s facile \u00e0 enfiler gr\u00e2ce \u00e0 l'anneau en bois solide<br \/>\n- Neutre en termes de genre<br \/>\n- Convient aux petits enfants et aux b\u00e9b\u00e9s<br \/>\n- Ne contient pas de parties ing\u00e9rables<\/p>","protected":false},"excerpt":{"rendered":"<p>Bo\u00eete \u00e0 musique en forme de nuage en bleu clair avec des points blancs, en coton tricot\u00e9 avec cordon \u00e0 tirer, L 29 cm x 5 11 cm<\/p>","protected":false},"featured_media":65437,"template":"","meta":[],"product_brand":[],"product_cat":[62,59],"product_tag":[324],"woo-feed-brand":[],"class_list":{"0":"post-65438","1":"product","2":"type-product","3":"status-publish","4":"has-post-thumbnail","6":"product_cat-spielzeug","7":"product_cat-kids","8":"product_tag-marein-ag","10":"first","11":"instock","12":"taxable","13":"shipping-taxable","14":"purchasable","15":"product-type-simple"},"_links":{"self":[{"href":"https:\/\/www.fleurop-home.ch\/fr-ch\/wp-json\/wp\/v2\/product\/65438","targetHints":{"allow":["GET"]}}],"collection":[{"href":"https:\/\/www.fleurop-home.ch\/fr-ch\/wp-json\/wp\/v2\/product"}],"about":[{"href":"https:\/\/www.fleurop-home.ch\/fr-ch\/wp-json\/wp\/v2\/types\/product"}],"wp:featuredmedia":[{"embeddable":true,"href":"https:\/\/www.fleurop-home.ch\/fr-ch\/wp-json\/wp\/v2\/media\/65437"}],"wp:attachment":[{"href":"https:\/\/www.fleurop-home.ch\/fr-ch\/wp-json\/wp\/v2\/media?parent=65438"}],"wp:term":[{"taxonomy":"product_brand","embeddable":true,"href":"https:\/\/www.fleurop-home.ch\/fr-ch\/wp-json\/wp\/v2\/product_brand?post=65438"},{"taxonomy":"product_cat","embeddable":true,"href":"https:\/\/www.fleurop-home.ch\/fr-ch\/wp-json\/wp\/v2\/product_cat?post=65438"},{"taxonomy":"product_tag","embeddable":true,"href":"https:\/\/www.fleurop-home.ch\/fr-ch\/wp-json\/wp\/v2\/product_tag?post=65438"},{"taxonomy":"woo-feed-brand","embeddable":true,"href":"https:\/\/www.fleurop-home.ch\/fr-ch\/wp-json\/wp\/v2\/woo-feed-brand?post=65438"}],"curies":[{"name":"wp","href":"https:\/\/api.w.org\/{rel}","templated":true}]}}