{"id":65416,"date":"2025-10-13T16:03:56","date_gmt":"2025-10-13T14:03:56","guid":{"rendered":"https:\/\/www.fleurop-home.ch\/de-ch\/p\/hasen-rassel"},"modified":"2026-01-05T14:03:09","modified_gmt":"2026-01-05T13:03:09","slug":"hochet-de-lapin","status":"publish","type":"product","link":"https:\/\/www.fleurop-home.ch\/fr-ch\/p\/hasen-rassel","title":{"rendered":"Hochet en forme de lapin"},"content":{"rendered":"<p>Adorable hochet lapin en coton tricot\u00e9 avec anneau en bois pour les plus petits d'entre nous.<\/p>\n<p>- Anneau de dentition pour b\u00e9b\u00e9 en bois de h\u00eatre lisse et naturellement poli<br \/>\n- 100% Coton tricot\u00e9 de qualit\u00e9 en forme de lapin mignon<br \/>\n- Exempt de substances nocives, de produits chimiques, d'huiles, de cires et de colorants synth\u00e9tiques<br \/>\n- Taille des doigts de b\u00e9b\u00e9, jouet de pr\u00e9hension parfait pour les jeunes enfants<br \/>\n- Aide \u00e0 la pouss\u00e9e dentaire et masse les gencives en douceur et agr\u00e9ablement<br \/>\n- Id\u00e9al pour les b\u00e9b\u00e9s de 6 \u00e0 14 mois<\/p>","protected":false},"excerpt":{"rendered":"<p>Anneau de dentition en bois pour b\u00e9b\u00e9 avec lapin en coton tricot\u00e9<\/p>","protected":false},"featured_media":65415,"template":"","meta":[],"product_brand":[],"product_cat":[62,59],"product_tag":[324],"woo-feed-brand":[],"class_list":{"0":"post-65416","1":"product","2":"type-product","3":"status-publish","4":"has-post-thumbnail","6":"product_cat-spielzeug","7":"product_cat-kids","8":"product_tag-marein-ag","10":"first","11":"instock","12":"taxable","13":"shipping-taxable","14":"purchasable","15":"product-type-simple"},"_links":{"self":[{"href":"https:\/\/www.fleurop-home.ch\/fr-ch\/wp-json\/wp\/v2\/product\/65416","targetHints":{"allow":["GET"]}}],"collection":[{"href":"https:\/\/www.fleurop-home.ch\/fr-ch\/wp-json\/wp\/v2\/product"}],"about":[{"href":"https:\/\/www.fleurop-home.ch\/fr-ch\/wp-json\/wp\/v2\/types\/product"}],"wp:featuredmedia":[{"embeddable":true,"href":"https:\/\/www.fleurop-home.ch\/fr-ch\/wp-json\/wp\/v2\/media\/65415"}],"wp:attachment":[{"href":"https:\/\/www.fleurop-home.ch\/fr-ch\/wp-json\/wp\/v2\/media?parent=65416"}],"wp:term":[{"taxonomy":"product_brand","embeddable":true,"href":"https:\/\/www.fleurop-home.ch\/fr-ch\/wp-json\/wp\/v2\/product_brand?post=65416"},{"taxonomy":"product_cat","embeddable":true,"href":"https:\/\/www.fleurop-home.ch\/fr-ch\/wp-json\/wp\/v2\/product_cat?post=65416"},{"taxonomy":"product_tag","embeddable":true,"href":"https:\/\/www.fleurop-home.ch\/fr-ch\/wp-json\/wp\/v2\/product_tag?post=65416"},{"taxonomy":"woo-feed-brand","embeddable":true,"href":"https:\/\/www.fleurop-home.ch\/fr-ch\/wp-json\/wp\/v2\/woo-feed-brand?post=65416"}],"curies":[{"name":"wp","href":"https:\/\/api.w.org\/{rel}","templated":true}]}}