{"id":65380,"date":"2025-10-13T16:01:29","date_gmt":"2025-10-13T14:01:29","guid":{"rendered":"https:\/\/www.fleurop-home.ch\/de-ch\/p\/kinder-rassel-katze-nude"},"modified":"2026-01-05T14:03:11","modified_gmt":"2026-01-05T13:03:11","slug":"hochet-enfant-chat-nu","status":"publish","type":"product","link":"https:\/\/www.fleurop-home.ch\/fr-ch\/p\/kinder-rassel-katze-nude","title":{"rendered":"Hochet pour enfants, chat, nude"},"content":{"rendered":"<p>Cet anneau de dentition en forme de chat mignon est le compagnon id\u00e9al pendant la phase de croissance des dents des b\u00e9b\u00e9s et des jeunes enfants. La surface agr\u00e9ablement dure et lisse du bois de h\u00eatre assure une prise en main et une morsure solides, tandis que la balle en silicone offre une alternative plus douce pour les gencives endolories pendant la pouss\u00e9e dentaire.<br \/>\nFabriqu\u00e9 avec soin en bois certifi\u00e9 FSC et en silicone sans BPA et de qualit\u00e9 alimentaire. Approuv\u00e9 par la SGS et la FDA, ce qui garantit aux enfants et aux b\u00e9b\u00e9s un jeu sans danger.<\/p>\n<p>- Jouet de dentition en bois de h\u00eatre et silicone<br \/>\n- Taille id\u00e9ale pour la prise en main des petites mains des enfants<br \/>\n- Fabriqu\u00e9 en bois de h\u00eatre certifi\u00e9 FSC et trait\u00e9 de mani\u00e8re lisse, il offre une surface agr\u00e9ablement dure aux gencives endolories et aux gencives qui font leurs dents.<br \/>\n- La balle souple en silicone sans BPA et de qualit\u00e9 alimentaire se tourne facilement et offre une alternative plus douce.<br \/>\n- L 7,5 cm x l 1,3 cm x H 8 cm<br \/>\n- L 8 cm x l 1,3 cm x H 7,5 cm<\/p>","protected":false},"excerpt":{"rendered":"<p>Anneau de dentition chat pour enfants en bois de h\u00eatre et silicone, 3 mois et plus<\/p>","protected":false},"featured_media":65379,"template":"","meta":[],"product_brand":[],"product_cat":[62,59],"product_tag":[324],"woo-feed-brand":[],"class_list":{"0":"post-65380","1":"product","2":"type-product","3":"status-publish","4":"has-post-thumbnail","6":"product_cat-spielzeug","7":"product_cat-kids","8":"product_tag-marein-ag","10":"first","11":"instock","12":"taxable","13":"shipping-taxable","14":"purchasable","15":"product-type-simple"},"_links":{"self":[{"href":"https:\/\/www.fleurop-home.ch\/fr-ch\/wp-json\/wp\/v2\/product\/65380","targetHints":{"allow":["GET"]}}],"collection":[{"href":"https:\/\/www.fleurop-home.ch\/fr-ch\/wp-json\/wp\/v2\/product"}],"about":[{"href":"https:\/\/www.fleurop-home.ch\/fr-ch\/wp-json\/wp\/v2\/types\/product"}],"wp:featuredmedia":[{"embeddable":true,"href":"https:\/\/www.fleurop-home.ch\/fr-ch\/wp-json\/wp\/v2\/media\/65379"}],"wp:attachment":[{"href":"https:\/\/www.fleurop-home.ch\/fr-ch\/wp-json\/wp\/v2\/media?parent=65380"}],"wp:term":[{"taxonomy":"product_brand","embeddable":true,"href":"https:\/\/www.fleurop-home.ch\/fr-ch\/wp-json\/wp\/v2\/product_brand?post=65380"},{"taxonomy":"product_cat","embeddable":true,"href":"https:\/\/www.fleurop-home.ch\/fr-ch\/wp-json\/wp\/v2\/product_cat?post=65380"},{"taxonomy":"product_tag","embeddable":true,"href":"https:\/\/www.fleurop-home.ch\/fr-ch\/wp-json\/wp\/v2\/product_tag?post=65380"},{"taxonomy":"woo-feed-brand","embeddable":true,"href":"https:\/\/www.fleurop-home.ch\/fr-ch\/wp-json\/wp\/v2\/woo-feed-brand?post=65380"}],"curies":[{"name":"wp","href":"https:\/\/api.w.org\/{rel}","templated":true}]}}