{"id":65334,"date":"2025-10-13T15:58:57","date_gmt":"2025-10-13T13:58:57","guid":{"rendered":"https:\/\/www.fleurop-home.ch\/de-ch\/p\/kinder-rassel-hase-rost"},"modified":"2026-01-05T14:03:13","modified_gmt":"2026-01-05T13:03:13","slug":"hochet-enfant-lapin-rouille","status":"publish","type":"product","link":"https:\/\/www.fleurop-home.ch\/fr-ch\/p\/kinder-rassel-hase-rost","title":{"rendered":"Hochet pour enfants, lapin, rouille"},"content":{"rendered":"<p>Cet anneau de dentition en forme de lapin mignon est le compagnon id\u00e9al pendant la phase de croissance des dents des b\u00e9b\u00e9s et des jeunes enfants. La surface agr\u00e9ablement dure et lisse du bois de h\u00eatre assure une prise en main et une morsure solides, tandis que la balle en silicone offre une alternative plus douce pour les gencives endolories pendant la pouss\u00e9e dentaire.<br \/>\nFabriqu\u00e9 avec soin en bois certifi\u00e9 FSC et en silicone sans BPA et de qualit\u00e9 alimentaire. Approuv\u00e9 par la SGS et la FDA, ce qui garantit aux enfants et aux b\u00e9b\u00e9s un jeu sans danger.<\/p>\n<p>- Jouet de dentition en bois de h\u00eatre et silicone<br \/>\n- Taille id\u00e9ale pour les petites mains des enfants<br \/>\n- En bois de h\u00eatre certifi\u00e9 FSC et travaill\u00e9 de mani\u00e8re lisse, qui offre une surface agr\u00e9ablement dure aux gencives endolories et aux dents qui poussent.<br \/>\n- La balle souple en silicone sans BPA et de qualit\u00e9 alimentaire se tourne facilement et offre une alternative plus douce.<br \/>\n- L 10 cm x l 8 cm x H 1,5 cm<\/p>","protected":false},"excerpt":{"rendered":"<p>Anneau de dentition lapin en bois de h\u00eatre et silicone pour les enfants de 3 mois et plus<\/p>","protected":false},"featured_media":65333,"template":"","meta":[],"product_brand":[],"product_cat":[62,59],"product_tag":[324],"woo-feed-brand":[],"class_list":{"0":"post-65334","1":"product","2":"type-product","3":"status-publish","4":"has-post-thumbnail","6":"product_cat-spielzeug","7":"product_cat-kids","8":"product_tag-marein-ag","10":"first","11":"instock","12":"taxable","13":"shipping-taxable","14":"purchasable","15":"product-type-simple"},"_links":{"self":[{"href":"https:\/\/www.fleurop-home.ch\/fr-ch\/wp-json\/wp\/v2\/product\/65334","targetHints":{"allow":["GET"]}}],"collection":[{"href":"https:\/\/www.fleurop-home.ch\/fr-ch\/wp-json\/wp\/v2\/product"}],"about":[{"href":"https:\/\/www.fleurop-home.ch\/fr-ch\/wp-json\/wp\/v2\/types\/product"}],"wp:featuredmedia":[{"embeddable":true,"href":"https:\/\/www.fleurop-home.ch\/fr-ch\/wp-json\/wp\/v2\/media\/65333"}],"wp:attachment":[{"href":"https:\/\/www.fleurop-home.ch\/fr-ch\/wp-json\/wp\/v2\/media?parent=65334"}],"wp:term":[{"taxonomy":"product_brand","embeddable":true,"href":"https:\/\/www.fleurop-home.ch\/fr-ch\/wp-json\/wp\/v2\/product_brand?post=65334"},{"taxonomy":"product_cat","embeddable":true,"href":"https:\/\/www.fleurop-home.ch\/fr-ch\/wp-json\/wp\/v2\/product_cat?post=65334"},{"taxonomy":"product_tag","embeddable":true,"href":"https:\/\/www.fleurop-home.ch\/fr-ch\/wp-json\/wp\/v2\/product_tag?post=65334"},{"taxonomy":"woo-feed-brand","embeddable":true,"href":"https:\/\/www.fleurop-home.ch\/fr-ch\/wp-json\/wp\/v2\/woo-feed-brand?post=65334"}],"curies":[{"name":"wp","href":"https:\/\/api.w.org\/{rel}","templated":true}]}}