{"id":65307,"date":"2025-10-13T15:57:49","date_gmt":"2025-10-13T13:57:49","guid":{"rendered":"https:\/\/www.fleurop-home.ch\/de-ch\/p\/sandspielzeugset-aus-silikon"},"modified":"2026-04-22T09:53:35","modified_gmt":"2026-04-22T07:53:35","slug":"set-de-jouets-de-sable-en-silicone","status":"publish","type":"product","link":"https:\/\/www.fleurop-home.ch\/fr-ch\/p\/sandspielzeugset-aus-silikon","title":{"rendered":"Set de jouets de sable en silicone"},"content":{"rendered":"<p>Notre ensemble de jouets de sable aux couleurs fra\u00eeches bleu, beige et rose est parfait pour les journ\u00e9es ensoleill\u00e9es \u00e0 la plage ou dans le bac \u00e0 sable. Il contient un chaudron, une pelle et 5 formes amusantes. Le mat\u00e9riau en silicone ne passe pas seulement au lave-vaisselle, il est \u00e9galement s\u00fbr pour les enfants. Cet ensemble stimule l'imagination et la cr\u00e9ativit\u00e9 des petits et favorise des heures de jeu. Dans son bel emballage, c'est aussi un super cadeau.<\/p>\n<p>- Set de jouets de sable avec 1 x bouilloire, 1 x pelle et 5 x moules<br \/>\n- R\u00e9sistant au lave-vaisselle<br \/>\n- Encourage la cr\u00e9ativit\u00e9 des enfants<br \/>\n- Cadeau id\u00e9al gr\u00e2ce au bel emballage<br \/>\n- Silicone certifi\u00e9 sans BPA et de qualit\u00e9 alimentaire, approuv\u00e9 par SGS &amp; FDA<\/p>","protected":false},"excerpt":{"rendered":"<p>Set de jouets de sable pour enfants, en silicone bleu\/beige\/rose, avec chaudron, pelle et moules<\/p>","protected":false},"featured_media":65306,"template":"","meta":[],"product_brand":[],"product_cat":[62,1263,1266,59],"product_tag":[324],"woo-feed-brand":[],"class_list":{"0":"post-65307","1":"product","2":"type-product","3":"status-publish","4":"has-post-thumbnail","6":"product_cat-spielzeug","7":"product_cat-fleuropkids","8":"product_cat-garten-outdoor","9":"product_cat-kids","10":"product_tag-marein-ag","12":"first","13":"instock","14":"taxable","15":"shipping-taxable","16":"purchasable","17":"product-type-simple"},"_links":{"self":[{"href":"https:\/\/www.fleurop-home.ch\/fr-ch\/wp-json\/wp\/v2\/product\/65307","targetHints":{"allow":["GET"]}}],"collection":[{"href":"https:\/\/www.fleurop-home.ch\/fr-ch\/wp-json\/wp\/v2\/product"}],"about":[{"href":"https:\/\/www.fleurop-home.ch\/fr-ch\/wp-json\/wp\/v2\/types\/product"}],"wp:featuredmedia":[{"embeddable":true,"href":"https:\/\/www.fleurop-home.ch\/fr-ch\/wp-json\/wp\/v2\/media\/65306"}],"wp:attachment":[{"href":"https:\/\/www.fleurop-home.ch\/fr-ch\/wp-json\/wp\/v2\/media?parent=65307"}],"wp:term":[{"taxonomy":"product_brand","embeddable":true,"href":"https:\/\/www.fleurop-home.ch\/fr-ch\/wp-json\/wp\/v2\/product_brand?post=65307"},{"taxonomy":"product_cat","embeddable":true,"href":"https:\/\/www.fleurop-home.ch\/fr-ch\/wp-json\/wp\/v2\/product_cat?post=65307"},{"taxonomy":"product_tag","embeddable":true,"href":"https:\/\/www.fleurop-home.ch\/fr-ch\/wp-json\/wp\/v2\/product_tag?post=65307"},{"taxonomy":"woo-feed-brand","embeddable":true,"href":"https:\/\/www.fleurop-home.ch\/fr-ch\/wp-json\/wp\/v2\/woo-feed-brand?post=65307"}],"curies":[{"name":"wp","href":"https:\/\/api.w.org\/{rel}","templated":true}]}}