{"id":65296,"date":"2025-10-13T15:57:30","date_gmt":"2025-10-13T13:57:30","guid":{"rendered":"https:\/\/www.fleurop-home.ch\/de-ch\/p\/positive-plant-gehaekelter-mini-gluecksbringer-plueschtier"},"modified":"2026-04-15T16:47:46","modified_gmt":"2026-04-15T14:47:46","slug":"mini-peluche-porte-bonheur-crochetee-positive-plant","status":"publish","type":"product","link":"https:\/\/www.fleurop-home.ch\/fr-ch\/p\/positive-plant-gehaekelter-mini-gluecksbringer-plueschtier","title":{"rendered":"Positive Plant Mini peluche porte-bonheur au crochet"},"content":{"rendered":"<p>Tu cherches un cadeau original ?<\/p>\n<p>Alors commande d\u00e8s aujourd'hui cette adorable Positive Plant ! Cette peluche au crochet est id\u00e9ale comme cadeau, encouragement ou porte-bonheur. Place le pot de fleurs avec un c\u0153ur sur ton bureau, ta table de nuit ou emm\u00e8ne-le avec toi lors d'examens importants. Offre le mini-animal en peluche \u00e0 une personne qui compte pour toi et fais na\u00eetre un sourire sur son visage !<\/p>\n<p>Mini plante au crochet<br \/>\n- Couleur : marron\/vert\/rouge<br \/>\n- Motif : pot de fleurs en forme de c\u0153ur<br \/>\n- Mat\u00e9riel : fil de coton laitier\/plastique\/papier<br \/>\n- Taille : environ 14 x 6 cm<br \/>\n- Poids : environ 25 g<\/p>","protected":false},"excerpt":{"rendered":"<p>Positive Plant, mini peluche crochet\u00e9e \/ porte-bonheur, 14 x 6cm<\/p>","protected":false},"featured_media":76836,"template":"","meta":[],"product_brand":[],"product_cat":[1112,1023,797,1018,1026,52,53,1248],"product_tag":[324],"woo-feed-brand":[],"class_list":{"0":"post-65296","1":"product","2":"type-product","3":"status-publish","4":"has-post-thumbnail","6":"product_cat-positive-potatoes","7":"product_cat-fuer-mama","8":"product_cat-muttertag","9":"product_cat-ostern","10":"product_cat-osternest","11":"product_cat-geschenke","12":"product_cat-geschenksets","13":"product_cat-kleinigkeiten","14":"product_tag-marein-ag","16":"first","17":"instock","18":"featured","19":"taxable","20":"shipping-taxable","21":"purchasable","22":"product-type-simple"},"_links":{"self":[{"href":"https:\/\/www.fleurop-home.ch\/fr-ch\/wp-json\/wp\/v2\/product\/65296","targetHints":{"allow":["GET"]}}],"collection":[{"href":"https:\/\/www.fleurop-home.ch\/fr-ch\/wp-json\/wp\/v2\/product"}],"about":[{"href":"https:\/\/www.fleurop-home.ch\/fr-ch\/wp-json\/wp\/v2\/types\/product"}],"wp:featuredmedia":[{"embeddable":true,"href":"https:\/\/www.fleurop-home.ch\/fr-ch\/wp-json\/wp\/v2\/media\/76836"}],"wp:attachment":[{"href":"https:\/\/www.fleurop-home.ch\/fr-ch\/wp-json\/wp\/v2\/media?parent=65296"}],"wp:term":[{"taxonomy":"product_brand","embeddable":true,"href":"https:\/\/www.fleurop-home.ch\/fr-ch\/wp-json\/wp\/v2\/product_brand?post=65296"},{"taxonomy":"product_cat","embeddable":true,"href":"https:\/\/www.fleurop-home.ch\/fr-ch\/wp-json\/wp\/v2\/product_cat?post=65296"},{"taxonomy":"product_tag","embeddable":true,"href":"https:\/\/www.fleurop-home.ch\/fr-ch\/wp-json\/wp\/v2\/product_tag?post=65296"},{"taxonomy":"woo-feed-brand","embeddable":true,"href":"https:\/\/www.fleurop-home.ch\/fr-ch\/wp-json\/wp\/v2\/woo-feed-brand?post=65296"}],"curies":[{"name":"wp","href":"https:\/\/api.w.org\/{rel}","templated":true}]}}