{"id":65287,"date":"2025-10-13T15:57:15","date_gmt":"2025-10-13T13:57:15","guid":{"rendered":"https:\/\/www.fleurop-home.ch\/de-ch\/p\/positive-biene"},"modified":"2026-05-06T15:05:45","modified_gmt":"2026-05-06T13:05:45","slug":"abeille-positive","status":"publish","type":"product","link":"https:\/\/www.fleurop-home.ch\/fr-ch\/p\/positive-biene","title":{"rendered":"Abeille positive"},"content":{"rendered":"<p>Cette petite abeille bourdonne de bonne humeur !<\/p>\n<p>L'abeille positive est un porte-bonheur crochet\u00e9 \u00e0 la main dans un jaune joyeux avec le slogan court et positif :<br \/>\n\"Bee happy\"<\/p>\n<p>Un cadeau parfait pour les personnes qui ont besoin d'un peu de l\u00e9g\u00e8ret\u00e9, de bonne humeur ou simplement d'un petit coup de pouce - id\u00e9al pour offrir de la joie.<\/p>\n<p>Mini abeille au crochet<br \/>\n- Id\u00e9e cadeau parfaite<br \/>\n- Dimensions:environ 7,5 x 7,5 cm<br \/>\n- Mat\u00e9riel : fil de coton\/plastique\/papier<\/p>","protected":false},"excerpt":{"rendered":"<p>Positive Bee \u201cBee happy\u201d, Mini peluche crochet\u00e9e \/ porte-bonheur, jaune, env. 7.5 x 7.5 cm<\/p>","protected":false},"featured_media":65286,"template":"","meta":[],"product_brand":[],"product_cat":[1112,1023,797,1018,1026,52,53,1248],"product_tag":[324,1274],"woo-feed-brand":[],"class_list":{"0":"post-65287","1":"product","2":"type-product","3":"status-publish","4":"has-post-thumbnail","6":"product_cat-positive-potatoes","7":"product_cat-fuer-mama","8":"product_cat-muttertag","9":"product_cat-ostern","10":"product_cat-osternest","11":"product_cat-geschenke","12":"product_cat-geschenksets","13":"product_cat-kleinigkeiten","14":"product_tag-marein-ag","15":"product_tag-pos","17":"first","18":"instock","19":"featured","20":"taxable","21":"shipping-taxable","22":"purchasable","23":"product-type-simple"},"_links":{"self":[{"href":"https:\/\/www.fleurop-home.ch\/fr-ch\/wp-json\/wp\/v2\/product\/65287","targetHints":{"allow":["GET"]}}],"collection":[{"href":"https:\/\/www.fleurop-home.ch\/fr-ch\/wp-json\/wp\/v2\/product"}],"about":[{"href":"https:\/\/www.fleurop-home.ch\/fr-ch\/wp-json\/wp\/v2\/types\/product"}],"wp:featuredmedia":[{"embeddable":true,"href":"https:\/\/www.fleurop-home.ch\/fr-ch\/wp-json\/wp\/v2\/media\/65286"}],"wp:attachment":[{"href":"https:\/\/www.fleurop-home.ch\/fr-ch\/wp-json\/wp\/v2\/media?parent=65287"}],"wp:term":[{"taxonomy":"product_brand","embeddable":true,"href":"https:\/\/www.fleurop-home.ch\/fr-ch\/wp-json\/wp\/v2\/product_brand?post=65287"},{"taxonomy":"product_cat","embeddable":true,"href":"https:\/\/www.fleurop-home.ch\/fr-ch\/wp-json\/wp\/v2\/product_cat?post=65287"},{"taxonomy":"product_tag","embeddable":true,"href":"https:\/\/www.fleurop-home.ch\/fr-ch\/wp-json\/wp\/v2\/product_tag?post=65287"},{"taxonomy":"woo-feed-brand","embeddable":true,"href":"https:\/\/www.fleurop-home.ch\/fr-ch\/wp-json\/wp\/v2\/woo-feed-brand?post=65287"}],"curies":[{"name":"wp","href":"https:\/\/api.w.org\/{rel}","templated":true}]}}