{"id":65273,"date":"2025-10-13T15:56:46","date_gmt":"2025-10-13T13:56:46","guid":{"rendered":"https:\/\/www.fleurop-home.ch\/de-ch\/p\/kinderteeset-aus-silikon-sienna"},"modified":"2026-01-05T14:03:15","modified_gmt":"2026-01-05T13:03:15","slug":"set-de-the-en-silicone-pour-enfants-sienna","status":"publish","type":"product","link":"https:\/\/www.fleurop-home.ch\/fr-ch\/p\/kinderteeset-aus-silikon-sienna","title":{"rendered":"Set de th\u00e9 pour enfants en silicone, Sienna"},"content":{"rendered":"<p>Avec notre set de th\u00e9 pour enfants en Sienna\/beige, le teatime deviendra une exp\u00e9rience inoubliable pour tes petits. Cet ensemble de jouets comprend 2 tasses avec soucoupe et cuill\u00e8re, 1 bouilloire et 1 sucrier, le tout fabriqu\u00e9 dans des mat\u00e9riaux en silicone s\u00fbrs et r\u00e9sistants au lave-vaisselle. Tes enfants d\u00e9velopperont leur cr\u00e9ativit\u00e9 et leurs comp\u00e9tences sociales pendant qu'ils inventeront des histoires sur l'heure du th\u00e9. Ce cadeau dans un emballage attrayant encourage l'apprentissage et l'interaction sociale de mani\u00e8re ludique.<\/p>\n<p>- Set de th\u00e9 ludique complet : 2 x tasses avec soucoupes et cuill\u00e8res, 1 x bouilloire et 1 x sucrier<br \/>\n- R\u00e9sistant au lave-vaisselle<br \/>\n- Encourage la cr\u00e9ativit\u00e9 et les comp\u00e9tences sociales des enfants.<br \/>\n- Cadeau id\u00e9al gr\u00e2ce au bel emballage<br \/>\n- Silicone certifi\u00e9 sans BPA et de qualit\u00e9 alimentaire, approuv\u00e9 par SGS &amp; FDA<\/p>","protected":false},"excerpt":{"rendered":"<p>Set de th\u00e9 pour enfants, en silicone en terre de Sienne\/beige, avec tasses, bouilloire et sucrier<\/p>","protected":false},"featured_media":65272,"template":"","meta":[],"product_brand":[],"product_cat":[62,59],"product_tag":[324],"woo-feed-brand":[],"class_list":{"0":"post-65273","1":"product","2":"type-product","3":"status-publish","4":"has-post-thumbnail","6":"product_cat-spielzeug","7":"product_cat-kids","8":"product_tag-marein-ag","10":"first","11":"instock","12":"taxable","13":"shipping-taxable","14":"purchasable","15":"product-type-simple"},"_links":{"self":[{"href":"https:\/\/www.fleurop-home.ch\/fr-ch\/wp-json\/wp\/v2\/product\/65273","targetHints":{"allow":["GET"]}}],"collection":[{"href":"https:\/\/www.fleurop-home.ch\/fr-ch\/wp-json\/wp\/v2\/product"}],"about":[{"href":"https:\/\/www.fleurop-home.ch\/fr-ch\/wp-json\/wp\/v2\/types\/product"}],"wp:featuredmedia":[{"embeddable":true,"href":"https:\/\/www.fleurop-home.ch\/fr-ch\/wp-json\/wp\/v2\/media\/65272"}],"wp:attachment":[{"href":"https:\/\/www.fleurop-home.ch\/fr-ch\/wp-json\/wp\/v2\/media?parent=65273"}],"wp:term":[{"taxonomy":"product_brand","embeddable":true,"href":"https:\/\/www.fleurop-home.ch\/fr-ch\/wp-json\/wp\/v2\/product_brand?post=65273"},{"taxonomy":"product_cat","embeddable":true,"href":"https:\/\/www.fleurop-home.ch\/fr-ch\/wp-json\/wp\/v2\/product_cat?post=65273"},{"taxonomy":"product_tag","embeddable":true,"href":"https:\/\/www.fleurop-home.ch\/fr-ch\/wp-json\/wp\/v2\/product_tag?post=65273"},{"taxonomy":"woo-feed-brand","embeddable":true,"href":"https:\/\/www.fleurop-home.ch\/fr-ch\/wp-json\/wp\/v2\/woo-feed-brand?post=65273"}],"curies":[{"name":"wp","href":"https:\/\/api.w.org\/{rel}","templated":true}]}}