{"id":65255,"date":"2025-10-13T15:56:04","date_gmt":"2025-10-13T13:56:04","guid":{"rendered":"https:\/\/www.fleurop-home.ch\/de-ch\/p\/kids-dekoration-fuchs"},"modified":"2026-04-22T09:58:26","modified_gmt":"2026-04-22T07:58:26","slug":"decoration-kids-renard","status":"publish","type":"product","link":"https:\/\/www.fleurop-home.ch\/fr-ch\/p\/kids-dekoration-fuchs","title":{"rendered":"D\u00e9coration Kids, renard"},"content":{"rendered":"<p>Adorable d\u00e9coration pour enfants en forme de t\u00eate de renard pour d\u00e9corer l'\u00e9tag\u00e8re des enfants.<\/p>\n<p>- Facile \u00e0 mettre en place<br \/>\n- Imprim\u00e9 d'un c\u00f4t\u00e9 avec un motif de renard<br \/>\n- Dimensions 13 cm de long, 2,5 cm de large, 13,5 cm de haut<\/p>","protected":false},"excerpt":{"rendered":"<p>D\u00e9coration pour enfants \u00e0 poser, t\u00eate de renard, H 13.5 cm x L 13 cm<\/p>","protected":false},"featured_media":65254,"template":"","meta":[],"product_brand":[],"product_cat":[64,1263,1269,1207,909,915,59],"product_tag":[324],"woo-feed-brand":[],"class_list":{"0":"post-65255","1":"product","2":"type-product","3":"status-publish","4":"has-post-thumbnail","6":"product_cat-kinderzimmer-deko","7":"product_cat-fleuropkids","8":"product_cat-kinderzimmer-deko-fleuropkids","9":"product_cat-unter-25-chf","10":"product_cat-weihnachten","11":"product_cat-wichteln","12":"product_cat-kids","13":"product_tag-marein-ag","15":"first","16":"instock","17":"taxable","18":"shipping-taxable","19":"purchasable","20":"product-type-simple"},"_links":{"self":[{"href":"https:\/\/www.fleurop-home.ch\/fr-ch\/wp-json\/wp\/v2\/product\/65255","targetHints":{"allow":["GET"]}}],"collection":[{"href":"https:\/\/www.fleurop-home.ch\/fr-ch\/wp-json\/wp\/v2\/product"}],"about":[{"href":"https:\/\/www.fleurop-home.ch\/fr-ch\/wp-json\/wp\/v2\/types\/product"}],"wp:featuredmedia":[{"embeddable":true,"href":"https:\/\/www.fleurop-home.ch\/fr-ch\/wp-json\/wp\/v2\/media\/65254"}],"wp:attachment":[{"href":"https:\/\/www.fleurop-home.ch\/fr-ch\/wp-json\/wp\/v2\/media?parent=65255"}],"wp:term":[{"taxonomy":"product_brand","embeddable":true,"href":"https:\/\/www.fleurop-home.ch\/fr-ch\/wp-json\/wp\/v2\/product_brand?post=65255"},{"taxonomy":"product_cat","embeddable":true,"href":"https:\/\/www.fleurop-home.ch\/fr-ch\/wp-json\/wp\/v2\/product_cat?post=65255"},{"taxonomy":"product_tag","embeddable":true,"href":"https:\/\/www.fleurop-home.ch\/fr-ch\/wp-json\/wp\/v2\/product_tag?post=65255"},{"taxonomy":"woo-feed-brand","embeddable":true,"href":"https:\/\/www.fleurop-home.ch\/fr-ch\/wp-json\/wp\/v2\/woo-feed-brand?post=65255"}],"curies":[{"name":"wp","href":"https:\/\/api.w.org\/{rel}","templated":true}]}}