{"id":65190,"date":"2025-10-13T15:53:44","date_gmt":"2025-10-13T13:53:44","guid":{"rendered":"https:\/\/www.fleurop-home.ch\/de-ch\/p\/kinder-decke-rosa-80x100cm"},"modified":"2026-01-05T14:03:21","modified_gmt":"2026-01-05T13:03:21","slug":"couverture-enfant-rose-80x100cm","status":"publish","type":"product","link":"https:\/\/www.fleurop-home.ch\/fr-ch\/p\/kinder-decke-rosa-80x100cm","title":{"rendered":"Couverture pour enfants, rose, 80x100cm"},"content":{"rendered":"<p>Cette couverture pour b\u00e9b\u00e9 en coton tricot\u00e9 avec un motif en filigrane apporte de la chaleur \u00e0 nos petits dans leur poussette ou leur lit.<\/p>\n<p>- Couverture pour b\u00e9b\u00e9 en rose<br \/>\n- En coton ultra-doux de qualit\u00e9<br \/>\n- Lavable \u00e0 40 degr\u00e9s<br \/>\n- Id\u00e9al pour la poussette ou les voyages<br \/>\n- Exempt de substances nocives, de produits chimiques et de colorants synth\u00e9tiques<br \/>\n- 80 x 100 cm<\/p>","protected":false},"excerpt":{"rendered":"<p>Couverture tricot\u00e9e pour b\u00e9b\u00e9 en coton rose, 80 x 100 cm<\/p>","protected":false},"featured_media":65189,"template":"","meta":[],"product_brand":[],"product_cat":[60,23,31,59],"product_tag":[324],"woo-feed-brand":[],"class_list":{"0":"post-65190","1":"product","2":"type-product","3":"status-publish","4":"has-post-thumbnail","6":"product_cat-kindertextilien","7":"product_cat-home-living","8":"product_cat-heimtextilien","9":"product_cat-kids","10":"product_tag-marein-ag","12":"first","13":"instock","14":"taxable","15":"shipping-taxable","16":"purchasable","17":"product-type-simple"},"_links":{"self":[{"href":"https:\/\/www.fleurop-home.ch\/fr-ch\/wp-json\/wp\/v2\/product\/65190","targetHints":{"allow":["GET"]}}],"collection":[{"href":"https:\/\/www.fleurop-home.ch\/fr-ch\/wp-json\/wp\/v2\/product"}],"about":[{"href":"https:\/\/www.fleurop-home.ch\/fr-ch\/wp-json\/wp\/v2\/types\/product"}],"wp:featuredmedia":[{"embeddable":true,"href":"https:\/\/www.fleurop-home.ch\/fr-ch\/wp-json\/wp\/v2\/media\/65189"}],"wp:attachment":[{"href":"https:\/\/www.fleurop-home.ch\/fr-ch\/wp-json\/wp\/v2\/media?parent=65190"}],"wp:term":[{"taxonomy":"product_brand","embeddable":true,"href":"https:\/\/www.fleurop-home.ch\/fr-ch\/wp-json\/wp\/v2\/product_brand?post=65190"},{"taxonomy":"product_cat","embeddable":true,"href":"https:\/\/www.fleurop-home.ch\/fr-ch\/wp-json\/wp\/v2\/product_cat?post=65190"},{"taxonomy":"product_tag","embeddable":true,"href":"https:\/\/www.fleurop-home.ch\/fr-ch\/wp-json\/wp\/v2\/product_tag?post=65190"},{"taxonomy":"woo-feed-brand","embeddable":true,"href":"https:\/\/www.fleurop-home.ch\/fr-ch\/wp-json\/wp\/v2\/woo-feed-brand?post=65190"}],"curies":[{"name":"wp","href":"https:\/\/api.w.org\/{rel}","templated":true}]}}