{"id":65151,"date":"2025-10-13T15:51:46","date_gmt":"2025-10-13T13:51:46","guid":{"rendered":"https:\/\/www.fleurop-home.ch\/de-ch\/p\/musselin-tuch-120x100dusty-orange"},"modified":"2026-01-05T14:03:23","modified_gmt":"2026-01-05T13:03:23","slug":"tissu-musselin-120x100dusty-orange","status":"publish","type":"product","link":"https:\/\/www.fleurop-home.ch\/fr-ch\/p\/musselin-tuch-120x100dusty-orange","title":{"rendered":"Tissu de mousseline, 120\u00d7100,dusty orange"},"content":{"rendered":"<p>Les foulards faciles \u00e0 entretenir en mousseline de coton de qualit\u00e9 peuvent \u00eatre utilis\u00e9s de diff\u00e9rentes mani\u00e8res. Ce joli tissu respirant se distingue par sa structure piqu\u00e9e caract\u00e9ristique, que l'on conna\u00eet aussi des doudous pour b\u00e9b\u00e9s. Cette \u00e9charpe l\u00e9g\u00e8re peut \u00eatre utilis\u00e9e de diff\u00e9rentes mani\u00e8res : comme couverture pour la poussette, comme joli foulard, comme accessoire de mode ou comme tissu d\u00e9coratif.<\/p>\n<p>- Tissu de gaze en coton-mousseline orange, 120 x 100 cm<br \/>\n- 100% Coton de qualit\u00e9<br \/>\n- Tissage de la mousseline avec une teinture de haute qualit\u00e9 qui ne se d\u00e9colore pas m\u00eame apr\u00e8s de nombreux lavages<br \/>\n- Convient comme crachoir pour b\u00e9b\u00e9, drap pour b\u00e9b\u00e9, drap \u00e0 langer, couverture pour b\u00e9b\u00e9, \u00e9charpe, drap d'allaitement ou couverture de jeu.<br \/>\n- \u00c9quilibre la temp\u00e9rature et respire<br \/>\n- Fabriqu\u00e9 sans colorants synth\u00e9tiques, produits chimiques et allerg\u00e8nes avec des partenaires certifi\u00e9s<br \/>\n- Lavable \u00e0 40 - 60 degr\u00e9s<\/p>","protected":false},"excerpt":{"rendered":"<p>Tissu mousseline \/ tissu de gaze en coton bio 100% comme doudou pour les b\u00e9b\u00e9s ou comme accessoire de mode et de d\u00e9coration en Dusty Orange, 120 x 100 cm<\/p>","protected":false},"featured_media":65150,"template":"","meta":[],"product_brand":[],"product_cat":[31,23,59,60],"product_tag":[324],"woo-feed-brand":[],"class_list":{"0":"post-65151","1":"product","2":"type-product","3":"status-publish","4":"has-post-thumbnail","6":"product_cat-heimtextilien","7":"product_cat-home-living","8":"product_cat-kids","9":"product_cat-kindertextilien","10":"product_tag-marein-ag","12":"first","13":"instock","14":"taxable","15":"shipping-taxable","16":"purchasable","17":"product-type-simple"},"_links":{"self":[{"href":"https:\/\/www.fleurop-home.ch\/fr-ch\/wp-json\/wp\/v2\/product\/65151","targetHints":{"allow":["GET"]}}],"collection":[{"href":"https:\/\/www.fleurop-home.ch\/fr-ch\/wp-json\/wp\/v2\/product"}],"about":[{"href":"https:\/\/www.fleurop-home.ch\/fr-ch\/wp-json\/wp\/v2\/types\/product"}],"wp:featuredmedia":[{"embeddable":true,"href":"https:\/\/www.fleurop-home.ch\/fr-ch\/wp-json\/wp\/v2\/media\/65150"}],"wp:attachment":[{"href":"https:\/\/www.fleurop-home.ch\/fr-ch\/wp-json\/wp\/v2\/media?parent=65151"}],"wp:term":[{"taxonomy":"product_brand","embeddable":true,"href":"https:\/\/www.fleurop-home.ch\/fr-ch\/wp-json\/wp\/v2\/product_brand?post=65151"},{"taxonomy":"product_cat","embeddable":true,"href":"https:\/\/www.fleurop-home.ch\/fr-ch\/wp-json\/wp\/v2\/product_cat?post=65151"},{"taxonomy":"product_tag","embeddable":true,"href":"https:\/\/www.fleurop-home.ch\/fr-ch\/wp-json\/wp\/v2\/product_tag?post=65151"},{"taxonomy":"woo-feed-brand","embeddable":true,"href":"https:\/\/www.fleurop-home.ch\/fr-ch\/wp-json\/wp\/v2\/woo-feed-brand?post=65151"}],"curies":[{"name":"wp","href":"https:\/\/api.w.org\/{rel}","templated":true}]}}