{"id":65133,"date":"2025-10-13T15:50:37","date_gmt":"2025-10-13T13:50:37","guid":{"rendered":"https:\/\/www.fleurop-home.ch\/de-ch\/p\/kinder-teller-katze-rost"},"modified":"2026-01-05T14:03:24","modified_gmt":"2026-01-05T13:03:24","slug":"assiette-enfant-chat-rouille","status":"publish","type":"product","link":"https:\/\/www.fleurop-home.ch\/fr-ch\/p\/kinder-teller-katze-rost","title":{"rendered":"Assiette pour enfants, chat, rouille"},"content":{"rendered":"<p>Cette assiette pour enfants super pratique en forme de chat est \u00e9quip\u00e9e d'un pied \u00e0 ventouse qui garantit une tenue stable sur les surfaces de table. Le silicone l\u00e9ger mais robuste ne fait pas de d\u00e9g\u00e2ts ou de bruit en tombant ou en jouant - parfait quand les petits lancent autour d'eux. La texture douce du 100% en silicone sans BPA et de qualit\u00e9 alimentaire prot\u00e8ge les gencives douloureuses pendant la mastication et aide \u00e0 la dentition. Convient au lave-vaisselle et au micro-ondes.<\/p>\n<p>- Assiette pour enfant en forme de chat, antid\u00e9rapante et incassable<br \/>\n- La ventouse pratique permet de tenir sur les surfaces de table lisses<br \/>\n- Diam\u00e8tre de 15 cm<br \/>\n- L'assiette en silicone ne se casse pas<br \/>\n- Passe au micro-ondes et au lave-vaisselle<br \/>\n- Facile \u00e0 porter et \u00e0 transporter<br \/>\n- Silicone certifi\u00e9 sans BPA et de qualit\u00e9 alimentaire, approuv\u00e9 par SGS &amp; FDA<\/p>","protected":false},"excerpt":{"rendered":"<p>Assiette chat pour enfants en silicone rouge rouille avec ventouse, \u00d8 15 cm<\/p>","protected":false},"featured_media":65132,"template":"","meta":[],"product_brand":[],"product_cat":[61,59],"product_tag":[324],"woo-feed-brand":[],"class_list":{"0":"post-65133","1":"product","2":"type-product","3":"status-publish","4":"has-post-thumbnail","6":"product_cat-kindergeschirr","7":"product_cat-kids","8":"product_tag-marein-ag","10":"first","11":"instock","12":"taxable","13":"shipping-taxable","14":"purchasable","15":"product-type-simple"},"_links":{"self":[{"href":"https:\/\/www.fleurop-home.ch\/fr-ch\/wp-json\/wp\/v2\/product\/65133","targetHints":{"allow":["GET"]}}],"collection":[{"href":"https:\/\/www.fleurop-home.ch\/fr-ch\/wp-json\/wp\/v2\/product"}],"about":[{"href":"https:\/\/www.fleurop-home.ch\/fr-ch\/wp-json\/wp\/v2\/types\/product"}],"wp:featuredmedia":[{"embeddable":true,"href":"https:\/\/www.fleurop-home.ch\/fr-ch\/wp-json\/wp\/v2\/media\/65132"}],"wp:attachment":[{"href":"https:\/\/www.fleurop-home.ch\/fr-ch\/wp-json\/wp\/v2\/media?parent=65133"}],"wp:term":[{"taxonomy":"product_brand","embeddable":true,"href":"https:\/\/www.fleurop-home.ch\/fr-ch\/wp-json\/wp\/v2\/product_brand?post=65133"},{"taxonomy":"product_cat","embeddable":true,"href":"https:\/\/www.fleurop-home.ch\/fr-ch\/wp-json\/wp\/v2\/product_cat?post=65133"},{"taxonomy":"product_tag","embeddable":true,"href":"https:\/\/www.fleurop-home.ch\/fr-ch\/wp-json\/wp\/v2\/product_tag?post=65133"},{"taxonomy":"woo-feed-brand","embeddable":true,"href":"https:\/\/www.fleurop-home.ch\/fr-ch\/wp-json\/wp\/v2\/woo-feed-brand?post=65133"}],"curies":[{"name":"wp","href":"https:\/\/api.w.org\/{rel}","templated":true}]}}