{"id":65121,"date":"2025-10-13T15:50:00","date_gmt":"2025-10-13T13:50:00","guid":{"rendered":"https:\/\/www.fleurop-home.ch\/de-ch\/p\/silikon-trinkbecher-rost"},"modified":"2026-01-05T14:03:25","modified_gmt":"2026-01-05T13:03:25","slug":"gobelet-en-silicone-rouille","status":"publish","type":"product","link":"https:\/\/www.fleurop-home.ch\/fr-ch\/p\/silikon-trinkbecher-rost","title":{"rendered":"Gobelet en silicone, rouille"},"content":{"rendered":"<p>Mignon gobelet pour enfants en silicone 100% sans BPA, de qualit\u00e9 alimentaire et souple, avec un bouchon \u00e0 vis pratique qui \u00e9vite les renversements g\u00eanants et ne fait pas de bruit ni de d\u00e9g\u00e2ts en cas de chute. Il faut aussi apprendre \u00e0 boire au tube, et ce petit gobelet est parfait pour cela. Approuv\u00e9 par SGS et FDA, les enfants et les b\u00e9b\u00e9s peuvent donc jouer en toute s\u00e9curit\u00e9.<\/p>\n<p>- Le gobelet mesure H 9 cm (H 12,5 cm avec la paille) x \u00d8 6 cm et a une capacit\u00e9 de 200 ml.<br \/>\n- Fermeture permanente<br \/>\n- En silicone de qualit\u00e9 alimentaire<br \/>\n- Ne fait pas de rayures et ne s'ab\u00eeme pas<br \/>\n- Super doux pour que l'enfant ne se blesse pas<\/p>","protected":false},"excerpt":{"rendered":"<p>Gobelet avec paille pour enfants en silicone rouge, 200 ml<\/p>","protected":false},"featured_media":65120,"template":"","meta":[],"product_brand":[],"product_cat":[61,59],"product_tag":[324],"woo-feed-brand":[],"class_list":{"0":"post-65121","1":"product","2":"type-product","3":"status-publish","4":"has-post-thumbnail","6":"product_cat-kindergeschirr","7":"product_cat-kids","8":"product_tag-marein-ag","10":"first","11":"instock","12":"taxable","13":"shipping-taxable","14":"purchasable","15":"product-type-simple"},"_links":{"self":[{"href":"https:\/\/www.fleurop-home.ch\/fr-ch\/wp-json\/wp\/v2\/product\/65121","targetHints":{"allow":["GET"]}}],"collection":[{"href":"https:\/\/www.fleurop-home.ch\/fr-ch\/wp-json\/wp\/v2\/product"}],"about":[{"href":"https:\/\/www.fleurop-home.ch\/fr-ch\/wp-json\/wp\/v2\/types\/product"}],"wp:featuredmedia":[{"embeddable":true,"href":"https:\/\/www.fleurop-home.ch\/fr-ch\/wp-json\/wp\/v2\/media\/65120"}],"wp:attachment":[{"href":"https:\/\/www.fleurop-home.ch\/fr-ch\/wp-json\/wp\/v2\/media?parent=65121"}],"wp:term":[{"taxonomy":"product_brand","embeddable":true,"href":"https:\/\/www.fleurop-home.ch\/fr-ch\/wp-json\/wp\/v2\/product_brand?post=65121"},{"taxonomy":"product_cat","embeddable":true,"href":"https:\/\/www.fleurop-home.ch\/fr-ch\/wp-json\/wp\/v2\/product_cat?post=65121"},{"taxonomy":"product_tag","embeddable":true,"href":"https:\/\/www.fleurop-home.ch\/fr-ch\/wp-json\/wp\/v2\/product_tag?post=65121"},{"taxonomy":"woo-feed-brand","embeddable":true,"href":"https:\/\/www.fleurop-home.ch\/fr-ch\/wp-json\/wp\/v2\/woo-feed-brand?post=65121"}],"curies":[{"name":"wp","href":"https:\/\/api.w.org\/{rel}","templated":true}]}}