{"id":65111,"date":"2025-10-13T15:49:28","date_gmt":"2025-10-13T13:49:28","guid":{"rendered":"https:\/\/www.fleurop-home.ch\/de-ch\/p\/silikon-gabelset-2-tlg"},"modified":"2026-01-05T14:03:25","modified_gmt":"2026-01-05T13:03:25","slug":"set-de-fourchettes-en-silicone-2-pcs","status":"publish","type":"product","link":"https:\/\/www.fleurop-home.ch\/fr-ch\/p\/silikon-gabelset-2-tlg","title":{"rendered":"Set de fourchettes en silicone, 2 pcs"},"content":{"rendered":"<p>Nos fourchettes en silicone ont \u00e9t\u00e9 con\u00e7ues pour les b\u00e9b\u00e9s et les jeunes enfants qui font leurs dents. La texture douce du silicone 100% sans BPA et de qualit\u00e9 alimentaire prot\u00e8ge les gencives douloureuses et les aide \u00e0 faire leurs dents. Le silicone l\u00e9ger mais robuste ne fait pas de d\u00e9g\u00e2ts ou de bruit en cas de chute ou de jeu - parfait quand les petits lancent autour d'eux. Convient au lave-vaisselle et au micro-ondes.<\/p>\n<p>- Set de 2 fourchettes, en beige et gris<br \/>\n- Chaque fourchette mesure 14 cm de long x 3,2 cm de large x 1 cm de haut.<br \/>\n- En silicone agr\u00e9ablement doux, prot\u00e8ge et soutient les gencives des enfants qui font leurs dents.<br \/>\n- Silicone certifi\u00e9 sans BPA et de qualit\u00e9 alimentaire, approuv\u00e9 par SGS &amp; FDA<br \/>\n- R\u00e9sistant au lave-vaisselle, adapt\u00e9 au micro-ondes<\/p>","protected":false},"excerpt":{"rendered":"<p>Set de deux fourchettes pour enfants et b\u00e9b\u00e9 en silicone, gris \/ beige, 14 cm x 1 cm<\/p>","protected":false},"featured_media":65110,"template":"","meta":[],"product_brand":[],"product_cat":[61,59],"product_tag":[324],"woo-feed-brand":[],"class_list":{"0":"post-65111","1":"product","2":"type-product","3":"status-publish","4":"has-post-thumbnail","6":"product_cat-kindergeschirr","7":"product_cat-kids","8":"product_tag-marein-ag","10":"first","11":"instock","12":"taxable","13":"shipping-taxable","14":"purchasable","15":"product-type-simple"},"_links":{"self":[{"href":"https:\/\/www.fleurop-home.ch\/fr-ch\/wp-json\/wp\/v2\/product\/65111","targetHints":{"allow":["GET"]}}],"collection":[{"href":"https:\/\/www.fleurop-home.ch\/fr-ch\/wp-json\/wp\/v2\/product"}],"about":[{"href":"https:\/\/www.fleurop-home.ch\/fr-ch\/wp-json\/wp\/v2\/types\/product"}],"wp:featuredmedia":[{"embeddable":true,"href":"https:\/\/www.fleurop-home.ch\/fr-ch\/wp-json\/wp\/v2\/media\/65110"}],"wp:attachment":[{"href":"https:\/\/www.fleurop-home.ch\/fr-ch\/wp-json\/wp\/v2\/media?parent=65111"}],"wp:term":[{"taxonomy":"product_brand","embeddable":true,"href":"https:\/\/www.fleurop-home.ch\/fr-ch\/wp-json\/wp\/v2\/product_brand?post=65111"},{"taxonomy":"product_cat","embeddable":true,"href":"https:\/\/www.fleurop-home.ch\/fr-ch\/wp-json\/wp\/v2\/product_cat?post=65111"},{"taxonomy":"product_tag","embeddable":true,"href":"https:\/\/www.fleurop-home.ch\/fr-ch\/wp-json\/wp\/v2\/product_tag?post=65111"},{"taxonomy":"woo-feed-brand","embeddable":true,"href":"https:\/\/www.fleurop-home.ch\/fr-ch\/wp-json\/wp\/v2\/woo-feed-brand?post=65111"}],"curies":[{"name":"wp","href":"https:\/\/api.w.org\/{rel}","templated":true}]}}