{"id":65073,"date":"2025-10-13T15:48:07","date_gmt":"2025-10-13T13:48:07","guid":{"rendered":"https:\/\/www.fleurop-home.ch\/de-ch\/p\/kinder-trinkbecher-leo-khaki"},"modified":"2026-01-05T14:03:27","modified_gmt":"2026-01-05T13:03:27","slug":"gobelet-pour-enfants-leo-khaki","status":"publish","type":"product","link":"https:\/\/www.fleurop-home.ch\/fr-ch\/p\/kinder-trinkbecher-leo-khaki","title":{"rendered":"Gobelet pour enfants, L\u00e9o, kaki"},"content":{"rendered":"<p>Notre gobelet pour enfants \"The Mini Sippi\" en kaki avec un adorable lion imprim\u00e9 est le compagnon id\u00e9al pour les petits d\u00e9salt\u00e9rants. Fabriqu\u00e9 en silicone certifi\u00e9 de qualit\u00e9 alimentaire, il passe au micro-ondes et au lave-vaisselle. Ce gobelet est extr\u00eamement doux et s\u00fbr pour les enfants, de sorte que les petits ne peuvent pas se blesser. Son mat\u00e9riau robuste emp\u00eache les rayures et la casse, il est donc \u00e0 la fois pratique et durable. Un charmant compagnon de boisson pour toutes les aventures des petits.<\/p>\n<p>- Gobelet pour enfants en kaki avec un joli lion imprim\u00e9<br \/>\n- Ne fait pas de rayures et ne s'ab\u00eeme pas<br \/>\n- Super doux pour que l'enfant ne se blesse pas<br \/>\n- Passe au micro-ondes et au lave-vaisselle<br \/>\n- Dimensions : diam\u00e8tre 6 cm x hauteur 13 cm (paille incluse), capacit\u00e9 180 ml<br \/>\n- Silicone certifi\u00e9 sans BPA et de qualit\u00e9 alimentaire, approuv\u00e9 par SGS &amp; FDA<\/p>","protected":false},"excerpt":{"rendered":"<p>Gobelet pour enfants \"The Mini Sippi\" avec paille et lion imprim\u00e9, en silicone kaki, 180 ml<\/p>","protected":false},"featured_media":66639,"template":"","meta":[],"product_brand":[],"product_cat":[61,59],"product_tag":[324],"woo-feed-brand":[],"class_list":{"0":"post-65073","1":"product","2":"type-product","3":"status-publish","4":"has-post-thumbnail","6":"product_cat-kindergeschirr","7":"product_cat-kids","8":"product_tag-marein-ag","10":"first","11":"instock","12":"taxable","13":"shipping-taxable","14":"purchasable","15":"product-type-simple"},"_links":{"self":[{"href":"https:\/\/www.fleurop-home.ch\/fr-ch\/wp-json\/wp\/v2\/product\/65073","targetHints":{"allow":["GET"]}}],"collection":[{"href":"https:\/\/www.fleurop-home.ch\/fr-ch\/wp-json\/wp\/v2\/product"}],"about":[{"href":"https:\/\/www.fleurop-home.ch\/fr-ch\/wp-json\/wp\/v2\/types\/product"}],"wp:featuredmedia":[{"embeddable":true,"href":"https:\/\/www.fleurop-home.ch\/fr-ch\/wp-json\/wp\/v2\/media\/66639"}],"wp:attachment":[{"href":"https:\/\/www.fleurop-home.ch\/fr-ch\/wp-json\/wp\/v2\/media?parent=65073"}],"wp:term":[{"taxonomy":"product_brand","embeddable":true,"href":"https:\/\/www.fleurop-home.ch\/fr-ch\/wp-json\/wp\/v2\/product_brand?post=65073"},{"taxonomy":"product_cat","embeddable":true,"href":"https:\/\/www.fleurop-home.ch\/fr-ch\/wp-json\/wp\/v2\/product_cat?post=65073"},{"taxonomy":"product_tag","embeddable":true,"href":"https:\/\/www.fleurop-home.ch\/fr-ch\/wp-json\/wp\/v2\/product_tag?post=65073"},{"taxonomy":"woo-feed-brand","embeddable":true,"href":"https:\/\/www.fleurop-home.ch\/fr-ch\/wp-json\/wp\/v2\/woo-feed-brand?post=65073"}],"curies":[{"name":"wp","href":"https:\/\/api.w.org\/{rel}","templated":true}]}}