{"id":65064,"date":"2025-10-13T15:47:54","date_gmt":"2025-10-13T13:47:54","guid":{"rendered":"https:\/\/www.fleurop-home.ch\/de-ch\/p\/kinderteller-baer-blau"},"modified":"2026-01-05T14:03:27","modified_gmt":"2026-01-05T13:03:27","slug":"assiette-enfant-ours-bleu","status":"publish","type":"product","link":"https:\/\/www.fleurop-home.ch\/fr-ch\/p\/kinderteller-baer-blau","title":{"rendered":"Assiette enfant ourson, bleu"},"content":{"rendered":"<p>Notre assiette pour enfants \"Little Bear\" en silicone bleu clair apporte plaisir et fonctionnalit\u00e9 sur la table \u00e0 manger. Avec sa forme d'ours mignon et sa ventouse pratique pour une tenue s\u00fbre sur les surfaces lisses, elle est parfaite pour les petits mangeurs. Le mat\u00e9riau en silicone \u00e9vite les rayures sur les tables et est extr\u00eamement r\u00e9sistant. Cette assiette passe au micro-ondes et au lave-vaisselle pour une utilisation pratique. Avec des mat\u00e9riaux certifi\u00e9s de qualit\u00e9 alimentaire (sans BPA et approuv\u00e9s par SGS &amp; FDA), nous offrons aux parents s\u00e9curit\u00e9 et confort. L'assiette a un diam\u00e8tre de 17 cm et une hauteur de 3,5 cm.<\/p>\n<p>- Assiette en silicone bleu clair en forme d'ours<br \/>\n- La ventouse pratique permet de tenir sur les surfaces de table lisses<br \/>\n- Ne fait pas de rayures et ne s'ab\u00eeme pas<br \/>\n- Passe au micro-ondes et au lave-vaisselle<br \/>\n- Dimensions : diam\u00e8tre 17 cm x hauteur 3,5 cm<br \/>\n- Silicone certifi\u00e9 sans BPA et de qualit\u00e9 alimentaire, approuv\u00e9 par SGS &amp; FDA<\/p>","protected":false},"excerpt":{"rendered":"<p>Assiette pour enfants \u201cLittle Bear\u201d, en silicone bleu clair, \u00d8 17 cm x H 3.5 cm<\/p>","protected":false},"featured_media":65063,"template":"","meta":[],"product_brand":[],"product_cat":[61,59],"product_tag":[324],"woo-feed-brand":[],"class_list":{"0":"post-65064","1":"product","2":"type-product","3":"status-publish","4":"has-post-thumbnail","6":"product_cat-kindergeschirr","7":"product_cat-kids","8":"product_tag-marein-ag","10":"first","11":"instock","12":"taxable","13":"shipping-taxable","14":"purchasable","15":"product-type-simple"},"_links":{"self":[{"href":"https:\/\/www.fleurop-home.ch\/fr-ch\/wp-json\/wp\/v2\/product\/65064","targetHints":{"allow":["GET"]}}],"collection":[{"href":"https:\/\/www.fleurop-home.ch\/fr-ch\/wp-json\/wp\/v2\/product"}],"about":[{"href":"https:\/\/www.fleurop-home.ch\/fr-ch\/wp-json\/wp\/v2\/types\/product"}],"wp:featuredmedia":[{"embeddable":true,"href":"https:\/\/www.fleurop-home.ch\/fr-ch\/wp-json\/wp\/v2\/media\/65063"}],"wp:attachment":[{"href":"https:\/\/www.fleurop-home.ch\/fr-ch\/wp-json\/wp\/v2\/media?parent=65064"}],"wp:term":[{"taxonomy":"product_brand","embeddable":true,"href":"https:\/\/www.fleurop-home.ch\/fr-ch\/wp-json\/wp\/v2\/product_brand?post=65064"},{"taxonomy":"product_cat","embeddable":true,"href":"https:\/\/www.fleurop-home.ch\/fr-ch\/wp-json\/wp\/v2\/product_cat?post=65064"},{"taxonomy":"product_tag","embeddable":true,"href":"https:\/\/www.fleurop-home.ch\/fr-ch\/wp-json\/wp\/v2\/product_tag?post=65064"},{"taxonomy":"woo-feed-brand","embeddable":true,"href":"https:\/\/www.fleurop-home.ch\/fr-ch\/wp-json\/wp\/v2\/woo-feed-brand?post=65064"}],"curies":[{"name":"wp","href":"https:\/\/api.w.org\/{rel}","templated":true}]}}