{"id":65055,"date":"2025-10-13T15:47:40","date_gmt":"2025-10-13T13:47:40","guid":{"rendered":"https:\/\/www.fleurop-home.ch\/de-ch\/p\/lunchbox-set-rose"},"modified":"2026-01-05T14:03:27","modified_gmt":"2026-01-05T13:03:27","slug":"set-boite-a-lunch-rose","status":"publish","type":"product","link":"https:\/\/www.fleurop-home.ch\/fr-ch\/p\/lunchbox-set-rose","title":{"rendered":"Set de bo\u00eetes \u00e0 lunch Rose"},"content":{"rendered":"<p>Notre set de 2 bo\u00eetes \u00e0 lunch pour enfants ravit avec ses adorables formes de nuages et d'ours en rose et beige. Ces bo\u00eetes de rangement ne sont pas seulement mignonnes, elles sont aussi extr\u00eamement pratiques. Fabriqu\u00e9es en silicone certifi\u00e9 de qualit\u00e9 alimentaire (sans BPA et approuv\u00e9es par SGS &amp; FDA), elles garantissent une conservation s\u00fbre des snacks des enfants. R\u00e9sistants au micro-ondes et au lave-vaisselle, ils sont parfaits pour les voyages et l'\u00e9cole maternelle.<\/p>\n<p>- Lot de 2 bo\u00eetes de rangement pour enfants<br \/>\n- Pour conserver les fruits, les snacks et les sucreries, en voyage ou \u00e0 la maison<br \/>\n- Doux nuages &amp; forme d'ours en rose &amp; beige<br \/>\n- Passe au micro-ondes et au lave-vaisselle<br \/>\n- Dimensions : Nuage : L 11 cm x H 4.7 cm, Ours : L 8 cm x H 4.77 cm<br \/>\n- Silicone certifi\u00e9 sans BPA et de qualit\u00e9 alimentaire, approuv\u00e9 par SGS &amp; FDA<\/p>","protected":false},"excerpt":{"rendered":"<p>Set de bo\u00eetes \u00e0 lunch pour enfants \/ bo\u00eetes \u00e0 go\u00fbter \/ bo\u00eetes de rangement en forme de nuage et d'ours, en silicone rose \/ beige<\/p>","protected":false},"featured_media":65054,"template":"","meta":[],"product_brand":[],"product_cat":[61,59],"product_tag":[324],"woo-feed-brand":[],"class_list":{"0":"post-65055","1":"product","2":"type-product","3":"status-publish","4":"has-post-thumbnail","6":"product_cat-kindergeschirr","7":"product_cat-kids","8":"product_tag-marein-ag","10":"first","11":"instock","12":"taxable","13":"shipping-taxable","14":"purchasable","15":"product-type-simple"},"_links":{"self":[{"href":"https:\/\/www.fleurop-home.ch\/fr-ch\/wp-json\/wp\/v2\/product\/65055","targetHints":{"allow":["GET"]}}],"collection":[{"href":"https:\/\/www.fleurop-home.ch\/fr-ch\/wp-json\/wp\/v2\/product"}],"about":[{"href":"https:\/\/www.fleurop-home.ch\/fr-ch\/wp-json\/wp\/v2\/types\/product"}],"wp:featuredmedia":[{"embeddable":true,"href":"https:\/\/www.fleurop-home.ch\/fr-ch\/wp-json\/wp\/v2\/media\/65054"}],"wp:attachment":[{"href":"https:\/\/www.fleurop-home.ch\/fr-ch\/wp-json\/wp\/v2\/media?parent=65055"}],"wp:term":[{"taxonomy":"product_brand","embeddable":true,"href":"https:\/\/www.fleurop-home.ch\/fr-ch\/wp-json\/wp\/v2\/product_brand?post=65055"},{"taxonomy":"product_cat","embeddable":true,"href":"https:\/\/www.fleurop-home.ch\/fr-ch\/wp-json\/wp\/v2\/product_cat?post=65055"},{"taxonomy":"product_tag","embeddable":true,"href":"https:\/\/www.fleurop-home.ch\/fr-ch\/wp-json\/wp\/v2\/product_tag?post=65055"},{"taxonomy":"woo-feed-brand","embeddable":true,"href":"https:\/\/www.fleurop-home.ch\/fr-ch\/wp-json\/wp\/v2\/woo-feed-brand?post=65055"}],"curies":[{"name":"wp","href":"https:\/\/api.w.org\/{rel}","templated":true}]}}