{"id":65046,"date":"2025-10-13T15:47:28","date_gmt":"2025-10-13T13:47:28","guid":{"rendered":"https:\/\/www.fleurop-home.ch\/de-ch\/p\/lunchbox-set-blue"},"modified":"2026-01-05T14:03:28","modified_gmt":"2026-01-05T13:03:28","slug":"set-boite-a-lunch-blue","status":"publish","type":"product","link":"https:\/\/www.fleurop-home.ch\/fr-ch\/p\/lunchbox-set-blue","title":{"rendered":"Set de bo\u00eetes \u00e0 lunch, Blue"},"content":{"rendered":"<p>Notre set de 2 bo\u00eetes \u00e0 lunch pour enfants ravit avec ses adorables formes de nuages et d'ours en bleu clair et bleu fonc\u00e9. Ces bo\u00eetes de rangement ne sont pas seulement mignonnes, elles sont aussi extr\u00eamement pratiques. Fabriqu\u00e9es en silicone certifi\u00e9e de qualit\u00e9 alimentaire (sans BPA et approuv\u00e9es par SGS &amp; FDA), elles garantissent une conservation s\u00fbre des snacks pour enfants. R\u00e9sistants au micro-ondes et au lave-vaisselle, ils sont parfaits pour les voyages et l'\u00e9cole maternelle.<\/p>\n<p>- Lot de 2 bo\u00eetes de rangement pour enfants<br \/>\n- Pour la conservation des fruits, des snacks et des friandises, et<br \/>\n- Doux nuages &amp; forme d'ours en bleu clair &amp; bleu fonc\u00e9<br \/>\n- Passe au micro-ondes et au lave-vaisselle<br \/>\n- Dimensions : Nuage : L 11 cm x H 4.7 cm, Ours : L 8 cm x H 4.7 cm<br \/>\n- Silicone certifi\u00e9 sans BPA et de qualit\u00e9 alimentaire, approuv\u00e9 par SGS &amp; FDA<\/p>","protected":false},"excerpt":{"rendered":"<p>Set de bo\u00eetes \u00e0 lunch pour enfants \/ bo\u00eetes \u00e0 go\u00fbter \/ bo\u00eetes de rangement en forme de nuage et d'ours, en silicone bleu clair \/ bleu fonc\u00e9<\/p>","protected":false},"featured_media":65045,"template":"","meta":[],"product_brand":[],"product_cat":[61,59],"product_tag":[324],"woo-feed-brand":[],"class_list":{"0":"post-65046","1":"product","2":"type-product","3":"status-publish","4":"has-post-thumbnail","6":"product_cat-kindergeschirr","7":"product_cat-kids","8":"product_tag-marein-ag","10":"first","11":"instock","12":"taxable","13":"shipping-taxable","14":"purchasable","15":"product-type-simple"},"_links":{"self":[{"href":"https:\/\/www.fleurop-home.ch\/fr-ch\/wp-json\/wp\/v2\/product\/65046","targetHints":{"allow":["GET"]}}],"collection":[{"href":"https:\/\/www.fleurop-home.ch\/fr-ch\/wp-json\/wp\/v2\/product"}],"about":[{"href":"https:\/\/www.fleurop-home.ch\/fr-ch\/wp-json\/wp\/v2\/types\/product"}],"wp:featuredmedia":[{"embeddable":true,"href":"https:\/\/www.fleurop-home.ch\/fr-ch\/wp-json\/wp\/v2\/media\/65045"}],"wp:attachment":[{"href":"https:\/\/www.fleurop-home.ch\/fr-ch\/wp-json\/wp\/v2\/media?parent=65046"}],"wp:term":[{"taxonomy":"product_brand","embeddable":true,"href":"https:\/\/www.fleurop-home.ch\/fr-ch\/wp-json\/wp\/v2\/product_brand?post=65046"},{"taxonomy":"product_cat","embeddable":true,"href":"https:\/\/www.fleurop-home.ch\/fr-ch\/wp-json\/wp\/v2\/product_cat?post=65046"},{"taxonomy":"product_tag","embeddable":true,"href":"https:\/\/www.fleurop-home.ch\/fr-ch\/wp-json\/wp\/v2\/product_tag?post=65046"},{"taxonomy":"woo-feed-brand","embeddable":true,"href":"https:\/\/www.fleurop-home.ch\/fr-ch\/wp-json\/wp\/v2\/woo-feed-brand?post=65046"}],"curies":[{"name":"wp","href":"https:\/\/api.w.org\/{rel}","templated":true}]}}