{"id":65042,"date":"2025-10-13T15:47:24","date_gmt":"2025-10-13T13:47:24","guid":{"rendered":"https:\/\/www.fleurop-home.ch\/de-ch\/p\/kindertischset-oval-48x30beige"},"modified":"2026-01-05T14:03:28","modified_gmt":"2026-01-05T13:03:28","slug":"set-de-table-enfant-ovale-48x30beige","status":"publish","type":"product","link":"https:\/\/www.fleurop-home.ch\/fr-ch\/p\/kindertischset-oval-48x30beige","title":{"rendered":"Set de table pour enfant, ovale, 48\u00d730,beige"},"content":{"rendered":"<p>Notre set de table semi-circulaire pour enfants, de couleur beige neutre, cr\u00e9e un environnement de repas adapt\u00e9 aux enfants. Le mat\u00e9riau en silicone est r\u00e9sistant au lave-vaisselle, ce qui rend le nettoyage facile. Avec ses dimensions g\u00e9n\u00e9reuses de 48 x 30 cm, ce set de table en silicone certifi\u00e9 de qualit\u00e9 alimentaire (sans BPA et approuv\u00e9 par SGS &amp; FDA) offre suffisamment de place pour les assiettes et la vaisselle des enfants.<\/p>\n<p>- Set de table semi-circulaire en silicone beige<br \/>\n- R\u00e9sistant au lave-vaisselle<br \/>\n- Dimensions : 48 x 30 cm<br \/>\n- Silicone certifi\u00e9 sans BPA et de qualit\u00e9 alimentaire, approuv\u00e9 par SGS &amp; FDA<\/p>","protected":false},"excerpt":{"rendered":"<p>Set de table semi-circulaire pour enfants, 48 x 30 cm, en silicone beige<\/p>","protected":false},"featured_media":65041,"template":"","meta":[],"product_brand":[],"product_cat":[61,59],"product_tag":[324],"woo-feed-brand":[],"class_list":{"0":"post-65042","1":"product","2":"type-product","3":"status-publish","4":"has-post-thumbnail","6":"product_cat-kindergeschirr","7":"product_cat-kids","8":"product_tag-marein-ag","10":"first","11":"instock","12":"taxable","13":"shipping-taxable","14":"purchasable","15":"product-type-simple"},"_links":{"self":[{"href":"https:\/\/www.fleurop-home.ch\/fr-ch\/wp-json\/wp\/v2\/product\/65042","targetHints":{"allow":["GET"]}}],"collection":[{"href":"https:\/\/www.fleurop-home.ch\/fr-ch\/wp-json\/wp\/v2\/product"}],"about":[{"href":"https:\/\/www.fleurop-home.ch\/fr-ch\/wp-json\/wp\/v2\/types\/product"}],"wp:featuredmedia":[{"embeddable":true,"href":"https:\/\/www.fleurop-home.ch\/fr-ch\/wp-json\/wp\/v2\/media\/65041"}],"wp:attachment":[{"href":"https:\/\/www.fleurop-home.ch\/fr-ch\/wp-json\/wp\/v2\/media?parent=65042"}],"wp:term":[{"taxonomy":"product_brand","embeddable":true,"href":"https:\/\/www.fleurop-home.ch\/fr-ch\/wp-json\/wp\/v2\/product_brand?post=65042"},{"taxonomy":"product_cat","embeddable":true,"href":"https:\/\/www.fleurop-home.ch\/fr-ch\/wp-json\/wp\/v2\/product_cat?post=65042"},{"taxonomy":"product_tag","embeddable":true,"href":"https:\/\/www.fleurop-home.ch\/fr-ch\/wp-json\/wp\/v2\/product_tag?post=65042"},{"taxonomy":"woo-feed-brand","embeddable":true,"href":"https:\/\/www.fleurop-home.ch\/fr-ch\/wp-json\/wp\/v2\/woo-feed-brand?post=65042"}],"curies":[{"name":"wp","href":"https:\/\/api.w.org\/{rel}","templated":true}]}}