{"id":65035,"date":"2025-10-13T15:47:15","date_gmt":"2025-10-13T13:47:15","guid":{"rendered":"https:\/\/www.fleurop-home.ch\/de-ch\/p\/95x75cm-baumwoll-baby-stilltuch-musselin-sichtschutz-stillschal-deck"},"modified":"2026-01-05T14:03:28","modified_gmt":"2026-01-05T13:03:28","slug":"95x75cm-drap-dallaitement-en-coton-pour-bebe-musselin-protection-visuelle-echarpe-dallaitement-couverture","status":"publish","type":"product","link":"https:\/\/www.fleurop-home.ch\/fr-ch\/p\/95x75cm-baumwoll-baby-stilltuch-musselin-sichtschutz-stillschal-deck","title":{"rendered":"(95x75cm) Tissu d'allaitement pour b\u00e9b\u00e9 en coton mousseline Protection visuelle \u00e9charpe d'allaitement Deck"},"content":{"rendered":"<p>Avec ce joli pare-vue en mousseline, la maman et l'enfant sont agr\u00e9ablement prot\u00e9g\u00e9s pendant l'allaitement. L'\u00e9charpe d'allaitement en coton a un tour de cou et une lani\u00e8re renforc\u00e9e qui ne bloque pas la vue du haut vers le b\u00e9b\u00e9. La couverture est \u00e9galement id\u00e9ale comme couverture l\u00e9g\u00e8re pour les poussettes et constitue une belle id\u00e9e de cadeau de naissance.<\/p>\n<p>REMARQUE : le drap d'allaitement peut \u00eatre lav\u00e9 en machine \u00e0 30 \u00baC. N'utilise pas d'adoucissant pour pr\u00e9server la structure du tissu.<\/p>\n<ul>\n<li>Protection visuelle pratique pendant l'allaitement, etc.<\/li>\n<li>Fabriqu\u00e9 en coton de haute qualit\u00e9<\/li>\n<li>Joli ch\u00e2le d'allaitement en mousseline \u00e0 porter autour du cou<\/li>\n<li>Convient aussi comme couverture de poussette<\/li>\n<li>Foulard d'allaitement avec boucle &amp; lani\u00e8re amidonn\u00e9e<\/li>\n<li>La couverture est une excellente id\u00e9e de cadeau de naissance<\/li>\n<\/ul>","protected":false},"excerpt":{"rendered":"<p>(95x75cm) Tissu d'allaitement en coton pour b\u00e9b\u00e9 Mousseline Foulard d'allaitement Couverture \u00e0 porter autour du cou - Beige<\/p>","protected":false},"featured_media":65034,"template":"","meta":[],"product_brand":[],"product_cat":[31,23,59,60],"product_tag":[324],"woo-feed-brand":[],"class_list":{"0":"post-65035","1":"product","2":"type-product","3":"status-publish","4":"has-post-thumbnail","6":"product_cat-heimtextilien","7":"product_cat-home-living","8":"product_cat-kids","9":"product_cat-kindertextilien","10":"product_tag-marein-ag","12":"first","13":"instock","14":"taxable","15":"shipping-taxable","16":"purchasable","17":"product-type-simple"},"_links":{"self":[{"href":"https:\/\/www.fleurop-home.ch\/fr-ch\/wp-json\/wp\/v2\/product\/65035","targetHints":{"allow":["GET"]}}],"collection":[{"href":"https:\/\/www.fleurop-home.ch\/fr-ch\/wp-json\/wp\/v2\/product"}],"about":[{"href":"https:\/\/www.fleurop-home.ch\/fr-ch\/wp-json\/wp\/v2\/types\/product"}],"wp:featuredmedia":[{"embeddable":true,"href":"https:\/\/www.fleurop-home.ch\/fr-ch\/wp-json\/wp\/v2\/media\/65034"}],"wp:attachment":[{"href":"https:\/\/www.fleurop-home.ch\/fr-ch\/wp-json\/wp\/v2\/media?parent=65035"}],"wp:term":[{"taxonomy":"product_brand","embeddable":true,"href":"https:\/\/www.fleurop-home.ch\/fr-ch\/wp-json\/wp\/v2\/product_brand?post=65035"},{"taxonomy":"product_cat","embeddable":true,"href":"https:\/\/www.fleurop-home.ch\/fr-ch\/wp-json\/wp\/v2\/product_cat?post=65035"},{"taxonomy":"product_tag","embeddable":true,"href":"https:\/\/www.fleurop-home.ch\/fr-ch\/wp-json\/wp\/v2\/product_tag?post=65035"},{"taxonomy":"woo-feed-brand","embeddable":true,"href":"https:\/\/www.fleurop-home.ch\/fr-ch\/wp-json\/wp\/v2\/woo-feed-brand?post=65035"}],"curies":[{"name":"wp","href":"https:\/\/api.w.org\/{rel}","templated":true}]}}