{"id":65030,"date":"2025-10-13T15:47:07","date_gmt":"2025-10-13T13:47:07","guid":{"rendered":"https:\/\/www.fleurop-home.ch\/de-ch\/p\/ted-stoffservietten-set-4-stk-natura"},"modified":"2026-03-09T13:46:23","modified_gmt":"2026-03-09T12:46:23","slug":"ted-set-de-serviettes-de-table-en-tissu-4-pcs-natura","status":"publish","type":"product","link":"https:\/\/www.fleurop-home.ch\/fr-ch\/p\/ted-stoffservietten-set-4-stk-natura","title":{"rendered":"Ted Set de serviettes en tissu 4 pcs, natura"},"content":{"rendered":"<p>Les serviettes en tissu r\u00e9utilisables ne sont pas seulement jolies sur la table et de grande qualit\u00e9 au toucher - elles permettent aussi d'\u00e9conomiser les serviettes en papier classiques, car elles peuvent \u00eatre lav\u00e9es et r\u00e9utilis\u00e9es autant de fois que n\u00e9cessaire. Nos serviettes en tissu \"Ted\" en m\u00e9lange de coton et de lin beige mesurent 45 x 45 cm et ont une texture agr\u00e9ablement douce.<\/p>\n<p>- En tissu m\u00e9lang\u00e9 lin\/coton durable<br \/>\n- Peut \u00eatre lav\u00e9 et r\u00e9utilis\u00e9 \u00e0 volont\u00e9<br \/>\n- Texture agr\u00e9ablement douce et de haute qualit\u00e9<br \/>\n- Dimensions : 45 x 45 cm<br \/>\n- Facile \u00e0 entretenir et lavable \u00e0 40<br \/>\n- Coton bio certifi\u00e9 Oeko-Tex Standard 100 et GOTS<br \/>\n- Fabriqu\u00e9 de mani\u00e8re responsable<\/p>","protected":false},"excerpt":{"rendered":"<p>Set de 4 serviettes de table en tissu \u201cTed\u201d en m\u00e9lange de coton et de lin beige, 45 cm x 45 cm<\/p>","protected":false},"featured_media":66352,"template":"","meta":[],"product_brand":[],"product_cat":[1099,1019,1018,984,994,909,1179,911,42,1098],"product_tag":[324],"woo-feed-brand":[],"class_list":{"0":"post-65030","1":"product","2":"type-product","3":"status-publish","4":"has-post-thumbnail","6":"product_cat-tischtextilien","7":"product_cat-osterbrunch","8":"product_cat-ostern","9":"product_cat-silvester","10":"product_cat-silvestertisch","11":"product_cat-weihnachten","12":"product_cat-weihnachtsdeko","13":"product_cat-accessoires","14":"product_cat-kueche","15":"product_cat-textilien","16":"product_tag-marein-ag","18":"first","19":"instock","20":"taxable","21":"shipping-taxable","22":"purchasable","23":"product-type-simple"},"_links":{"self":[{"href":"https:\/\/www.fleurop-home.ch\/fr-ch\/wp-json\/wp\/v2\/product\/65030","targetHints":{"allow":["GET"]}}],"collection":[{"href":"https:\/\/www.fleurop-home.ch\/fr-ch\/wp-json\/wp\/v2\/product"}],"about":[{"href":"https:\/\/www.fleurop-home.ch\/fr-ch\/wp-json\/wp\/v2\/types\/product"}],"wp:featuredmedia":[{"embeddable":true,"href":"https:\/\/www.fleurop-home.ch\/fr-ch\/wp-json\/wp\/v2\/media\/66352"}],"wp:attachment":[{"href":"https:\/\/www.fleurop-home.ch\/fr-ch\/wp-json\/wp\/v2\/media?parent=65030"}],"wp:term":[{"taxonomy":"product_brand","embeddable":true,"href":"https:\/\/www.fleurop-home.ch\/fr-ch\/wp-json\/wp\/v2\/product_brand?post=65030"},{"taxonomy":"product_cat","embeddable":true,"href":"https:\/\/www.fleurop-home.ch\/fr-ch\/wp-json\/wp\/v2\/product_cat?post=65030"},{"taxonomy":"product_tag","embeddable":true,"href":"https:\/\/www.fleurop-home.ch\/fr-ch\/wp-json\/wp\/v2\/product_tag?post=65030"},{"taxonomy":"woo-feed-brand","embeddable":true,"href":"https:\/\/www.fleurop-home.ch\/fr-ch\/wp-json\/wp\/v2\/woo-feed-brand?post=65030"}],"curies":[{"name":"wp","href":"https:\/\/api.w.org\/{rel}","templated":true}]}}