{"id":64993,"date":"2025-10-13T15:45:23","date_gmt":"2025-10-13T13:45:23","guid":{"rendered":"https:\/\/www.fleurop-home.ch\/de-ch\/p\/schilf-teppich-rund-d80cm"},"modified":"2026-01-05T14:03:31","modified_gmt":"2026-01-05T13:03:31","slug":"tapis-de-roseau-rond-d80cm","status":"publish","type":"product","link":"https:\/\/www.fleurop-home.ch\/fr-ch\/p\/schilf-teppich-rund-d80cm","title":{"rendered":"Tapis de roseau, rond, D80cm"},"content":{"rendered":"<p>Le tapis est tiss\u00e9 \u00e0 la main et fabriqu\u00e9 \u00e0 partir de roseaux naturels de haute qualit\u00e9, ce qui lui donne un look d\u00e9contract\u00e9 et intime.<\/p>\n<p>- Tapis rond en roseau naturel<br \/>\n- Id\u00e9al pour les petites surfaces au sol<br \/>\n- Dimensions : \u00d8 80 cm<\/p>","protected":false},"excerpt":{"rendered":"<p>Tapis rond tress\u00e9 en roseau naturel, \u00d8 80 cm<\/p>","protected":false},"featured_media":64992,"template":"","meta":[],"product_brand":[],"product_cat":[31,23],"product_tag":[324],"woo-feed-brand":[],"class_list":{"0":"post-64993","1":"product","2":"type-product","3":"status-publish","4":"has-post-thumbnail","6":"product_cat-heimtextilien","7":"product_cat-home-living","8":"product_tag-marein-ag","10":"first","11":"instock","12":"taxable","13":"shipping-taxable","14":"purchasable","15":"product-type-simple"},"_links":{"self":[{"href":"https:\/\/www.fleurop-home.ch\/fr-ch\/wp-json\/wp\/v2\/product\/64993","targetHints":{"allow":["GET"]}}],"collection":[{"href":"https:\/\/www.fleurop-home.ch\/fr-ch\/wp-json\/wp\/v2\/product"}],"about":[{"href":"https:\/\/www.fleurop-home.ch\/fr-ch\/wp-json\/wp\/v2\/types\/product"}],"wp:featuredmedia":[{"embeddable":true,"href":"https:\/\/www.fleurop-home.ch\/fr-ch\/wp-json\/wp\/v2\/media\/64992"}],"wp:attachment":[{"href":"https:\/\/www.fleurop-home.ch\/fr-ch\/wp-json\/wp\/v2\/media?parent=64993"}],"wp:term":[{"taxonomy":"product_brand","embeddable":true,"href":"https:\/\/www.fleurop-home.ch\/fr-ch\/wp-json\/wp\/v2\/product_brand?post=64993"},{"taxonomy":"product_cat","embeddable":true,"href":"https:\/\/www.fleurop-home.ch\/fr-ch\/wp-json\/wp\/v2\/product_cat?post=64993"},{"taxonomy":"product_tag","embeddable":true,"href":"https:\/\/www.fleurop-home.ch\/fr-ch\/wp-json\/wp\/v2\/product_tag?post=64993"},{"taxonomy":"woo-feed-brand","embeddable":true,"href":"https:\/\/www.fleurop-home.ch\/fr-ch\/wp-json\/wp\/v2\/woo-feed-brand?post=64993"}],"curies":[{"name":"wp","href":"https:\/\/api.w.org\/{rel}","templated":true}]}}