{"id":64984,"date":"2025-10-13T15:44:58","date_gmt":"2025-10-13T13:44:58","guid":{"rendered":"https:\/\/www.fleurop-home.ch\/de-ch\/p\/fischgraet-decke-blush-130x170cm"},"modified":"2026-01-05T14:03:31","modified_gmt":"2026-01-05T13:03:31","slug":"fischgraet-couverture-blush-130x170cm","status":"publish","type":"product","link":"https:\/\/www.fleurop-home.ch\/fr-ch\/p\/fischgraet-decke-blush-130x170cm","title":{"rendered":"Couverture \u00e0 chevrons, Blush, 130x170cm"},"content":{"rendered":"<p>Ce plaid en coton doux et moelleux apporte une touche de couleur fra\u00eeche \u00e0 ton int\u00e9rieur. L'orange doux et branch\u00e9 se combine merveilleusement bien avec les tons de beige ou de vert et cr\u00e9e une ambiance pleine de style.<\/p>\n<p>- Coton super doux de qualit\u00e9<br \/>\n- Doux et moelleux<br \/>\n- Facile \u00e0 entretenir, lavable \u00e0 30 degr\u00e9s<br \/>\n- Noble motif tiss\u00e9 en zigzag<br \/>\n- Teinture de haute qualit\u00e9 qui ne se d\u00e9colore pas m\u00eame apr\u00e8s de nombreux lavages<br \/>\n- Mesure standard 130 x 170 cm<\/p>","protected":false},"excerpt":{"rendered":"<p>Couverture en coton couleur p\u00eache avec motif tiss\u00e9 en zigzag, 130 x 170 cm<\/p>","protected":false},"featured_media":66258,"template":"","meta":[],"product_brand":[],"product_cat":[31,23],"product_tag":[324],"woo-feed-brand":[],"class_list":{"0":"post-64984","1":"product","2":"type-product","3":"status-publish","4":"has-post-thumbnail","6":"product_cat-heimtextilien","7":"product_cat-home-living","8":"product_tag-marein-ag","10":"first","11":"instock","12":"taxable","13":"shipping-taxable","14":"purchasable","15":"product-type-simple"},"_links":{"self":[{"href":"https:\/\/www.fleurop-home.ch\/fr-ch\/wp-json\/wp\/v2\/product\/64984","targetHints":{"allow":["GET"]}}],"collection":[{"href":"https:\/\/www.fleurop-home.ch\/fr-ch\/wp-json\/wp\/v2\/product"}],"about":[{"href":"https:\/\/www.fleurop-home.ch\/fr-ch\/wp-json\/wp\/v2\/types\/product"}],"wp:featuredmedia":[{"embeddable":true,"href":"https:\/\/www.fleurop-home.ch\/fr-ch\/wp-json\/wp\/v2\/media\/66258"}],"wp:attachment":[{"href":"https:\/\/www.fleurop-home.ch\/fr-ch\/wp-json\/wp\/v2\/media?parent=64984"}],"wp:term":[{"taxonomy":"product_brand","embeddable":true,"href":"https:\/\/www.fleurop-home.ch\/fr-ch\/wp-json\/wp\/v2\/product_brand?post=64984"},{"taxonomy":"product_cat","embeddable":true,"href":"https:\/\/www.fleurop-home.ch\/fr-ch\/wp-json\/wp\/v2\/product_cat?post=64984"},{"taxonomy":"product_tag","embeddable":true,"href":"https:\/\/www.fleurop-home.ch\/fr-ch\/wp-json\/wp\/v2\/product_tag?post=64984"},{"taxonomy":"woo-feed-brand","embeddable":true,"href":"https:\/\/www.fleurop-home.ch\/fr-ch\/wp-json\/wp\/v2\/woo-feed-brand?post=64984"}],"curies":[{"name":"wp","href":"https:\/\/api.w.org\/{rel}","templated":true}]}}