{"id":64973,"date":"2025-10-13T15:44:38","date_gmt":"2025-10-13T13:44:38","guid":{"rendered":"https:\/\/www.fleurop-home.ch\/de-ch\/p\/handtuch-waffel-dunkelblau"},"modified":"2026-01-05T14:03:32","modified_gmt":"2026-01-05T13:03:32","slug":"serviette-gaufree-bleu-fonce","status":"publish","type":"product","link":"https:\/\/www.fleurop-home.ch\/fr-ch\/p\/handtuch-waffel-dunkelblau","title":{"rendered":"Serviette de toilette, gaufrette, bleu fonc\u00e9"},"content":{"rendered":"<p>Notre torchon discret en coton gaufr\u00e9 est intemporel et conf\u00e8re une ambiance raffin\u00e9e \u00e0 ta salle de bain ou \u00e0 ta cuisine. Le coton de haute qualit\u00e9 en piqu\u00e9 gaufr\u00e9 est absorbant et r\u00e9sistant.<\/p>\n<p>- Linge \u00e0 main et de cuisine en coton durable en piqu\u00e9 gaufr\u00e9<br \/>\n- Avec boucle de suspension<br \/>\n- Tr\u00e8s absorbant avec une texture agr\u00e9able qui ne raye pas<br \/>\n- Teinture de haute qualit\u00e9 qui tient m\u00eame apr\u00e8s de nombreux lavages<br \/>\n- 50 x 70 cm<br \/>\n- Lavable \u00e0 40 - 60 degr\u00e9s<br \/>\n- Id\u00e9al pour la cuisine et la salle de bain<\/p>","protected":false},"excerpt":{"rendered":"<p>Serviette bleue en coton piqu\u00e9 gaufr\u00e9<\/p>","protected":false},"featured_media":64972,"template":"","meta":[],"product_brand":[],"product_cat":[1100,42,1098],"product_tag":[324],"woo-feed-brand":[],"class_list":{"0":"post-64973","1":"product","2":"type-product","3":"status-publish","4":"has-post-thumbnail","6":"product_cat-kuechentextilien","7":"product_cat-kueche","8":"product_cat-textilien","9":"product_tag-marein-ag","11":"first","12":"instock","13":"taxable","14":"shipping-taxable","15":"purchasable","16":"product-type-simple"},"_links":{"self":[{"href":"https:\/\/www.fleurop-home.ch\/fr-ch\/wp-json\/wp\/v2\/product\/64973","targetHints":{"allow":["GET"]}}],"collection":[{"href":"https:\/\/www.fleurop-home.ch\/fr-ch\/wp-json\/wp\/v2\/product"}],"about":[{"href":"https:\/\/www.fleurop-home.ch\/fr-ch\/wp-json\/wp\/v2\/types\/product"}],"wp:featuredmedia":[{"embeddable":true,"href":"https:\/\/www.fleurop-home.ch\/fr-ch\/wp-json\/wp\/v2\/media\/64972"}],"wp:attachment":[{"href":"https:\/\/www.fleurop-home.ch\/fr-ch\/wp-json\/wp\/v2\/media?parent=64973"}],"wp:term":[{"taxonomy":"product_brand","embeddable":true,"href":"https:\/\/www.fleurop-home.ch\/fr-ch\/wp-json\/wp\/v2\/product_brand?post=64973"},{"taxonomy":"product_cat","embeddable":true,"href":"https:\/\/www.fleurop-home.ch\/fr-ch\/wp-json\/wp\/v2\/product_cat?post=64973"},{"taxonomy":"product_tag","embeddable":true,"href":"https:\/\/www.fleurop-home.ch\/fr-ch\/wp-json\/wp\/v2\/product_tag?post=64973"},{"taxonomy":"woo-feed-brand","embeddable":true,"href":"https:\/\/www.fleurop-home.ch\/fr-ch\/wp-json\/wp\/v2\/woo-feed-brand?post=64973"}],"curies":[{"name":"wp","href":"https:\/\/api.w.org\/{rel}","templated":true}]}}