{"id":64965,"date":"2025-10-13T15:44:26","date_gmt":"2025-10-13T13:44:26","guid":{"rendered":"https:\/\/www.fleurop-home.ch\/de-ch\/p\/strickdecke-blau-130x170cm"},"modified":"2026-01-05T14:03:32","modified_gmt":"2026-01-05T13:03:32","slug":"couverture-tricotee-bleue-130x170cm","status":"publish","type":"product","link":"https:\/\/www.fleurop-home.ch\/fr-ch\/p\/strickdecke-blau-130x170cm","title":{"rendered":"Couverture en tricot, bleu, 130x170cm"},"content":{"rendered":"<p>Avec ce plaid en coton bleu marine ultra moelleux avec un motif tricot\u00e9 int\u00e9gr\u00e9, on se blottit merveilleusement bien sur le canap\u00e9. Le fil de coton de haute qualit\u00e9 assure une finition exceptionnellement douce.<\/p>","protected":false},"excerpt":{"rendered":"<p>Couverture tricot\u00e9e douce en coton bleu fonc\u00e9, 130 x 170 cm<\/p>","protected":false},"featured_media":64964,"template":"","meta":[],"product_brand":[],"product_cat":[31,23],"product_tag":[324],"woo-feed-brand":[],"class_list":{"0":"post-64965","1":"product","2":"type-product","3":"status-publish","4":"has-post-thumbnail","6":"product_cat-heimtextilien","7":"product_cat-home-living","8":"product_tag-marein-ag","10":"first","11":"instock","12":"taxable","13":"shipping-taxable","14":"purchasable","15":"product-type-simple"},"_links":{"self":[{"href":"https:\/\/www.fleurop-home.ch\/fr-ch\/wp-json\/wp\/v2\/product\/64965","targetHints":{"allow":["GET"]}}],"collection":[{"href":"https:\/\/www.fleurop-home.ch\/fr-ch\/wp-json\/wp\/v2\/product"}],"about":[{"href":"https:\/\/www.fleurop-home.ch\/fr-ch\/wp-json\/wp\/v2\/types\/product"}],"wp:featuredmedia":[{"embeddable":true,"href":"https:\/\/www.fleurop-home.ch\/fr-ch\/wp-json\/wp\/v2\/media\/64964"}],"wp:attachment":[{"href":"https:\/\/www.fleurop-home.ch\/fr-ch\/wp-json\/wp\/v2\/media?parent=64965"}],"wp:term":[{"taxonomy":"product_brand","embeddable":true,"href":"https:\/\/www.fleurop-home.ch\/fr-ch\/wp-json\/wp\/v2\/product_brand?post=64965"},{"taxonomy":"product_cat","embeddable":true,"href":"https:\/\/www.fleurop-home.ch\/fr-ch\/wp-json\/wp\/v2\/product_cat?post=64965"},{"taxonomy":"product_tag","embeddable":true,"href":"https:\/\/www.fleurop-home.ch\/fr-ch\/wp-json\/wp\/v2\/product_tag?post=64965"},{"taxonomy":"woo-feed-brand","embeddable":true,"href":"https:\/\/www.fleurop-home.ch\/fr-ch\/wp-json\/wp\/v2\/woo-feed-brand?post=64965"}],"curies":[{"name":"wp","href":"https:\/\/api.w.org\/{rel}","templated":true}]}}