{"id":64919,"date":"2025-10-13T15:42:27","date_gmt":"2025-10-13T13:42:27","guid":{"rendered":"https:\/\/www.fleurop-home.ch\/de-ch\/p\/boho-baumwolldecke-130x170-cm"},"modified":"2026-01-05T14:03:35","modified_gmt":"2026-01-05T13:03:35","slug":"couverture-en-coton-boho-130x170-cm","status":"publish","type":"product","link":"https:\/\/www.fleurop-home.ch\/fr-ch\/p\/boho-baumwolldecke-130x170-cm","title":{"rendered":"Couverture en coton boho, 130\u00d7170 cm"},"content":{"rendered":"<p>Couverture en coton doux et moelleux avec un motif \u00e0 chevrons tiss\u00e9 dans des tons doux de beige et de marron. Apporte une touche boho discr\u00e8te dans le salon ou la chambre \u00e0 coucher et convainc par sa structure super douce.<\/p>\n<p>- Coton super doux de qualit\u00e9<br \/>\n- Doux et moelleux<br \/>\n- Facile \u00e0 entretenir, lavable \u00e0 30 degr\u00e9s<br \/>\n- Teinture de haute qualit\u00e9 avec motif \u00e0 chevrons qui ne se d\u00e9colore pas m\u00eame apr\u00e8s de nombreux lavages<br \/>\n- Mesure standard 130 x 170 cm<\/p>","protected":false},"excerpt":{"rendered":"<p>Couverture en coton beige marron boho avec motif \u00e0 chevrons incorpor\u00e9, 130 x 170 cm<\/p>","protected":false},"featured_media":65990,"template":"","meta":[],"product_brand":[],"product_cat":[31,23],"product_tag":[324],"woo-feed-brand":[],"class_list":{"0":"post-64919","1":"product","2":"type-product","3":"status-publish","4":"has-post-thumbnail","6":"product_cat-heimtextilien","7":"product_cat-home-living","8":"product_tag-marein-ag","10":"first","11":"instock","12":"taxable","13":"shipping-taxable","14":"purchasable","15":"product-type-simple"},"_links":{"self":[{"href":"https:\/\/www.fleurop-home.ch\/fr-ch\/wp-json\/wp\/v2\/product\/64919","targetHints":{"allow":["GET"]}}],"collection":[{"href":"https:\/\/www.fleurop-home.ch\/fr-ch\/wp-json\/wp\/v2\/product"}],"about":[{"href":"https:\/\/www.fleurop-home.ch\/fr-ch\/wp-json\/wp\/v2\/types\/product"}],"wp:featuredmedia":[{"embeddable":true,"href":"https:\/\/www.fleurop-home.ch\/fr-ch\/wp-json\/wp\/v2\/media\/65990"}],"wp:attachment":[{"href":"https:\/\/www.fleurop-home.ch\/fr-ch\/wp-json\/wp\/v2\/media?parent=64919"}],"wp:term":[{"taxonomy":"product_brand","embeddable":true,"href":"https:\/\/www.fleurop-home.ch\/fr-ch\/wp-json\/wp\/v2\/product_brand?post=64919"},{"taxonomy":"product_cat","embeddable":true,"href":"https:\/\/www.fleurop-home.ch\/fr-ch\/wp-json\/wp\/v2\/product_cat?post=64919"},{"taxonomy":"product_tag","embeddable":true,"href":"https:\/\/www.fleurop-home.ch\/fr-ch\/wp-json\/wp\/v2\/product_tag?post=64919"},{"taxonomy":"woo-feed-brand","embeddable":true,"href":"https:\/\/www.fleurop-home.ch\/fr-ch\/wp-json\/wp\/v2\/woo-feed-brand?post=64919"}],"curies":[{"name":"wp","href":"https:\/\/api.w.org\/{rel}","templated":true}]}}