{"id":64910,"date":"2025-10-13T15:41:58","date_gmt":"2025-10-13T13:41:58","guid":{"rendered":"https:\/\/www.fleurop-home.ch\/de-ch\/p\/gestrickte-lappen-3-stk-blush"},"modified":"2026-01-05T14:03:36","modified_gmt":"2026-01-05T13:03:36","slug":"lingettes-tricotees-3-pcs-blush","status":"publish","type":"product","link":"https:\/\/www.fleurop-home.ch\/fr-ch\/p\/gestrickte-lappen-3-stk-blush","title":{"rendered":"Chiffons tricot\u00e9s, 3 pi\u00e8ces, blush"},"content":{"rendered":"<p>Les trois torchons de qualit\u00e9 sup\u00e9rieure en olive, sauge et rose en coton tricot\u00e9 sont parfaits pour faire la vaisselle ou nettoyer la cuisine et la salle de bain. Elles peuvent \u00e9galement \u00eatre utilis\u00e9es comme serviettes pour le visage ou les mains, car leur structure douce, exempte de microplastiques, assure un nettoyage en douceur.<\/p>\n<p>Les chiffons en coton 100% se lavent \u00e0 environ 40 - 60 degr\u00e9s et mesurent 25 x 25 cm.<\/p>\n<p>- 100% Coton<br \/>\n- Lot de 3 lingettes tricot\u00e9es en trois couleurs<br \/>\n- Id\u00e9al pour la cuisine ou la salle de bain<br \/>\n- R\u00e9sistant avec un pouvoir d'absorption optimal<br \/>\n- Super doux pour un nettoyage en douceur et sans rayures<br \/>\n- Exempt de microplastiques et de produits chimiques<br \/>\n- Lavable \u00e0 40 - 60 degr\u00e9s sans perte de forme<\/p>","protected":false},"excerpt":{"rendered":"<p>Set de chiffons de nettoyage \/ chiffons \u00e0 tricoter en coton pour la cuisine et la salle de bain, couleurs blush, 25 x 25 cm chacun<\/p>","protected":false},"featured_media":64909,"template":"","meta":[],"product_brand":[],"product_cat":[1100,42,1098],"product_tag":[324],"woo-feed-brand":[],"class_list":{"0":"post-64910","1":"product","2":"type-product","3":"status-publish","4":"has-post-thumbnail","6":"product_cat-kuechentextilien","7":"product_cat-kueche","8":"product_cat-textilien","9":"product_tag-marein-ag","11":"first","12":"instock","13":"taxable","14":"shipping-taxable","15":"purchasable","16":"product-type-simple"},"_links":{"self":[{"href":"https:\/\/www.fleurop-home.ch\/fr-ch\/wp-json\/wp\/v2\/product\/64910","targetHints":{"allow":["GET"]}}],"collection":[{"href":"https:\/\/www.fleurop-home.ch\/fr-ch\/wp-json\/wp\/v2\/product"}],"about":[{"href":"https:\/\/www.fleurop-home.ch\/fr-ch\/wp-json\/wp\/v2\/types\/product"}],"wp:featuredmedia":[{"embeddable":true,"href":"https:\/\/www.fleurop-home.ch\/fr-ch\/wp-json\/wp\/v2\/media\/64909"}],"wp:attachment":[{"href":"https:\/\/www.fleurop-home.ch\/fr-ch\/wp-json\/wp\/v2\/media?parent=64910"}],"wp:term":[{"taxonomy":"product_brand","embeddable":true,"href":"https:\/\/www.fleurop-home.ch\/fr-ch\/wp-json\/wp\/v2\/product_brand?post=64910"},{"taxonomy":"product_cat","embeddable":true,"href":"https:\/\/www.fleurop-home.ch\/fr-ch\/wp-json\/wp\/v2\/product_cat?post=64910"},{"taxonomy":"product_tag","embeddable":true,"href":"https:\/\/www.fleurop-home.ch\/fr-ch\/wp-json\/wp\/v2\/product_tag?post=64910"},{"taxonomy":"woo-feed-brand","embeddable":true,"href":"https:\/\/www.fleurop-home.ch\/fr-ch\/wp-json\/wp\/v2\/woo-feed-brand?post=64910"}],"curies":[{"name":"wp","href":"https:\/\/api.w.org\/{rel}","templated":true}]}}