{"id":64905,"date":"2025-10-13T15:41:41","date_gmt":"2025-10-13T13:41:41","guid":{"rendered":"https:\/\/www.fleurop-home.ch\/de-ch\/p\/dakota-kissenbraun-50x50xh12"},"modified":"2026-01-05T14:03:36","modified_gmt":"2026-01-05T13:03:36","slug":"dakota-marron-coussin-50x50xh12","status":"publish","type":"product","link":"https:\/\/www.fleurop-home.ch\/fr-ch\/p\/dakota-kissenbraun-50x50xh12","title":{"rendered":"Coussin Dakota,marron, 50x50xh12"},"content":{"rendered":"<p>Coussin d\u00e9coratif rouge fonc\u00e9, cr\u00e9\u00e9 \u00e0 partir de coton intemporel, au design simple et \u00e0 la structure naturelle des fibres. Gr\u00e2ce \u00e0 la fermeture \u00e9clair sur le c\u00f4t\u00e9, la housse peut \u00eatre retir\u00e9e et lav\u00e9e si n\u00e9cessaire.<\/p>\n<p>- Coussin d\u00e9coratif en coton de qualit\u00e9, doux et facile \u00e0 entretenir<br \/>\n- Unicolore et neutre, s'adapte \u00e0 toutes les ambiances, se combine facilement et joliment avec d'autres couleurs<br \/>\n- Id\u00e9al pour le canap\u00e9 ou la chambre \u00e0 coucher<br \/>\n- Teinture de haute qualit\u00e9 qui tient m\u00eame apr\u00e8s de nombreux lavages<br \/>\n- Fermeture \u00e0 glissi\u00e8re int\u00e9gr\u00e9e cach\u00e9e de la m\u00eame couleur<br \/>\n- Dimensions 50 x 50 cm<\/p>","protected":false},"excerpt":{"rendered":"<p>Coussin d\u00e9coratif rouille \/ coussin d\u00e9coratif en coton avec rembourrage, 50 x 50 cm<\/p>","protected":false},"featured_media":64904,"template":"","meta":[],"product_brand":[],"product_cat":[31,23,909,1179,911],"product_tag":[324],"woo-feed-brand":[],"class_list":{"0":"post-64905","1":"product","2":"type-product","3":"status-publish","4":"has-post-thumbnail","6":"product_cat-heimtextilien","7":"product_cat-home-living","8":"product_cat-weihnachten","9":"product_cat-weihnachtsdeko","10":"product_cat-accessoires","11":"product_tag-marein-ag","13":"first","14":"instock","15":"taxable","16":"shipping-taxable","17":"purchasable","18":"product-type-simple"},"_links":{"self":[{"href":"https:\/\/www.fleurop-home.ch\/fr-ch\/wp-json\/wp\/v2\/product\/64905","targetHints":{"allow":["GET"]}}],"collection":[{"href":"https:\/\/www.fleurop-home.ch\/fr-ch\/wp-json\/wp\/v2\/product"}],"about":[{"href":"https:\/\/www.fleurop-home.ch\/fr-ch\/wp-json\/wp\/v2\/types\/product"}],"wp:featuredmedia":[{"embeddable":true,"href":"https:\/\/www.fleurop-home.ch\/fr-ch\/wp-json\/wp\/v2\/media\/64904"}],"wp:attachment":[{"href":"https:\/\/www.fleurop-home.ch\/fr-ch\/wp-json\/wp\/v2\/media?parent=64905"}],"wp:term":[{"taxonomy":"product_brand","embeddable":true,"href":"https:\/\/www.fleurop-home.ch\/fr-ch\/wp-json\/wp\/v2\/product_brand?post=64905"},{"taxonomy":"product_cat","embeddable":true,"href":"https:\/\/www.fleurop-home.ch\/fr-ch\/wp-json\/wp\/v2\/product_cat?post=64905"},{"taxonomy":"product_tag","embeddable":true,"href":"https:\/\/www.fleurop-home.ch\/fr-ch\/wp-json\/wp\/v2\/product_tag?post=64905"},{"taxonomy":"woo-feed-brand","embeddable":true,"href":"https:\/\/www.fleurop-home.ch\/fr-ch\/wp-json\/wp\/v2\/woo-feed-brand?post=64905"}],"curies":[{"name":"wp","href":"https:\/\/api.w.org\/{rel}","templated":true}]}}