{"id":64870,"date":"2025-10-13T15:40:41","date_gmt":"2025-10-13T13:40:41","guid":{"rendered":"https:\/\/www.fleurop-home.ch\/de-ch\/p\/ted-ofenhandschuh-natur"},"modified":"2026-01-05T14:03:38","modified_gmt":"2026-01-05T13:03:38","slug":"ted-gant-de-four-nature","status":"publish","type":"product","link":"https:\/\/www.fleurop-home.ch\/fr-ch\/p\/ted-ofenhandschuh-natur","title":{"rendered":"Ted gant de four, naturel"},"content":{"rendered":"<p>Le gant de four de la ligne \"Ted\" en m\u00e9lange de coton et de lin beige est le compl\u00e9ment parfait pour tout \u00e9quipement de cuisine. Avec une taille de 17 cm x 32 cm, ce gant offre une protection fiable contre la chaleur et les br\u00fblures lors de la cuisson et de la p\u00e2tisserie. Le m\u00e9lange coton\/lin est r\u00e9sistant et durable. Les rayures grises et blanches ajoutent une touche de style et de modernit\u00e9 \u00e0 l'int\u00e9rieur de la cuisine. Nous attachons une grande importance \u00e0 une production responsable et avons donc veill\u00e9 \u00e0 ce que ce produit soit \u00e9galement produit dans des conditions \u00e9quitables.<\/p>\n<p>- Gant de four beige<br \/>\n- Fabriqu\u00e9 en coton bio 50% &amp; en lin 50%<br \/>\n- Dimensions : 17 x 32 cm<br \/>\n- Lavable \u00e0 40 degr\u00e9s<br \/>\n- Coton bio certifi\u00e9 Oeko-Tex Standard 100 et GOTS<br \/>\n- Fabriqu\u00e9 de mani\u00e8re responsable<\/p>","protected":false},"excerpt":{"rendered":"<p>Gant de four \u201cTed\u201d en m\u00e9lange de coton et de lin beige, 17 cm x 32 cm<\/p>","protected":false},"featured_media":66609,"template":"","meta":[],"product_brand":[],"product_cat":[1100,42,1098],"product_tag":[324],"woo-feed-brand":[],"class_list":{"0":"post-64870","1":"product","2":"type-product","3":"status-publish","4":"has-post-thumbnail","6":"product_cat-kuechentextilien","7":"product_cat-kueche","8":"product_cat-textilien","9":"product_tag-marein-ag","11":"first","12":"instock","13":"taxable","14":"shipping-taxable","15":"purchasable","16":"product-type-simple"},"_links":{"self":[{"href":"https:\/\/www.fleurop-home.ch\/fr-ch\/wp-json\/wp\/v2\/product\/64870","targetHints":{"allow":["GET"]}}],"collection":[{"href":"https:\/\/www.fleurop-home.ch\/fr-ch\/wp-json\/wp\/v2\/product"}],"about":[{"href":"https:\/\/www.fleurop-home.ch\/fr-ch\/wp-json\/wp\/v2\/types\/product"}],"wp:featuredmedia":[{"embeddable":true,"href":"https:\/\/www.fleurop-home.ch\/fr-ch\/wp-json\/wp\/v2\/media\/66609"}],"wp:attachment":[{"href":"https:\/\/www.fleurop-home.ch\/fr-ch\/wp-json\/wp\/v2\/media?parent=64870"}],"wp:term":[{"taxonomy":"product_brand","embeddable":true,"href":"https:\/\/www.fleurop-home.ch\/fr-ch\/wp-json\/wp\/v2\/product_brand?post=64870"},{"taxonomy":"product_cat","embeddable":true,"href":"https:\/\/www.fleurop-home.ch\/fr-ch\/wp-json\/wp\/v2\/product_cat?post=64870"},{"taxonomy":"product_tag","embeddable":true,"href":"https:\/\/www.fleurop-home.ch\/fr-ch\/wp-json\/wp\/v2\/product_tag?post=64870"},{"taxonomy":"woo-feed-brand","embeddable":true,"href":"https:\/\/www.fleurop-home.ch\/fr-ch\/wp-json\/wp\/v2\/woo-feed-brand?post=64870"}],"curies":[{"name":"wp","href":"https:\/\/api.w.org\/{rel}","templated":true}]}}