{"id":6483,"date":"2020-03-31T18:11:05","date_gmt":"2020-03-31T16:11:05","guid":{"rendered":"https:\/\/www.fleurop-home.ch\/?product=rosenbox-in-bordeauxrot-samt-mit-8-stabilisierten-rosen-burgundy-o-15-cm"},"modified":"2025-04-01T06:57:39","modified_gmt":"2025-04-01T04:57:39","slug":"boite-a-roses-en-velours-bordeaux-avec-8-roses-stabilisees-burgundy-o-15-cm","status":"publish","type":"product","link":"https:\/\/www.fleurop-home.ch\/fr-ch\/p\/rosenbox-in-bordeauxrot-samt-mit-8-stabilisierten-rosen-burgundy-o-15-cm","title":{"rendered":"Bo\u00eete \u00e0 roses en velours rouge bordeaux, avec 15 roses stabilis\u00e9es Burgundy \u00d8 20 cm"},"content":{"rendered":"<p class=\"p1\">Bo\u00eete \u00e0 roses en velours rouge bordeaux, avec 15 roses stabilis\u00e9es Burgundy \u00d8 20 cm<\/p>\n<p>Les roses stabilis\u00e9es, \u00e9galement appel\u00e9es roses \u00e0 l'infini, sont de v\u00e9ritables et magnifiques roses conserv\u00e9es qui durent au moins 2 \u00e0 3 ans.<br \/>\nLa bo\u00eete \u00e0 roses, \u00d8 environ 15 cm, H environ 20 cm, est classique et \u00e9l\u00e9gante dans son design, avec un magnifique tissu en velours et te fera plaisir longtemps chez toi ou \u00e0 toute personne \u00e0 qui tu l'offriras.<\/p>\n<p class=\"p1\">En tant que merveilleuse d\u00e9coration ou cadeau, un vrai coup de c\u0153ur.<\/p>\n<p style=\"text-align: left\"><strong>Conseils d'entretien pour les roses Infinity :<\/strong><\/p>\n<p style=\"text-align: left\">Ne pas mettre dans l'eau ; ne pas placer dans un environnement humide.<\/p>\n<p style=\"text-align: left\">\u00c9viter l'emplacement avec une forte exposition au soleil.<\/p>\n<p style=\"text-align: left\">Pour l'entretien ou le nettoyage, un pinceau doux est id\u00e9al pour enlever la poussi\u00e8re avec pr\u00e9caution.<\/p>","protected":false},"excerpt":{"rendered":"<p>Bo\u00eete \u00e0 roses en velours rouge bordeaux, avec 15 roses stabilis\u00e9es Burgundy \u00d8 20 cm<\/p>","protected":false},"featured_media":36677,"template":"","meta":[],"product_brand":[],"product_cat":[102,23,1000,984,993,999,909,26,916,52,55],"product_tag":[294],"woo-feed-brand":[],"class_list":{"0":"post-6483","1":"product","2":"type-product","3":"status-publish","4":"has-post-thumbnail","6":"product_cat-infinity-rosen","7":"product_cat-home-living","8":"product_cat-valentinstagsdeko","9":"product_cat-silvester","10":"product_cat-silvestergeschenke","11":"product_cat-valentinstag","12":"product_cat-weihnachten","13":"product_cat-blumen-pflanzen","14":"product_cat-praesente","15":"product_cat-geschenke","16":"product_cat-blumige-geschenke","17":"product_tag-the-bloomery","19":"first","20":"instock","21":"taxable","22":"shipping-taxable","23":"purchasable","24":"product-type-simple"},"_links":{"self":[{"href":"https:\/\/www.fleurop-home.ch\/fr-ch\/wp-json\/wp\/v2\/product\/6483","targetHints":{"allow":["GET"]}}],"collection":[{"href":"https:\/\/www.fleurop-home.ch\/fr-ch\/wp-json\/wp\/v2\/product"}],"about":[{"href":"https:\/\/www.fleurop-home.ch\/fr-ch\/wp-json\/wp\/v2\/types\/product"}],"wp:featuredmedia":[{"embeddable":true,"href":"https:\/\/www.fleurop-home.ch\/fr-ch\/wp-json\/wp\/v2\/media\/36677"}],"wp:attachment":[{"href":"https:\/\/www.fleurop-home.ch\/fr-ch\/wp-json\/wp\/v2\/media?parent=6483"}],"wp:term":[{"taxonomy":"product_brand","embeddable":true,"href":"https:\/\/www.fleurop-home.ch\/fr-ch\/wp-json\/wp\/v2\/product_brand?post=6483"},{"taxonomy":"product_cat","embeddable":true,"href":"https:\/\/www.fleurop-home.ch\/fr-ch\/wp-json\/wp\/v2\/product_cat?post=6483"},{"taxonomy":"product_tag","embeddable":true,"href":"https:\/\/www.fleurop-home.ch\/fr-ch\/wp-json\/wp\/v2\/product_tag?post=6483"},{"taxonomy":"woo-feed-brand","embeddable":true,"href":"https:\/\/www.fleurop-home.ch\/fr-ch\/wp-json\/wp\/v2\/woo-feed-brand?post=6483"}],"curies":[{"name":"wp","href":"https:\/\/api.w.org\/{rel}","templated":true}]}}