{"id":64826,"date":"2025-10-13T15:38:51","date_gmt":"2025-10-13T13:38:51","guid":{"rendered":"https:\/\/www.fleurop-home.ch\/de-ch\/p\/2pcs-sushi-set-180ml"},"modified":"2026-01-05T14:03:40","modified_gmt":"2026-01-05T13:03:40","slug":"2pcs-set-de-sushi-180ml","status":"publish","type":"product","link":"https:\/\/www.fleurop-home.ch\/fr-ch\/p\/2pcs-sushi-set-180ml","title":{"rendered":"2pcs Set de sushi, 180ml"},"content":{"rendered":"<p>Ce set de sushi japonais transforme chaque soir\u00e9e de sushi en une exp\u00e9rience authentique et sert la sauce soja, le gingembre et le wasabi avec style dans des coupelles et des petits pots.<\/p>\n<p>- Set \u00e0 sushi japonais avec gla\u00e7age r\u00e9actif<br \/>\n- Id\u00e9al pour servir les sauces soja, le gingembre et la p\u00e2te de wasabi<br \/>\n- Pot de soja : \u00d8 7 cm , hauteur 10 cm, 180 ml<br \/>\n- Bols \u00e0 sauces : Longueur 13 cm, largeur 8 hauteur 2.5 cm, (deux compartiments)<br \/>\n- Convient pour les aliments et passe au lave-vaisselle<\/p>","protected":false},"excerpt":{"rendered":"<p>Set de service pour sushi et sauces glac\u00e9 \u00e0 la main<\/p>","protected":false},"featured_media":64825,"template":"","meta":[],"product_brand":[],"product_cat":[1102,984,994,42,1101,43],"product_tag":[324],"woo-feed-brand":[],"class_list":{"0":"post-64826","1":"product","2":"type-product","3":"status-publish","4":"has-post-thumbnail","6":"product_cat-essen","7":"product_cat-silvester","8":"product_cat-silvestertisch","9":"product_cat-kueche","10":"product_cat-geschirr","11":"product_cat-gedeckter-tisch","12":"product_tag-marein-ag","14":"first","15":"instock","16":"taxable","17":"shipping-taxable","18":"purchasable","19":"product-type-simple"},"_links":{"self":[{"href":"https:\/\/www.fleurop-home.ch\/fr-ch\/wp-json\/wp\/v2\/product\/64826","targetHints":{"allow":["GET"]}}],"collection":[{"href":"https:\/\/www.fleurop-home.ch\/fr-ch\/wp-json\/wp\/v2\/product"}],"about":[{"href":"https:\/\/www.fleurop-home.ch\/fr-ch\/wp-json\/wp\/v2\/types\/product"}],"wp:featuredmedia":[{"embeddable":true,"href":"https:\/\/www.fleurop-home.ch\/fr-ch\/wp-json\/wp\/v2\/media\/64825"}],"wp:attachment":[{"href":"https:\/\/www.fleurop-home.ch\/fr-ch\/wp-json\/wp\/v2\/media?parent=64826"}],"wp:term":[{"taxonomy":"product_brand","embeddable":true,"href":"https:\/\/www.fleurop-home.ch\/fr-ch\/wp-json\/wp\/v2\/product_brand?post=64826"},{"taxonomy":"product_cat","embeddable":true,"href":"https:\/\/www.fleurop-home.ch\/fr-ch\/wp-json\/wp\/v2\/product_cat?post=64826"},{"taxonomy":"product_tag","embeddable":true,"href":"https:\/\/www.fleurop-home.ch\/fr-ch\/wp-json\/wp\/v2\/product_tag?post=64826"},{"taxonomy":"woo-feed-brand","embeddable":true,"href":"https:\/\/www.fleurop-home.ch\/fr-ch\/wp-json\/wp\/v2\/woo-feed-brand?post=64826"}],"curies":[{"name":"wp","href":"https:\/\/api.w.org\/{rel}","templated":true}]}}